{"id":7397,"date":"2025-06-05T02:22:49","date_gmt":"2025-06-05T02:22:49","guid":{"rendered":"https:\/\/www.sky-sprayer.com\/product\/oblicna-crpalka-za-razprsilno-pistolo-ky-t002-3001\/"},"modified":"2025-06-05T02:22:49","modified_gmt":"2025-06-05T02:22:49","slug":"oblicna-crpalka-za-razprsilno-pistolo-ky-t002-3001","status":"publish","type":"product","link":"https:\/\/sky-sprayer.com\/sl\/product\/oblicna-crpalka-za-razprsilno-pistolo-ky-t002-3001\/","title":{"rendered":"Obli\u010dna \u010drpalka za razpr\u0161ilno pi\u0161tolo KY-T002-3001"},"content":{"rendered":"","protected":false},"excerpt":{"rendered":"[wc_variations_table]\n","protected":false},"featured_media":6861,"comment_status":"open","ping_status":"closed","template":"","meta":[],"etheme_brands":[],"product_brand":[],"product_cat":[103],"product_tag":[],"class_list":{"0":"post-7397","1":"product","2":"type-product","3":"status-publish","4":"has-post-thumbnail","6":"product_cat-razprsilnik-s-sprozilcem","8":"first","9":"instock","10":"shipping-taxable","11":"product-type-variable"},"_links":{"self":[{"href":"https:\/\/sky-sprayer.com\/sl\/wp-json\/wp\/v2\/product\/7397","targetHints":{"allow":["GET"]}}],"collection":[{"href":"https:\/\/sky-sprayer.com\/sl\/wp-json\/wp\/v2\/product"}],"about":[{"href":"https:\/\/sky-sprayer.com\/sl\/wp-json\/wp\/v2\/types\/product"}],"replies":[{"embeddable":true,"href":"https:\/\/sky-sprayer.com\/sl\/wp-json\/wp\/v2\/comments?post=7397"}],"version-history":[{"count":0,"href":"https:\/\/sky-sprayer.com\/sl\/wp-json\/wp\/v2\/product\/7397\/revisions"}],"wp:featuredmedia":[{"embeddable":true,"href":"https:\/\/sky-sprayer.com\/sl\/wp-json\/wp\/v2\/media\/6861"}],"wp:attachment":[{"href":"https:\/\/sky-sprayer.com\/sl\/wp-json\/wp\/v2\/media?parent=7397"}],"wp:term":[{"taxonomy":"brand","embeddable":true,"href":"https:\/\/sky-sprayer.com\/sl\/wp-json\/wp\/v2\/etheme_brands?post=7397"},{"taxonomy":"product_brand","embeddable":true,"href":"https:\/\/sky-sprayer.com\/sl\/wp-json\/wp\/v2\/product_brand?post=7397"},{"taxonomy":"product_cat","embeddable":true,"href":"https:\/\/sky-sprayer.com\/sl\/wp-json\/wp\/v2\/product_cat?post=7397"},{"taxonomy":"product_tag","embeddable":true,"href":"https:\/\/sky-sprayer.com\/sl\/wp-json\/wp\/v2\/product_tag?post=7397"}],"curies":[{"name":"wp","href":"https:\/\/api.w.org\/{rel}","templated":true}]}}