{"id":7232,"date":"2025-06-05T01:15:52","date_gmt":"2025-06-05T01:15:52","guid":{"rendered":"https:\/\/www.sky-sprayer.com\/product\/posevna-razprsilna-pistola-s-crpalko-ky-t11-j\/"},"modified":"2025-06-05T01:15:52","modified_gmt":"2025-06-05T01:15:52","slug":"posevna-razprsilna-pistola-s-crpalko-ky-t11-j","status":"publish","type":"product","link":"https:\/\/sky-sprayer.com\/sl\/product\/posevna-razprsilna-pistola-s-crpalko-ky-t11-j\/","title":{"rendered":"Po\u0161evna razpr\u0161ilna pi\u0161tola s \u010drpalko KY-T11-J"},"content":{"rendered":"","protected":false},"excerpt":{"rendered":"[wc_variations_table]\n","protected":false},"featured_media":6801,"comment_status":"open","ping_status":"closed","template":"","meta":[],"etheme_brands":[],"product_brand":[],"product_cat":[103],"product_tag":[],"class_list":{"0":"post-7232","1":"product","2":"type-product","3":"status-publish","4":"has-post-thumbnail","6":"product_cat-razprsilnik-s-sprozilcem","8":"first","9":"instock","10":"shipping-taxable","11":"product-type-variable"},"_links":{"self":[{"href":"https:\/\/sky-sprayer.com\/sl\/wp-json\/wp\/v2\/product\/7232","targetHints":{"allow":["GET"]}}],"collection":[{"href":"https:\/\/sky-sprayer.com\/sl\/wp-json\/wp\/v2\/product"}],"about":[{"href":"https:\/\/sky-sprayer.com\/sl\/wp-json\/wp\/v2\/types\/product"}],"replies":[{"embeddable":true,"href":"https:\/\/sky-sprayer.com\/sl\/wp-json\/wp\/v2\/comments?post=7232"}],"version-history":[{"count":0,"href":"https:\/\/sky-sprayer.com\/sl\/wp-json\/wp\/v2\/product\/7232\/revisions"}],"wp:featuredmedia":[{"embeddable":true,"href":"https:\/\/sky-sprayer.com\/sl\/wp-json\/wp\/v2\/media\/6801"}],"wp:attachment":[{"href":"https:\/\/sky-sprayer.com\/sl\/wp-json\/wp\/v2\/media?parent=7232"}],"wp:term":[{"taxonomy":"brand","embeddable":true,"href":"https:\/\/sky-sprayer.com\/sl\/wp-json\/wp\/v2\/etheme_brands?post=7232"},{"taxonomy":"product_brand","embeddable":true,"href":"https:\/\/sky-sprayer.com\/sl\/wp-json\/wp\/v2\/product_brand?post=7232"},{"taxonomy":"product_cat","embeddable":true,"href":"https:\/\/sky-sprayer.com\/sl\/wp-json\/wp\/v2\/product_cat?post=7232"},{"taxonomy":"product_tag","embeddable":true,"href":"https:\/\/sky-sprayer.com\/sl\/wp-json\/wp\/v2\/product_tag?post=7232"}],"curies":[{"name":"wp","href":"https:\/\/api.w.org\/{rel}","templated":true}]}}