{"id":10865,"date":"2025-05-12T09:13:00","date_gmt":"2025-05-12T09:13:00","guid":{"rendered":"https:\/\/www.sky-sprayer.com\/nas-blog\/"},"modified":"2025-06-06T02:27:37","modified_gmt":"2025-06-06T02:27:37","slug":"nas-blog","status":"publish","type":"page","link":"https:\/\/sky-sprayer.com\/sl\/nas-blog\/","title":{"rendered":"Na\u0161 blog"},"content":{"rendered":"\t\t<div data-elementor-type=\"wp-page\" data-elementor-id=\"10865\" class=\"elementor elementor-10865 elementor-187\" data-elementor-post-type=\"page\">\n\t\t\t\t\t\t<section class=\"elementor-section elementor-top-section elementor-element elementor-element-71d9dffb elementor-section-stretched elementor-section-boxed elementor-section-height-default elementor-section-height-default\" data-id=\"71d9dffb\" data-element_type=\"section\" data-e-type=\"section\" data-settings=\"{&quot;stretch_section&quot;:&quot;section-stretched&quot;,&quot;background_background&quot;:&quot;classic&quot;}\">\n\t\t\t\t\t\t<div class=\"elementor-container elementor-column-gap-no\">\n\t\t\t\t\t<div class=\"elementor-column elementor-col-100 elementor-top-column elementor-element elementor-element-41273c60\" data-id=\"41273c60\" data-element_type=\"column\" data-e-type=\"column\">\n\t\t\t<div class=\"elementor-widget-wrap elementor-element-populated\">\n\t\t\t\t\t\t<div class=\"elementor-element elementor-element-7d82258e elementor-widget elementor-widget-heading\" data-id=\"7d82258e\" data-element_type=\"widget\" data-e-type=\"widget\" data-widget_type=\"heading.default\">\n\t\t\t\t<div class=\"elementor-widget-container\">\n\t\t\t\t\t<h2 class=\"elementor-heading-title elementor-size-default\">Blog<\/h2>\t\t\t\t<\/div>\n\t\t\t\t<\/div>\n\t\t\t\t<div class=\"elementor-element elementor-element-12a58ea6 elementor-widget elementor-widget-text-editor\" data-id=\"12a58ea6\" data-element_type=\"widget\" data-e-type=\"widget\" data-widget_type=\"text-editor.default\">\n\t\t\t\t<div class=\"elementor-widget-container\">\n\t\t\t\t\t\t\t\t\t<p>Odkrijte najnovej\u0161e novice o izdelkih in storitvah. Bodite obve\u0161\u010deni o uvedbi novih izdelkov, posodobitvah storitev in tr\u017enih trendih.<\/p>\t\t\t\t\t\t\t\t<\/div>\n\t\t\t\t<\/div>\n\t\t\t\t\t<\/div>\n\t\t<\/div>\n\t\t\t\t\t<\/div>\n\t\t<\/section>\n\t\t\t\t<section class=\"elementor-section elementor-top-section elementor-element elementor-element-41cfec4 elementor-section-boxed elementor-section-height-default elementor-section-height-default\" data-id=\"41cfec4\" data-element_type=\"section\" data-e-type=\"section\">\n\t\t\t\t\t\t<div class=\"elementor-container elementor-column-gap-no\">\n\t\t\t\t\t<div class=\"elementor-column elementor-col-100 elementor-top-column elementor-element elementor-element-b6fdc02\" data-id=\"b6fdc02\" data-element_type=\"column\" data-e-type=\"column\">\n\t\t\t<div class=\"elementor-widget-wrap elementor-element-populated\">\n\t\t\t\t\t\t<div class=\"elementor-element elementor-element-0b0e6bb elementor-widget elementor-widget-etheme_posts_chess\" data-id=\"0b0e6bb\" data-element_type=\"widget\" data-e-type=\"widget\" data-settings=\"{&quot;navigation&quot;:&quot;button&quot;,&quot;posts_per_page&quot;:6,&quot;navigation_button_type&quot;:&quot;classic&quot;,&quot;query_type&quot;:&quot;all&quot;}\" data-widget_type=\"etheme_posts_chess.default\">\n\t\t\t\t<div class=\"elementor-widget-container\">\n\t\t\t\t\t            <div class=\"etheme-posts-wrapper etheme-posts-wrapper-list etheme-grid\">\r\n                \t\t<article class=\"etheme-post post-7359 post type-post status-publish format-standard has-post-thumbnail hentry category-dogodki category-uncategorized-sl\">\r\n\t\t            <div class=\"etheme-post-image-wrapper etheme-post-image-chess etheme-image-hover etheme-image-hover-scaleIn\">\r\n                <a class=\"etheme-post-image-inner\" href=\"https:\/\/sky-sprayer.com\/sl\/podjetje-sky-sprayer-se-je-uspesno-predstavilo-na-sejmu-v-italiji\/\">\r\n\t                <img decoding=\"async\" src=\"https:\/\/sky-sprayer.com\/wp-content\/uploads\/elementor\/thumbs\/Sky-Spray-fair-Italy-r5z0df18bu5y3e36190rtlevfv8tt7f612gvnc79uc.jpg\" title=\"Sky-Spray-fair-Italy\" alt=\"Sky Sprayer successfully exhibited at the trade fair in Italy\" loading=\"lazy\" \/>                <\/a>\r\n                            <\/div>\r\n                        <div class=\"etheme-post-content inside\">\r\n\t\t\t\t\t\t<h3 class=\"etheme-post-title\">\r\n\t\t<a href=\"https:\/\/sky-sprayer.com\/sl\/podjetje-sky-sprayer-se-je-uspesno-predstavilo-na-sejmu-v-italiji\/\">\r\n\t\t\tPodjetje Sky Sprayer se je uspe\u0161no predstavilo na sejmu v Italiji\t\t<\/a>\r\n\t\t<\/h3>\r\n\t\t\t\t<div class=\"etheme-post-excerpt\">\r\n\t\t\tPodjetje Sky Sprayer se je od 12. do 16. maja 2025 ponosno udele\u017eilo mednarodnega sejma v Italiji, kjer je predstavilo svoje najnovej\u0161e embala\u017ene re\u0161itve za kozmeti\u010dno, farmacevtsko in gospodinjsko industrijo. S sodobnim dizajnom in inovativnimi izdelki je podjetje pritegnilo \u0161tevilne nove stike in okrepilo svojo prisotnost na evropskem trgu. \t\t<\/div>\r\n\t\t\t\t<div class=\"etheme-post-meta-data\">\r\n\t\t\t            <span class=\"etheme-post-author\">\r\n                <img alt='' src='https:\/\/secure.gravatar.com\/avatar\/9bcf638a33067ff1428fd47062b78c033485a06c4bb29aec0c6a9cea5dd978a4?s=40&#038;d=mm&#038;r=g' srcset='https:\/\/secure.gravatar.com\/avatar\/9bcf638a33067ff1428fd47062b78c033485a06c4bb29aec0c6a9cea5dd978a4?s=80&#038;d=mm&#038;r=g 2x' class='avatar avatar-40 photo' height='40' width='40' \/>                by <a href=\"https:\/\/sky-sprayer.com\/sl\/author\/sky\/\">sky<\/a>            <\/span>\r\n\t\t\t\t\t<span class=\"etheme-post-date\">\r\n\t\t<a href=\"https:\/\/sky-sprayer.com\/sl\/2025\/05\/\"><svg version=\"1.1\" xmlns=\"http:\/\/www.w3.org\/2000\/svg\" width=\"1em\" height=\"1em\" viewBox=\"0 0 24 24\">\r\n<path d=\"M22.56 1.68h-2.568v-1.032c0-0.264-0.24-0.576-0.576-0.576h-2.76c-0.264 0-0.576 0.24-0.576 0.576v1.032h-8.28v-1.032c0-0.264-0.24-0.576-0.576-0.576h-2.712c-0.264 0-0.576 0.24-0.576 0.576v1.032h-2.496c-0.264 0-0.552 0.24-0.552 0.576v21.096c0 0.264 0.24 0.576 0.576 0.576h21.096c0.264 0 0.576-0.24 0.576-0.576v-21.12c-0.024-0.312-0.264-0.552-0.576-0.552zM22.032 7.080v15.72h-20.016v-15.72h20.016zM5.136 3.24v-2.040h1.632v2.064h-1.632zM17.232 3.24v-2.040h1.632v2.064h-1.632zM4.608 4.392h2.76c0.264 0 0.576-0.24 0.576-0.576v-1.032h8.256v1.032c0 0.264 0.24 0.576 0.576 0.576h2.736c0.264 0 0.576-0.24 0.576-0.576v-1.032h1.992v3.216h-20.064v-3.216h2.040v1.032c-0.024 0.264 0.216 0.576 0.552 0.576zM19.584 9.096h-15.168v11.664h15.192v-11.664zM18.48 17.232v2.424h-2.424v-2.424h2.424zM18.48 13.704v2.448h-2.424v-2.448h2.424zM18.48 10.176v2.448h-2.424v-2.448h2.424zM14.976 17.232v2.424h-2.4v-2.424h2.4zM14.976 13.704v2.448h-2.4v-2.448h2.4zM14.976 10.176v2.448h-2.4v-2.448h2.4zM9.024 12.624v-2.448h2.424v2.448h-2.424zM9.024 16.152v-2.448h2.424v2.448h-2.424zM11.448 17.232v2.424h-2.424v-2.424h2.424zM7.92 17.232v2.424h-2.424v-2.424h2.424zM7.944 13.704v2.448h-2.424v-2.448h2.424zM7.944 10.176v2.448h-2.424v-2.448h2.424z\"><\/path>\r\n<\/svg> 12 maja, 2025<\/a>\t\t\t<\/span>\r\n\t\t\t\t<span class=\"etheme-post-comments\">\r\n            <a href=\"https:\/\/sky-sprayer.com\/sl\/podjetje-sky-sprayer-se-je-uspesno-predstavilo-na-sejmu-v-italiji\/#respond\"><svg version=\"1.1\" xmlns=\"http:\/\/www.w3.org\/2000\/svg\" width=\"1em\" height=\"1em\" viewBox=\"0 0 24 24\">\r\n\t\t\t\t<path d=\"M21.288 0.528h-18.6c-1.44 0-2.64 1.176-2.64 2.64v12.744c0 1.44 1.176 2.64 2.64 2.64h2.52l2.256 4.56c0.096 0.216 0.336 0.384 0.6 0.384 0.24 0 0.456-0.12 0.6-0.36l2.256-4.536h10.368c1.44 0 2.64-1.176 2.64-2.64v-12.792c0-1.44-1.176-2.64-2.64-2.64zM22.632 3.168v12.744c0 0.72-0.576 1.296-1.296 1.296h-10.824c-0.264 0-0.504 0.144-0.6 0.36l-1.848 3.696-1.848-3.696c-0.096-0.216-0.336-0.384-0.6-0.384h-2.928c-0.696 0-1.272-0.576-1.272-1.272v-12.744c0-0.72 0.576-1.296 1.296-1.296h18.624c0.72 0 1.296 0.576 1.296 1.296z\"><\/path>\r\n\t\t\t<\/svg>0<\/a>\t\t<\/span>\r\n\t\t\t\t<span class=\"etheme-post-share\">\r\n            <a>\r\n                <svg width=\"1em\" height=\"1em\" viewBox=\"0 0 12 12\" xmlns=\"http:\/\/www.w3.org\/2000\/svg\">\r\n                    <path d=\"M9.11773 7.80952C8.5453 7.80952 8.03418 8.03417 7.62558 8.42267C7.54366 8.50459 7.46224 8.60661 7.40093 8.68853L4.10956 6.68526C4.19148 6.46061 4.23219 6.23546 4.23219 5.9902C4.23219 5.74494 4.19148 5.51979 4.10956 5.29514L7.40093 3.31197C7.78942 3.8638 8.42317 4.21158 9.11823 4.21158C10.2837 4.21158 11.224 3.27127 11.224 2.10579C11.224 0.940319 10.2837 0 9.11823 0C7.95276 0 7.01244 0.940319 7.01244 2.10579C7.01244 2.33044 7.05315 2.5556 7.11446 2.78025L3.80249 4.76341C3.414 4.21158 2.78025 3.88441 2.10579 3.88441C0.940319 3.88441 0 4.82473 0 5.9902C0 7.15567 0.940319 8.09599 2.10579 8.09599C2.78025 8.09599 3.414 7.76881 3.80249 7.21699L7.11446 9.22025C7.03254 9.4449 7.01244 9.67006 7.01244 9.89471C7.01244 10.4671 7.23709 10.9783 7.62558 11.3869C8.01407 11.7753 8.5458 12 9.11773 12C9.68966 12 10.2013 11.7753 10.6099 11.3869C10.9984 10.9984 11.223 10.4666 11.223 9.89471C11.223 9.32278 10.9984 8.81116 10.6099 8.40256C10.2214 8.03468 9.68966 7.80952 9.11773 7.80952V7.80952ZM10.6305 9.91481C10.6305 10.3239 10.4671 10.6918 10.2013 10.9778C9.91532 11.2637 9.54693 11.407 9.13834 11.407C8.72974 11.407 8.36135 11.2436 8.07539 10.9778C7.78942 10.6918 7.64619 10.3234 7.64619 9.91481C7.64619 9.50622 7.80953 9.13783 8.07539 8.85186C8.36135 8.5659 8.72974 8.42267 9.13834 8.42267C9.54693 8.42267 9.91532 8.586 10.2013 8.85186C10.4671 9.13783 10.6305 9.50622 10.6305 9.91481ZM7.62508 2.10579C7.62508 1.2881 8.29954 0.613645 9.11723 0.613645C9.93492 0.613645 10.63 1.2881 10.63 2.10579C10.63 2.92348 9.95552 3.59794 9.13783 3.59794C8.32014 3.59794 7.62508 2.92348 7.62508 2.10579V2.10579ZM2.1259 7.50245C1.3082 7.50245 0.633748 6.82799 0.633748 6.0103C0.633748 5.19261 1.3082 4.51816 2.1259 4.51816C2.94359 4.51816 3.61804 5.19261 3.61804 6.0103C3.61804 6.82799 2.94359 7.50245 2.1259 7.50245V7.50245Z\"\/>\r\n                <\/svg>\r\n            <\/a>\r\n\t\t\t                <span class=\"etheme-post-share-popup\">\r\n                                                    <a href=\"https:\/\/www.facebook.com\/sharer.php?u=https:\/\/sky-sprayer.com\/sl\/podjetje-sky-sprayer-se-je-uspesno-predstavilo-na-sejmu-v-italiji\/\" title=\"Share on Facebook\" target=\"_blank\" rel=\"noopener\">\r\n                                    <svg version=\"1.1\" xmlns=\"http:\/\/www.w3.org\/2000\/svg\" fill=\"currentColor\" width=\"1em\" height=\"1em\" viewBox=\"0 0 24 24\">\r\n                                        <path d=\"M13.488 8.256v-3c0-0.84 0.672-1.488 1.488-1.488h1.488v-3.768h-2.976c-2.472 0-4.488 2.016-4.488 4.512v3.744h-3v3.744h3v12h4.512v-12h3l1.488-3.744h-4.512z\"><\/path>\r\n                                    <\/svg>\r\n                                <\/a>\r\n                                                                <a href=\"https:\/\/twitter.com\/share?url=https:\/\/sky-sprayer.com\/sl\/podjetje-sky-sprayer-se-je-uspesno-predstavilo-na-sejmu-v-italiji\/&text=Share on Twitter\" title=\"Share on Twitter\" target=\"_blank\" rel=\"noopener\">\r\n                                    <svg xmlns=\"http:\/\/www.w3.org\/2000\/svg\" width=\"1em\" height=\"1em\" viewBox=\"0 0 32 32\" fill=\"currentColor\"><path d=\"M0.365 32h2.747l10.687-12.444 8.549 12.444h9.305l-12.71-18.447 11.675-13.543h-2.712l-10.152 11.795-8.11-11.805h-9.296l12.252 17.788-12.235 14.212zM4.071 2.067h4.295l19.566 27.995h-4.295l-19.566-27.995z\"><\/path><\/svg>\r\n                                  <\/a>\r\n                                                                <a href=\"https:\/\/www.linkedin.com\/shareArticle?mini=true&url=https:\/\/sky-sprayer.com\/sl\/podjetje-sky-sprayer-se-je-uspesno-predstavilo-na-sejmu-v-italiji\/&title=Share on Linkedin\" title=\"Share on Linkedin\" target=\"_blank\" rel=\"noopener\">\r\n                                    <svg version=\"1.1\" xmlns=\"http:\/\/www.w3.org\/2000\/svg\" fill=\"currentColor\" width=\"1em\" height=\"1em\" viewBox=\"0 0 24 24\">\r\n                                        <path d=\"M0 7.488h5.376v16.512h-5.376v-16.512zM19.992 7.704c-0.048-0.024-0.12-0.048-0.168-0.048-0.072-0.024-0.144-0.024-0.216-0.048-0.288-0.048-0.6-0.096-0.96-0.096-3.12 0-5.112 2.28-5.76 3.144v-3.168h-5.4v16.512h5.376v-9c0 0 4.056-5.64 5.76-1.488 0 3.696 0 10.512 0 10.512h5.376v-11.16c0-2.496-1.704-4.56-4.008-5.16zM5.232 2.616c0 1.445-1.171 2.616-2.616 2.616s-2.616-1.171-2.616-2.616c0-1.445 1.171-2.616 2.616-2.616s2.616 1.171 2.616 2.616z\"><\/path>\r\n                                    <\/svg>\r\n                                  <\/a>\r\n                                                <\/span>\r\n                \t\t<\/span>\r\n\t\t\t\t<\/div>\r\n\t\t            <\/div>\r\n\t\t\t\t<\/article>\r\n\t\t            <\/div>\r\n\t\t\t\t\t\t\t<\/div>\n\t\t\t\t<\/div>\n\t\t\t\t\t<\/div>\n\t\t<\/div>\n\t\t\t\t\t<\/div>\n\t\t<\/section>\n\t\t\t\t<\/div>\n\t\t","protected":false},"excerpt":{"rendered":"<p>Blog Odkrijte najnovej\u0161e novice o izdelkih in storitvah. Bodite obve\u0161\u010deni o uvedbi novih izdelkov, posodobitvah storitev in tr\u017enih trendih. Sky Sprayer successfully exhibited at the&#8230;<\/p>\n","protected":false},"author":1,"featured_media":0,"parent":0,"menu_order":0,"comment_status":"closed","ping_status":"closed","template":"","meta":{"footnotes":""},"class_list":["post-10865","page","type-page","status-publish","hentry"],"_links":{"self":[{"href":"https:\/\/sky-sprayer.com\/sl\/wp-json\/wp\/v2\/pages\/10865","targetHints":{"allow":["GET"]}}],"collection":[{"href":"https:\/\/sky-sprayer.com\/sl\/wp-json\/wp\/v2\/pages"}],"about":[{"href":"https:\/\/sky-sprayer.com\/sl\/wp-json\/wp\/v2\/types\/page"}],"author":[{"embeddable":true,"href":"https:\/\/sky-sprayer.com\/sl\/wp-json\/wp\/v2\/users\/1"}],"replies":[{"embeddable":true,"href":"https:\/\/sky-sprayer.com\/sl\/wp-json\/wp\/v2\/comments?post=10865"}],"version-history":[{"count":0,"href":"https:\/\/sky-sprayer.com\/sl\/wp-json\/wp\/v2\/pages\/10865\/revisions"}],"wp:attachment":[{"href":"https:\/\/sky-sprayer.com\/sl\/wp-json\/wp\/v2\/media?parent=10865"}],"curies":[{"name":"wp","href":"https:\/\/api.w.org\/{rel}","templated":true}]}}