{"id":10714,"date":"2025-05-18T03:37:05","date_gmt":"2025-05-18T03:37:05","guid":{"rendered":"https:\/\/www.sky-sprayer.com\/impressum\/"},"modified":"2025-06-22T00:40:05","modified_gmt":"2025-06-22T00:40:05","slug":"impressum","status":"publish","type":"page","link":"https:\/\/sky-sprayer.com\/sl\/impressum\/","title":{"rendered":"Impresum"},"content":{"rendered":"\t\t<div data-elementor-type=\"wp-page\" data-elementor-id=\"10714\" class=\"elementor elementor-10714 elementor-2444\" data-elementor-post-type=\"page\">\n\t\t\t\t\t\t<section class=\"elementor-section elementor-top-section elementor-element elementor-element-ab2849c elementor-section-stretched elementor-section-boxed elementor-section-height-default elementor-section-height-default\" data-id=\"ab2849c\" data-element_type=\"section\" data-e-type=\"section\" data-settings=\"{&quot;stretch_section&quot;:&quot;section-stretched&quot;,&quot;background_background&quot;:&quot;classic&quot;}\">\n\t\t\t\t\t\t<div class=\"elementor-container elementor-column-gap-no\">\n\t\t\t\t\t<div class=\"elementor-column elementor-col-100 elementor-top-column elementor-element elementor-element-74316a8\" data-id=\"74316a8\" data-element_type=\"column\" data-e-type=\"column\">\n\t\t\t<div class=\"elementor-widget-wrap elementor-element-populated\">\n\t\t\t\t\t\t<div class=\"elementor-element elementor-element-d745c5c elementor-widget elementor-widget-heading\" data-id=\"d745c5c\" data-element_type=\"widget\" data-e-type=\"widget\" data-widget_type=\"heading.default\">\n\t\t\t\t<div class=\"elementor-widget-container\">\n\t\t\t\t\t<h2 class=\"elementor-heading-title elementor-size-default\">Impresum<\/h2>\t\t\t\t<\/div>\n\t\t\t\t<\/div>\n\t\t\t\t\t<\/div>\n\t\t<\/div>\n\t\t\t\t\t<\/div>\n\t\t<\/section>\n\t\t\t\t<section class=\"elementor-section elementor-top-section elementor-element elementor-element-af76453 elementor-section-content-middle elementor-section-boxed elementor-section-height-default elementor-section-height-default\" data-id=\"af76453\" data-element_type=\"section\" data-e-type=\"section\">\n\t\t\t\t\t\t<div class=\"elementor-container elementor-column-gap-custom\">\n\t\t\t\t\t<div class=\"elementor-column elementor-col-100 elementor-top-column elementor-element elementor-element-9189682\" data-id=\"9189682\" data-element_type=\"column\" data-e-type=\"column\">\n\t\t\t<div class=\"elementor-widget-wrap elementor-element-populated\">\n\t\t\t\t\t\t<div class=\"elementor-element elementor-element-36e190f elementor-widget elementor-widget-heading\" data-id=\"36e190f\" data-element_type=\"widget\" data-e-type=\"widget\" data-widget_type=\"heading.default\">\n\t\t\t\t<div class=\"elementor-widget-container\">\n\t\t\t\t\t<h2 class=\"elementor-heading-title elementor-size-default\">Impresum<\/h2>\t\t\t\t<\/div>\n\t\t\t\t<\/div>\n\t\t\t\t\t<\/div>\n\t\t<\/div>\n\t\t\t\t\t<\/div>\n\t\t<\/section>\n\t\t\t\t<section class=\"elementor-section elementor-top-section elementor-element elementor-element-981e643 elementor-section-boxed elementor-section-height-default elementor-section-height-default\" data-id=\"981e643\" data-element_type=\"section\" data-e-type=\"section\">\n\t\t\t\t\t\t<div class=\"elementor-container elementor-column-gap-custom\">\n\t\t\t\t\t<div class=\"elementor-column elementor-col-100 elementor-top-column elementor-element elementor-element-aea9252\" data-id=\"aea9252\" data-element_type=\"column\" data-e-type=\"column\">\n\t\t\t<div class=\"elementor-widget-wrap elementor-element-populated\">\n\t\t\t\t\t\t<div class=\"elementor-element elementor-element-f2f444e elementor-widget elementor-widget-text-editor\" data-id=\"f2f444e\" data-element_type=\"widget\" data-e-type=\"widget\" data-widget_type=\"text-editor.default\">\n\t\t\t\t<div class=\"elementor-widget-container\">\n\t\t\t\t\t\t\t\t\t<p>Podjetje: EURO SKY-DALI PACKING d.o.o.<br \/>Naslov: Zagrad 84, 3000 Celje<br \/>Email: info@dali-skygroup.com<br \/>Website: https:\/\/sky-sprayer.com\/<\/p><p>Razvoj spletnega mesta<br \/>Spletno mesto smo razvili v sodelovanju s ponudnikom spletnih storitev.<\/p><p>Namen spletnega mesta<br \/>Informacije na tem spletnem mestu so namenjene predstavitvi v zvezi z registriranimi osnovnimi dejavnostmi podjetja. Zagotavljamo, da so informacije na tem spletnem mestu resni\u010dne, zanesljive in kakovostne.<br \/>Ne odgovarjamo za morebitne tipkarske napake in si pridr\u017eujemo pravico, da kadar koli brez predhodnega obvestila spremenimo vsebino, \u010de ta ni v skladu s politiko na\u0161ega podjetja.<\/p><p>Pravice uporabe<br \/>To spletno mesto in vsa njegova vsebina sta za\u0161\u010ditena s pravicami industrijske in intelektualne lastnine. Vse informacije, besedila, slike ali druge grafi\u010dne elemente, ki jih najdete na tem spletnem mestu, lahko uporabljate le v osebne, nekomercialne namene. Brez predhodnega pisnega dovoljenja skrbnika jih ni dovoljeno reproducirati, spreminjati, distribuirati, licencirati ali objavljati v kakr\u0161ni koli obliki, v celoti ali delno, za kakr\u0161en koli namen, razen za ogled.<\/p><p>Odpoved odgovornosti<br \/>Prizadevamo si zagotoviti to\u010dnost in a\u017eurnost informacij na tem spletnem mestu. Vendar ne jam\u010dimo za njihovo to\u010dnost ali popolnost in ne prevzemamo odgovornosti za kakr\u0161ne koli te\u017eave, ki izhajajo iz njihove uporabe. Vsi uporabniki uporabljajo objavljeno vsebino na lastno odgovornost.<br \/>Pridr\u017eujemo si pravico, da kadar koli, na kakr\u0161en koli na\u010din, iz kakr\u0161nega koli razloga in brez predhodnega obvestila spremenimo vsebino na\u0161ega spletnega mesta.<\/p><p>Tehnolo\u0161ka izvedba<br \/>Tehnolo\u0161ko izvedbo je v sodelovanju z na\u0161im podjetjem izvedla agencija za programiranje in oblikovanje.<\/p>\t\t\t\t\t\t\t\t<\/div>\n\t\t\t\t<\/div>\n\t\t\t\t<div class=\"elementor-element elementor-element-53f3813 elementor-hidden-tablet elementor-hidden-mobile elementor-widget elementor-widget-theme-etheme_ajax_search_popup\" data-id=\"53f3813\" data-element_type=\"widget\" data-e-type=\"widget\" data-settings=\"{&quot;popup_entrance_animation_duration&quot;:{&quot;unit&quot;:&quot;px&quot;,&quot;size&quot;:0.5,&quot;sizes&quot;:[]},&quot;post_type_content_mobile&quot;:[&quot;image&quot;,&quot;title&quot;],&quot;post_types&quot;:[&quot;product&quot;],&quot;categories&quot;:&quot;yes&quot;,&quot;categories_dynamic_width&quot;:&quot;yes&quot;,&quot;ajax_search&quot;:&quot;yes&quot;,&quot;min_chars&quot;:{&quot;unit&quot;:&quot;px&quot;,&quot;size&quot;:&quot;&quot;,&quot;sizes&quot;:[]},&quot;ajax_search_results_heading_type&quot;:&quot;headings&quot;,&quot;posts_per_page&quot;:{&quot;unit&quot;:&quot;px&quot;,&quot;size&quot;:&quot;&quot;,&quot;sizes&quot;:[]},&quot;post_limit&quot;:{&quot;unit&quot;:&quot;px&quot;,&quot;size&quot;:5,&quot;sizes&quot;:[]},&quot;product_category&quot;:&quot;yes&quot;,&quot;popup_entrance_animation&quot;:&quot;fadeInDown&quot;,&quot;popup_exit_animation&quot;:&quot;fadeInDown&quot;}\" data-widget_type=\"theme-etheme_ajax_search_popup.default\">\n\t\t\t\t<div class=\"elementor-widget-container\">\n\t\t\t\t\t        <div class=\"elementor-button-wrapper\">\r\n            <a class=\"elementor-button etheme-modal-popup-button\" role=\"button\" aria-label=\"Iskanje\" data-popup-id=\"53f3813\">\r\n                \t\t\t<i aria-hidden=\"true\" class=\"et-icon et-zoom\"><\/i>            <\/a>\r\n        <\/div>\r\n                <div class=\"etheme-modal-popup-content-wrapper\" data-id=\"53f3813\" style=\"display: none;\">\r\n\r\n                            <div class=\"etheme-modal-popup-overlay\"><\/div>\r\n            \r\n            <div class=\"etheme-modal-popup-content animated\" data-height=\"auto\">\r\n                                <span class=\"etheme-modal-popup-close inside\">\r\n                        <svg xmlns=\"http:\/\/www.w3.org\/2000\/svg\" width=\"1em\" height=\"1em\" viewBox=\"0 0 24 24\" fill=\"currentColor\">\r\n                            <path d=\"M13.056 12l10.728-10.704c0.144-0.144 0.216-0.336 0.216-0.552 0-0.192-0.072-0.384-0.216-0.528-0.144-0.12-0.336-0.216-0.528-0.216 0 0 0 0 0 0-0.192 0-0.408 0.072-0.528 0.216l-10.728 10.728-10.704-10.728c-0.288-0.288-0.768-0.288-1.056 0-0.168 0.144-0.24 0.336-0.24 0.528 0 0.216 0.072 0.408 0.216 0.552l10.728 10.704-10.728 10.704c-0.144 0.144-0.216 0.336-0.216 0.552s0.072 0.384 0.216 0.528c0.288 0.288 0.768 0.288 1.056 0l10.728-10.728 10.704 10.704c0.144 0.144 0.336 0.216 0.528 0.216s0.384-0.072 0.528-0.216c0.144-0.144 0.216-0.336 0.216-0.528s-0.072-0.384-0.216-0.528l-10.704-10.704z\"><\/path>\r\n                      <\/svg>\r\n                    <\/span>\r\n                                <div class=\"etheme-modal-popup-inner container\">\r\n                    \r\n        <form class=\"etheme-search-form\" role=\"search\" action=\"https:\/\/sky-sprayer.com\/sl\/\" method=\"get\" type=\"popup\">\r\n                    <div class=\"etheme-search-input-form-wrapper-before\">\r\n                    <div class=\"etheme-search-form-heading h2 products-title\">\r\n                Kaj i\u0161\u010de\u0161?            <\/div>\r\n                        <div class=\"etheme-search-input-form-wrapper\">\r\n\r\n                <select style=\"width: 100%; max-width: calc(122px + 1.4em)\"  name='product_cat' id='product_cat' class='etheme-search-form-select'>\n\t<option value='0' selected='selected'>Vse kategorije<\/option>\n\t<option class=\"level-0\" value=\"crpalka-za-kremo\">\u010crpalka za kremo<\/option>\n\t<option class=\"level-0\" value=\"crpalka-za-losjon\">\u010crpalka za losjon<\/option>\n\t<option class=\"level-0\" value=\"crpalka-za-peno\">\u010crpalka za peno<\/option>\n\t<option class=\"level-0\" value=\"plasticna-posoda-za-vlaganje\">Plasti\u010dna posoda za vlaganje<\/option>\n\t<option class=\"level-0\" value=\"razprsilnik-s-sprozilcem\">Razpr\u0161ilnik s spro\u017eilcem<\/option>\n\t<option class=\"level-0\" value=\"razprsilnik-za-meglo\">Razpr\u0161ilnik za meglo<\/option>\n\t<option class=\"level-0\" value=\"steklenica-brez-zraka\">Steklenica brez zraka<\/option>\n\t<option class=\"level-0\" value=\"steklenicka-gela-za-prhanje\">Stekleni\u010dka gela za prhanje<\/option>\n<\/select>\n\r\n                <div class=\"etheme-search-input-wrapper\">\r\n\r\n                    \r\n                    <input placeholder=\"Iskanje izdelkov\" class=\"etheme-search-form-input\" type=\"search\" name=\"s\" title=\"Iskanje\" value=\"\">\r\n\r\n                                            <input type=\"hidden\" name=\"et_search\" value=\"true\">\r\n                    \r\n                                            <input type=\"hidden\" name=\"lang\" value=\"sl\"\/>\r\n                    \r\n\r\n\t                \r\n                    <input type=\"hidden\" name=\"post_type\" value=\"product\">\r\n\r\n                                            <span class=\"etheme-search-form-clear\">\r\n                            <svg xmlns=\"http:\/\/www.w3.org\/2000\/svg\" width=\".7em\" height=\".7em\" viewBox=\"0 0 24 24\" fill=\"currentColor\"><path d=\"M13.056 12l10.728-10.704c0.144-0.144 0.216-0.336 0.216-0.552 0-0.192-0.072-0.384-0.216-0.528-0.144-0.12-0.336-0.216-0.528-0.216 0 0 0 0 0 0-0.192 0-0.408 0.072-0.528 0.216l-10.728 10.728-10.704-10.728c-0.288-0.288-0.768-0.288-1.056 0-0.168 0.144-0.24 0.336-0.24 0.528 0 0.216 0.072 0.408 0.216 0.552l10.728 10.704-10.728 10.704c-0.144 0.144-0.216 0.336-0.216 0.552s0.072 0.384 0.216 0.528c0.288 0.288 0.768 0.288 1.056 0l10.728-10.728 10.704 10.704c0.144 0.144 0.336 0.216 0.528 0.216s0.384-0.072 0.528-0.216c0.144-0.144 0.216-0.336 0.216-0.528s-0.072-0.384-0.216-0.528l-10.704-10.704z\"><\/path><\/svg>\r\n                        <\/span>\r\n                    \r\n                <\/div>\r\n\r\n                <div class=\"etheme-search-form-button-wrapper\">\r\n\r\n                    <button class=\"etheme-search-form-submit\" type=\"submit\" title=\"Iskanje\" aria-label=\"Iskanje\">\r\n\r\n                        \t\t\t<i aria-hidden=\"true\" class=\"et-icon et-zoom\"><\/i><span class=\"button-text\">Raziskave<\/span>\r\n                    <\/button>\r\n                <\/div>\r\n\r\n            <\/div>\r\n            <div class=\"etheme-search-tags flex align-items-center justify-content-center\"><span class=\"etheme-search-tags-title\">Trenutna iskanja:  <\/span><a href=\"https:\/\/sky-sprayer.com\/sl\/izdelki\/?post_type=product&#038;et_search=true&#038;s=Ko\u017ea\">Ko\u017ea<\/a><a href=\"https:\/\/sky-sprayer.com\/sl\/izdelki\/?post_type=product&#038;et_search=true&#038;s=%20Organska\"> Organska<\/a><a href=\"https:\/\/sky-sprayer.com\/sl\/izdelki\/?post_type=product&#038;et_search=true&#038;s=%20Telo\"> Telo<\/a><a href=\"https:\/\/sky-sprayer.com\/sl\/izdelki\/?post_type=product&#038;et_search=true&#038;s=%20Krema\"> Krema<\/a><\/div>        <\/div>\r\n        \t\t\t            <div class=\"etheme-search-additional-content-wrapper\">\r\n                <br\/><div class=\"full-width align-center products-title h2\">Priljubljene kategorije<\/div><br\/>        <link rel=\"stylesheet\" href=\"https:\/\/sky-sprayer.com\/wp-content\/themes\/xstore\/css\/modules\/woocommerce\/global.min.css?ver=1.0\" type=\"text\/css\" media=\"all\" \/> \t\t        <link rel=\"stylesheet\" href=\"https:\/\/sky-sprayer.com\/wp-content\/themes\/xstore\/css\/modules\/woocommerce\/archive.min.css?ver=1.0\" type=\"text\/css\" media=\"all\" \/> \t\t        <link rel=\"stylesheet\" href=\"https:\/\/sky-sprayer.com\/wp-content\/themes\/xstore\/css\/modules\/builders\/categories-carousel.min.css?ver=1.0\" type=\"text\/css\" media=\"all\" \/> \t\t\r\n                <div class=\"swiper-entry \">\r\n\r\n                    <div class=\" slider-4047 categories-grid row\" >\r\n\t\t\t\t\t\t\r\n\t\t\t\t\t\t    <div class=\"category-grid col-xs-12 col-sm-2 columns-6 text-color-dark valign-center style-default content-under product-category product\"\t\t>\r\n\t\t<a aria-label=\"Obi\u0161\u010dite kategorijo izdelka \u010crpalka za kremo\" href=\"https:\/\/sky-sprayer.com\/sl\/kategorija-izdelka\/crpalka-za-kremo\/\"><img fetchpriority=\"high\" decoding=\"async\" src=\"https:\/\/sky-sprayer.com\/wp-content\/uploads\/2025\/05\/Cream-pump-sky-sprayer-300x300.jpg\" alt=\"\u010crpalka za kremo\" width=\"300\" height=\"300\" srcset=\"https:\/\/sky-sprayer.com\/wp-content\/uploads\/2025\/05\/Cream-pump-sky-sprayer-300x300.jpg 300w, https:\/\/sky-sprayer.com\/wp-content\/uploads\/2025\/05\/Cream-pump-sky-sprayer-100x100.jpg 100w, https:\/\/sky-sprayer.com\/wp-content\/uploads\/2025\/05\/Cream-pump-sky-sprayer-150x150.jpg 150w, https:\/\/sky-sprayer.com\/wp-content\/uploads\/2025\/05\/Cream-pump-sky-sprayer-1x1.jpg 1w\" sizes=\"(max-width: 300px) 100vw, 300px\" \/><\/a>\r\n        <div class=\"categories-mask text-center text-uppercase\">\r\n\t\t\t\t\t\t\t<a aria-label=\"Obi\u0161\u010dite kategorijo izdelka \u010crpalka za kremo\" href=\"https:\/\/sky-sprayer.com\/sl\/kategorija-izdelka\/crpalka-za-kremo\/\">                        <h4>\u010crpalka za kremo<\/h4>\r\n                    <\/a>\t\t\t\t\t\t\t<a aria-label=\"Obi\u0161\u010dite kategorijo izdelka \u010crpalka za kremo\" href=\"https:\/\/sky-sprayer.com\/sl\/kategorija-izdelka\/crpalka-za-kremo\/\"> <mark class=\"count\">30 izdelkov<\/mark><\/a>\t\t\t        <\/div>\r\n\t\t\r\n\t\t    \r\n    \r\n    <\/div>\r\n\r\n    <div class=\"category-grid col-xs-12 col-sm-2 columns-6 text-color-dark valign-center style-default content-under product-category product last\"\t\t>\r\n\t\t<a aria-label=\"Obi\u0161\u010dite kategorijo izdelka \u010crpalka za losjon\" href=\"https:\/\/sky-sprayer.com\/sl\/kategorija-izdelka\/crpalka-za-losjon\/\"><img decoding=\"async\" src=\"https:\/\/sky-sprayer.com\/wp-content\/uploads\/2025\/06\/Lotion-pump-sky-sprayer-300x300.jpg\" alt=\"\u010crpalka za losjon\" width=\"300\" height=\"300\" srcset=\"https:\/\/sky-sprayer.com\/wp-content\/uploads\/2025\/06\/Lotion-pump-sky-sprayer-300x300.jpg 300w, https:\/\/sky-sprayer.com\/wp-content\/uploads\/2025\/06\/Lotion-pump-sky-sprayer-150x150.jpg 150w, https:\/\/sky-sprayer.com\/wp-content\/uploads\/2025\/06\/Lotion-pump-sky-sprayer-100x100.jpg 100w, https:\/\/sky-sprayer.com\/wp-content\/uploads\/2025\/06\/Lotion-pump-sky-sprayer-1x1.jpg 1w\" sizes=\"(max-width: 300px) 100vw, 300px\" \/><\/a>\r\n        <div class=\"categories-mask text-center text-uppercase\">\r\n\t\t\t\t\t\t\t<a aria-label=\"Obi\u0161\u010dite kategorijo izdelka \u010crpalka za losjon\" href=\"https:\/\/sky-sprayer.com\/sl\/kategorija-izdelka\/crpalka-za-losjon\/\">                        <h4>\u010crpalka za losjon<\/h4>\r\n                    <\/a>\t\t\t\t\t\t\t<a aria-label=\"Obi\u0161\u010dite kategorijo izdelka \u010crpalka za losjon\" href=\"https:\/\/sky-sprayer.com\/sl\/kategorija-izdelka\/crpalka-za-losjon\/\"> <mark class=\"count\">30 izdelkov<\/mark><\/a>\t\t\t        <\/div>\r\n\t\t\r\n\t\t    \r\n    \r\n    <\/div>\r\n\r\n    <div class=\"category-grid col-xs-12 col-sm-2 columns-6 text-color-dark valign-center style-default content-under product-category product\"\t\t>\r\n\t\t<a aria-label=\"Obi\u0161\u010dite kategorijo izdelka \u010crpalka za peno\" href=\"https:\/\/sky-sprayer.com\/sl\/kategorija-izdelka\/crpalka-za-peno\/\"><img decoding=\"async\" src=\"https:\/\/sky-sprayer.com\/wp-content\/uploads\/2025\/05\/Foam-pump-sky-sprayer-300x300.jpg\" alt=\"\u010crpalka za peno\" width=\"300\" height=\"300\" srcset=\"https:\/\/sky-sprayer.com\/wp-content\/uploads\/2025\/05\/Foam-pump-sky-sprayer-300x300.jpg 300w, https:\/\/sky-sprayer.com\/wp-content\/uploads\/2025\/05\/Foam-pump-sky-sprayer-100x100.jpg 100w, https:\/\/sky-sprayer.com\/wp-content\/uploads\/2025\/05\/Foam-pump-sky-sprayer-150x150.jpg 150w, https:\/\/sky-sprayer.com\/wp-content\/uploads\/2025\/05\/Foam-pump-sky-sprayer-1x1.jpg 1w\" sizes=\"(max-width: 300px) 100vw, 300px\" \/><\/a>\r\n        <div class=\"categories-mask text-center text-uppercase\">\r\n\t\t\t\t\t\t\t<a aria-label=\"Obi\u0161\u010dite kategorijo izdelka \u010crpalka za peno\" href=\"https:\/\/sky-sprayer.com\/sl\/kategorija-izdelka\/crpalka-za-peno\/\">                        <h4>\u010crpalka za peno<\/h4>\r\n                    <\/a>\t\t\t\t\t\t\t<a aria-label=\"Obi\u0161\u010dite kategorijo izdelka \u010crpalka za peno\" href=\"https:\/\/sky-sprayer.com\/sl\/kategorija-izdelka\/crpalka-za-peno\/\"> <mark class=\"count\">22 izdelkov<\/mark><\/a>\t\t\t        <\/div>\r\n\t\t\r\n\t\t    \r\n    \r\n    <\/div>\r\n\r\n    <div class=\"category-grid col-xs-12 col-sm-2 columns-6 text-color-dark valign-center style-default content-under product-category product last\"\t\t>\r\n\t\t<a aria-label=\"Obi\u0161\u010dite kategorijo izdelka Plasti\u010dna posoda za vlaganje\" href=\"https:\/\/sky-sprayer.com\/sl\/kategorija-izdelka\/plasticna-posoda-za-vlaganje\/\"><img loading=\"lazy\" decoding=\"async\" src=\"https:\/\/sky-sprayer.com\/wp-content\/uploads\/2025\/05\/Plastic-container-jar-sky-player-300x300.jpg\" alt=\"Plasti\u010dna posoda za vlaganje\" width=\"300\" height=\"300\" srcset=\"https:\/\/sky-sprayer.com\/wp-content\/uploads\/2025\/05\/Plastic-container-jar-sky-player-300x300.jpg 300w, https:\/\/sky-sprayer.com\/wp-content\/uploads\/2025\/05\/Plastic-container-jar-sky-player-100x100.jpg 100w, https:\/\/sky-sprayer.com\/wp-content\/uploads\/2025\/05\/Plastic-container-jar-sky-player-150x150.jpg 150w, https:\/\/sky-sprayer.com\/wp-content\/uploads\/2025\/05\/Plastic-container-jar-sky-player-1x1.jpg 1w\" sizes=\"(max-width: 300px) 100vw, 300px\" \/><\/a>\r\n        <div class=\"categories-mask text-center text-uppercase\">\r\n\t\t\t\t\t\t\t<a aria-label=\"Obi\u0161\u010dite kategorijo izdelka Plasti\u010dna posoda za vlaganje\" href=\"https:\/\/sky-sprayer.com\/sl\/kategorija-izdelka\/plasticna-posoda-za-vlaganje\/\">                        <h4>Plasti\u010dna posoda za vlaganje<\/h4>\r\n                    <\/a>\t\t\t\t\t\t\t<a aria-label=\"Obi\u0161\u010dite kategorijo izdelka Plasti\u010dna posoda za vlaganje\" href=\"https:\/\/sky-sprayer.com\/sl\/kategorija-izdelka\/plasticna-posoda-za-vlaganje\/\"> <mark class=\"count\">14 izdelkov<\/mark><\/a>\t\t\t        <\/div>\r\n\t\t\r\n\t\t    \r\n    \r\n    <\/div>\r\n\r\n    <div class=\"category-grid col-xs-12 col-sm-2 columns-6 text-color-dark valign-center style-default content-under product-category product\"\t\t>\r\n\t\t<a aria-label=\"Obi\u0161\u010dite kategorijo izdelka Razpr\u0161ilnik s spro\u017eilcem\" href=\"https:\/\/sky-sprayer.com\/sl\/kategorija-izdelka\/razprsilnik-s-sprozilcem\/\"><img loading=\"lazy\" decoding=\"async\" src=\"https:\/\/sky-sprayer.com\/wp-content\/uploads\/2025\/05\/Trigger-sprayer-sky-sprayer-300x300.jpg\" alt=\"Razpr\u0161ilnik s spro\u017eilcem\" width=\"300\" height=\"300\" srcset=\"https:\/\/sky-sprayer.com\/wp-content\/uploads\/2025\/05\/Trigger-sprayer-sky-sprayer-300x300.jpg 300w, https:\/\/sky-sprayer.com\/wp-content\/uploads\/2025\/05\/Trigger-sprayer-sky-sprayer-100x100.jpg 100w, https:\/\/sky-sprayer.com\/wp-content\/uploads\/2025\/05\/Trigger-sprayer-sky-sprayer-150x150.jpg 150w, https:\/\/sky-sprayer.com\/wp-content\/uploads\/2025\/05\/Trigger-sprayer-sky-sprayer-1x1.jpg 1w\" sizes=\"(max-width: 300px) 100vw, 300px\" \/><\/a>\r\n        <div class=\"categories-mask text-center text-uppercase\">\r\n\t\t\t\t\t\t\t<a aria-label=\"Obi\u0161\u010dite kategorijo izdelka Razpr\u0161ilnik s spro\u017eilcem\" href=\"https:\/\/sky-sprayer.com\/sl\/kategorija-izdelka\/razprsilnik-s-sprozilcem\/\">                        <h4>Razpr\u0161ilnik s spro\u017eilcem<\/h4>\r\n                    <\/a>\t\t\t\t\t\t\t<a aria-label=\"Obi\u0161\u010dite kategorijo izdelka Razpr\u0161ilnik s spro\u017eilcem\" href=\"https:\/\/sky-sprayer.com\/sl\/kategorija-izdelka\/razprsilnik-s-sprozilcem\/\"> <mark class=\"count\">66 izdelkov<\/mark><\/a>\t\t\t        <\/div>\r\n\t\t\r\n\t\t    \r\n    \r\n    <\/div>\r\n\r\n    <div class=\"category-grid col-xs-12 col-sm-2 columns-6 text-color-dark valign-center style-default content-under product-category product last\"\t\t>\r\n\t\t<a aria-label=\"Obi\u0161\u010dite kategorijo izdelka Razpr\u0161ilnik za meglo\" href=\"https:\/\/sky-sprayer.com\/sl\/kategorija-izdelka\/razprsilnik-za-meglo\/\"><img loading=\"lazy\" decoding=\"async\" src=\"https:\/\/sky-sprayer.com\/wp-content\/uploads\/2025\/05\/Mist-sprayer-sky-sprayer-300x300.jpg\" alt=\"Razpr\u0161ilnik za meglo\" width=\"300\" height=\"300\" srcset=\"https:\/\/sky-sprayer.com\/wp-content\/uploads\/2025\/05\/Mist-sprayer-sky-sprayer-300x300.jpg 300w, https:\/\/sky-sprayer.com\/wp-content\/uploads\/2025\/05\/Mist-sprayer-sky-sprayer-100x100.jpg 100w, https:\/\/sky-sprayer.com\/wp-content\/uploads\/2025\/05\/Mist-sprayer-sky-sprayer-150x150.jpg 150w, https:\/\/sky-sprayer.com\/wp-content\/uploads\/2025\/05\/Mist-sprayer-sky-sprayer-1x1.jpg 1w\" sizes=\"(max-width: 300px) 100vw, 300px\" \/><\/a>\r\n        <div class=\"categories-mask text-center text-uppercase\">\r\n\t\t\t\t\t\t\t<a aria-label=\"Obi\u0161\u010dite kategorijo izdelka Razpr\u0161ilnik za meglo\" href=\"https:\/\/sky-sprayer.com\/sl\/kategorija-izdelka\/razprsilnik-za-meglo\/\">                        <h4>Razpr\u0161ilnik za meglo<\/h4>\r\n                    <\/a>\t\t\t\t\t\t\t<a aria-label=\"Obi\u0161\u010dite kategorijo izdelka Razpr\u0161ilnik za meglo\" href=\"https:\/\/sky-sprayer.com\/sl\/kategorija-izdelka\/razprsilnik-za-meglo\/\"> <mark class=\"count\">10 izdelkov<\/mark><\/a>\t\t\t        <\/div>\r\n\t\t\r\n\t\t    \r\n    \r\n    <\/div>\r\n\r\n\t\t\t\t\t\t\r\n\t\t\t\t\t\t\r\n                    <\/div> \t\t\t\t\t\r\n\t\t\t\t\t\r\n                <\/div>                 \r\n                \t\t\t\t\r\n\t\t\t\t<br\/><div class=\"full-width text-center\"><a href=\"https:\/\/sky-sprayer.com\/sl\/izdelki\/\" class=\"btn black big\">Oglejte si vse kategorije<\/a><\/div><br\/><br\/>            <\/div>\r\n                        <div class=\"etheme-search-ajax-results\"><\/div>\r\n        <\/form>\r\n                        <\/div>\r\n            <\/div>\r\n        <\/div>\r\n        \t\t\t\t<\/div>\n\t\t\t\t<\/div>\n\t\t\t\t\t<\/div>\n\t\t<\/div>\n\t\t\t\t\t<\/div>\n\t\t<\/section>\n\t\t\t\t<\/div>\n\t\t","protected":false},"excerpt":{"rendered":"<p>Impresum Impresum Podjetje: EURO SKY-DALI PACKING d.o.o.Naslov: Zagrad 84, 3000 CeljeEmail: info@dali-skygroup.comWebsite: https:\/\/sky-sprayer.com\/ Razvoj spletnega mestaSpletno mesto smo razvili v sodelovanju s ponudnikom spletnih storitev&#8230;.<\/p>\n","protected":false},"author":2,"featured_media":0,"parent":0,"menu_order":0,"comment_status":"closed","ping_status":"closed","template":"","meta":{"footnotes":""},"class_list":["post-10714","page","type-page","status-publish","hentry"],"_links":{"self":[{"href":"https:\/\/sky-sprayer.com\/sl\/wp-json\/wp\/v2\/pages\/10714","targetHints":{"allow":["GET"]}}],"collection":[{"href":"https:\/\/sky-sprayer.com\/sl\/wp-json\/wp\/v2\/pages"}],"about":[{"href":"https:\/\/sky-sprayer.com\/sl\/wp-json\/wp\/v2\/types\/page"}],"author":[{"embeddable":true,"href":"https:\/\/sky-sprayer.com\/sl\/wp-json\/wp\/v2\/users\/2"}],"replies":[{"embeddable":true,"href":"https:\/\/sky-sprayer.com\/sl\/wp-json\/wp\/v2\/comments?post=10714"}],"version-history":[{"count":0,"href":"https:\/\/sky-sprayer.com\/sl\/wp-json\/wp\/v2\/pages\/10714\/revisions"}],"wp:attachment":[{"href":"https:\/\/sky-sprayer.com\/sl\/wp-json\/wp\/v2\/media?parent=10714"}],"curies":[{"name":"wp","href":"https:\/\/api.w.org\/{rel}","templated":true}]}}