{"id":7105,"date":"2025-06-04T13:14:44","date_gmt":"2025-06-04T13:14:44","guid":{"rendered":"https:\/\/www.sky-sprayer.com\/product\/mini-rasprsivac-s-okidacem-ky-mt401-f1\/"},"modified":"2025-06-04T13:14:44","modified_gmt":"2025-06-04T13:14:44","slug":"mini-rasprsivac-s-okidacem-ky-mt401-f1","status":"publish","type":"product","link":"https:\/\/sky-sprayer.com\/hr\/product\/mini-rasprsivac-s-okidacem-ky-mt401-f1\/","title":{"rendered":"Mini raspr\u0161iva\u010d s okida\u010dem KY-MT401-F1"},"content":{"rendered":"","protected":false},"excerpt":{"rendered":"[wc_variations_table]\n","protected":false},"featured_media":6742,"comment_status":"open","ping_status":"closed","template":"","meta":[],"etheme_brands":[],"product_brand":[],"product_cat":[99],"product_tag":[],"class_list":{"0":"post-7105","1":"product","2":"type-product","3":"status-publish","4":"has-post-thumbnail","6":"product_cat-rasprsivac-s-okidacem","8":"first","9":"instock","10":"shipping-taxable","11":"product-type-variable"},"_links":{"self":[{"href":"https:\/\/sky-sprayer.com\/hr\/wp-json\/wp\/v2\/product\/7105","targetHints":{"allow":["GET"]}}],"collection":[{"href":"https:\/\/sky-sprayer.com\/hr\/wp-json\/wp\/v2\/product"}],"about":[{"href":"https:\/\/sky-sprayer.com\/hr\/wp-json\/wp\/v2\/types\/product"}],"replies":[{"embeddable":true,"href":"https:\/\/sky-sprayer.com\/hr\/wp-json\/wp\/v2\/comments?post=7105"}],"version-history":[{"count":0,"href":"https:\/\/sky-sprayer.com\/hr\/wp-json\/wp\/v2\/product\/7105\/revisions"}],"wp:featuredmedia":[{"embeddable":true,"href":"https:\/\/sky-sprayer.com\/hr\/wp-json\/wp\/v2\/media\/6742"}],"wp:attachment":[{"href":"https:\/\/sky-sprayer.com\/hr\/wp-json\/wp\/v2\/media?parent=7105"}],"wp:term":[{"taxonomy":"brand","embeddable":true,"href":"https:\/\/sky-sprayer.com\/hr\/wp-json\/wp\/v2\/etheme_brands?post=7105"},{"taxonomy":"product_brand","embeddable":true,"href":"https:\/\/sky-sprayer.com\/hr\/wp-json\/wp\/v2\/product_brand?post=7105"},{"taxonomy":"product_cat","embeddable":true,"href":"https:\/\/sky-sprayer.com\/hr\/wp-json\/wp\/v2\/product_cat?post=7105"},{"taxonomy":"product_tag","embeddable":true,"href":"https:\/\/sky-sprayer.com\/hr\/wp-json\/wp\/v2\/product_tag?post=7105"}],"curies":[{"name":"wp","href":"https:\/\/api.w.org\/{rel}","templated":true}]}}