{"id":11121,"date":"2025-05-26T09:34:44","date_gmt":"2025-05-26T09:34:44","guid":{"rendered":"https:\/\/www.sky-sprayer.com\/product\/vakuumska-krema-za-oci-bez-zraka-ky25-b-%cf%8625\/"},"modified":"2025-05-26T09:34:44","modified_gmt":"2025-05-26T09:34:44","slug":"vakuumska-krema-za-oci-bez-zraka-ky25-b-%cf%8625","status":"publish","type":"product","link":"https:\/\/sky-sprayer.com\/hr\/product\/vakuumska-krema-za-oci-bez-zraka-ky25-b-%cf%8625\/","title":{"rendered":"Vakuumska krema za o\u010di bez zraka KY25-B \u03a625"},"content":{"rendered":"","protected":false},"excerpt":{"rendered":"[wc_variations_table]\n<p>Doziranje: 0,23 CC<\/p>\n<p> MATERIJAL<br \/>\n \u010cEP: AS, PUNJENI: PP, VANJSKA BO\u010cICA: AS, UNUTARNJA BO\u010cICA: PP, DNO: PP<\/p>\n","protected":false},"featured_media":5852,"comment_status":"open","ping_status":"closed","template":"","meta":[],"etheme_brands":[],"product_brand":[],"product_cat":[131],"product_tag":[133,134],"class_list":{"0":"post-11121","1":"product","2":"type-product","3":"status-publish","4":"has-post-thumbnail","6":"product_cat-bezzracna-boca","7":"product_tag-kao","8":"product_tag-pp-hr","10":"first","11":"instock","12":"shipping-taxable","13":"product-type-variable"},"_links":{"self":[{"href":"https:\/\/sky-sprayer.com\/hr\/wp-json\/wp\/v2\/product\/11121","targetHints":{"allow":["GET"]}}],"collection":[{"href":"https:\/\/sky-sprayer.com\/hr\/wp-json\/wp\/v2\/product"}],"about":[{"href":"https:\/\/sky-sprayer.com\/hr\/wp-json\/wp\/v2\/types\/product"}],"replies":[{"embeddable":true,"href":"https:\/\/sky-sprayer.com\/hr\/wp-json\/wp\/v2\/comments?post=11121"}],"version-history":[{"count":0,"href":"https:\/\/sky-sprayer.com\/hr\/wp-json\/wp\/v2\/product\/11121\/revisions"}],"wp:featuredmedia":[{"embeddable":true,"href":"https:\/\/sky-sprayer.com\/hr\/wp-json\/wp\/v2\/media\/5852"}],"wp:attachment":[{"href":"https:\/\/sky-sprayer.com\/hr\/wp-json\/wp\/v2\/media?parent=11121"}],"wp:term":[{"taxonomy":"brand","embeddable":true,"href":"https:\/\/sky-sprayer.com\/hr\/wp-json\/wp\/v2\/etheme_brands?post=11121"},{"taxonomy":"product_brand","embeddable":true,"href":"https:\/\/sky-sprayer.com\/hr\/wp-json\/wp\/v2\/product_brand?post=11121"},{"taxonomy":"product_cat","embeddable":true,"href":"https:\/\/sky-sprayer.com\/hr\/wp-json\/wp\/v2\/product_cat?post=11121"},{"taxonomy":"product_tag","embeddable":true,"href":"https:\/\/sky-sprayer.com\/hr\/wp-json\/wp\/v2\/product_tag?post=11121"}],"curies":[{"name":"wp","href":"https:\/\/api.w.org\/{rel}","templated":true}]}}