{"id":10946,"date":"2025-06-02T03:51:07","date_gmt":"2025-06-02T03:51:07","guid":{"rendered":"https:\/\/www.sky-sprayer.com\/product\/jar-ky-jpet-9276\/"},"modified":"2025-06-02T03:51:07","modified_gmt":"2025-06-02T03:51:07","slug":"jar-ky-jpet-9276","status":"publish","type":"product","link":"https:\/\/sky-sprayer.com\/hr\/product\/jar-ky-jpet-9276\/","title":{"rendered":"JAR KY-JPET-9276"},"content":{"rendered":"","protected":false},"excerpt":{"rendered":"[wc_variations_table]\n<p>MATERIJAL<br \/>\n \u010cEP: PP, POKLOPAC: PP, UNUTARNJA BO\u010cICA: PP, VANJSKA BO\u010cICA: PET<\/p>\n","protected":false},"featured_media":6042,"comment_status":"open","ping_status":"closed","template":"","meta":[],"etheme_brands":[],"product_brand":[],"product_cat":[131,152],"product_tag":[133,134],"class_list":{"0":"post-10946","1":"product","2":"type-product","3":"status-publish","4":"has-post-thumbnail","6":"product_cat-bezzracna-boca","7":"product_cat-plasticna-posuda","8":"product_tag-kao","9":"product_tag-pp-hr","11":"first","12":"instock","13":"shipping-taxable","14":"product-type-variable"},"_links":{"self":[{"href":"https:\/\/sky-sprayer.com\/hr\/wp-json\/wp\/v2\/product\/10946","targetHints":{"allow":["GET"]}}],"collection":[{"href":"https:\/\/sky-sprayer.com\/hr\/wp-json\/wp\/v2\/product"}],"about":[{"href":"https:\/\/sky-sprayer.com\/hr\/wp-json\/wp\/v2\/types\/product"}],"replies":[{"embeddable":true,"href":"https:\/\/sky-sprayer.com\/hr\/wp-json\/wp\/v2\/comments?post=10946"}],"version-history":[{"count":0,"href":"https:\/\/sky-sprayer.com\/hr\/wp-json\/wp\/v2\/product\/10946\/revisions"}],"wp:featuredmedia":[{"embeddable":true,"href":"https:\/\/sky-sprayer.com\/hr\/wp-json\/wp\/v2\/media\/6042"}],"wp:attachment":[{"href":"https:\/\/sky-sprayer.com\/hr\/wp-json\/wp\/v2\/media?parent=10946"}],"wp:term":[{"taxonomy":"brand","embeddable":true,"href":"https:\/\/sky-sprayer.com\/hr\/wp-json\/wp\/v2\/etheme_brands?post=10946"},{"taxonomy":"product_brand","embeddable":true,"href":"https:\/\/sky-sprayer.com\/hr\/wp-json\/wp\/v2\/product_brand?post=10946"},{"taxonomy":"product_cat","embeddable":true,"href":"https:\/\/sky-sprayer.com\/hr\/wp-json\/wp\/v2\/product_cat?post=10946"},{"taxonomy":"product_tag","embeddable":true,"href":"https:\/\/sky-sprayer.com\/hr\/wp-json\/wp\/v2\/product_tag?post=10946"}],"curies":[{"name":"wp","href":"https:\/\/api.w.org\/{rel}","templated":true}]}}