{"id":10566,"date":"2022-09-02T14:52:09","date_gmt":"2022-09-02T14:52:09","guid":{"rendered":"https:\/\/www.sky-sprayer.com\/product\/bezzracne-boce-ky36-1f-%cf%8636\/"},"modified":"2022-09-02T14:52:09","modified_gmt":"2022-09-02T14:52:09","slug":"bezzracne-boce-ky36-1f-%cf%8636","status":"publish","type":"product","link":"https:\/\/sky-sprayer.com\/hr\/product\/bezzracne-boce-ky36-1f-%cf%8636\/","title":{"rendered":"Bezzra\u010dne boce KY36-1(F) \u03a636"},"content":{"rendered":"","protected":false},"excerpt":{"rendered":"[wc_variations_table]\n<p>Doziranje: 0,23 CC<\/p>\n<p> MATERIJAL<br \/>\n \u010cEP: ABS, PUNJEN: ABS, VANJSKA BO\u010cICA: AS, UNUTARNJA BO\u010cICA: PP, DNO: \/<\/p>\n","protected":false},"featured_media":5072,"comment_status":"open","ping_status":"closed","template":"","meta":[],"etheme_brands":[],"product_brand":[],"product_cat":[131],"product_tag":[150,133,134],"class_list":{"0":"post-10566","1":"product","2":"type-product","3":"status-publish","4":"has-post-thumbnail","6":"product_cat-bezzracna-boca","7":"product_tag-abs-hr","8":"product_tag-kao","9":"product_tag-pp-hr","11":"first","12":"instock","13":"shipping-taxable","14":"product-type-variable"},"_links":{"self":[{"href":"https:\/\/sky-sprayer.com\/hr\/wp-json\/wp\/v2\/product\/10566","targetHints":{"allow":["GET"]}}],"collection":[{"href":"https:\/\/sky-sprayer.com\/hr\/wp-json\/wp\/v2\/product"}],"about":[{"href":"https:\/\/sky-sprayer.com\/hr\/wp-json\/wp\/v2\/types\/product"}],"replies":[{"embeddable":true,"href":"https:\/\/sky-sprayer.com\/hr\/wp-json\/wp\/v2\/comments?post=10566"}],"version-history":[{"count":0,"href":"https:\/\/sky-sprayer.com\/hr\/wp-json\/wp\/v2\/product\/10566\/revisions"}],"wp:featuredmedia":[{"embeddable":true,"href":"https:\/\/sky-sprayer.com\/hr\/wp-json\/wp\/v2\/media\/5072"}],"wp:attachment":[{"href":"https:\/\/sky-sprayer.com\/hr\/wp-json\/wp\/v2\/media?parent=10566"}],"wp:term":[{"taxonomy":"brand","embeddable":true,"href":"https:\/\/sky-sprayer.com\/hr\/wp-json\/wp\/v2\/etheme_brands?post=10566"},{"taxonomy":"product_brand","embeddable":true,"href":"https:\/\/sky-sprayer.com\/hr\/wp-json\/wp\/v2\/product_brand?post=10566"},{"taxonomy":"product_cat","embeddable":true,"href":"https:\/\/sky-sprayer.com\/hr\/wp-json\/wp\/v2\/product_cat?post=10566"},{"taxonomy":"product_tag","embeddable":true,"href":"https:\/\/sky-sprayer.com\/hr\/wp-json\/wp\/v2\/product_tag?post=10566"}],"curies":[{"name":"wp","href":"https:\/\/api.w.org\/{rel}","templated":true}]}}