{"id":10386,"date":"2025-05-26T05:11:42","date_gmt":"2025-05-26T05:11:42","guid":{"rendered":"https:\/\/www.sky-sprayer.com\/product\/zamjena-za-vakuum-bezzracne-boce-ky-r41-1-%cf%8641\/"},"modified":"2025-05-26T05:11:42","modified_gmt":"2025-05-26T05:11:42","slug":"zamjena-za-vakuum-bezzracne-boce-ky-r41-1-%cf%8641","status":"publish","type":"product","link":"https:\/\/sky-sprayer.com\/hr\/product\/zamjena-za-vakuum-bezzracne-boce-ky-r41-1-%cf%8641\/","title":{"rendered":"Zamjena za vakuum bezzra\u010dne boce KY-R41-1 \u03a641"},"content":{"rendered":"","protected":false},"excerpt":{"rendered":"[wc_variations_table]\n<p>Doziranje: 1,0 CC<\/p>\n<p> MATERIJAL<br \/>\n \u010cEP: ABS, PUNJEN: ABS, VANJSKA BO\u010cICA: ABS, UNUTARNJA BO\u010cICA: PP, DNO: ABS<\/p>\n","protected":false},"featured_media":5817,"comment_status":"open","ping_status":"closed","template":"","meta":[],"etheme_brands":[],"product_brand":[],"product_cat":[131],"product_tag":[133,134],"class_list":{"0":"post-10386","1":"product","2":"type-product","3":"status-publish","4":"has-post-thumbnail","6":"product_cat-bezzracna-boca","7":"product_tag-kao","8":"product_tag-pp-hr","10":"first","11":"instock","12":"shipping-taxable","13":"product-type-variable"},"_links":{"self":[{"href":"https:\/\/sky-sprayer.com\/hr\/wp-json\/wp\/v2\/product\/10386","targetHints":{"allow":["GET"]}}],"collection":[{"href":"https:\/\/sky-sprayer.com\/hr\/wp-json\/wp\/v2\/product"}],"about":[{"href":"https:\/\/sky-sprayer.com\/hr\/wp-json\/wp\/v2\/types\/product"}],"replies":[{"embeddable":true,"href":"https:\/\/sky-sprayer.com\/hr\/wp-json\/wp\/v2\/comments?post=10386"}],"version-history":[{"count":0,"href":"https:\/\/sky-sprayer.com\/hr\/wp-json\/wp\/v2\/product\/10386\/revisions"}],"wp:featuredmedia":[{"embeddable":true,"href":"https:\/\/sky-sprayer.com\/hr\/wp-json\/wp\/v2\/media\/5817"}],"wp:attachment":[{"href":"https:\/\/sky-sprayer.com\/hr\/wp-json\/wp\/v2\/media?parent=10386"}],"wp:term":[{"taxonomy":"brand","embeddable":true,"href":"https:\/\/sky-sprayer.com\/hr\/wp-json\/wp\/v2\/etheme_brands?post=10386"},{"taxonomy":"product_brand","embeddable":true,"href":"https:\/\/sky-sprayer.com\/hr\/wp-json\/wp\/v2\/product_brand?post=10386"},{"taxonomy":"product_cat","embeddable":true,"href":"https:\/\/sky-sprayer.com\/hr\/wp-json\/wp\/v2\/product_cat?post=10386"},{"taxonomy":"product_tag","embeddable":true,"href":"https:\/\/sky-sprayer.com\/hr\/wp-json\/wp\/v2\/product_tag?post=10386"}],"curies":[{"name":"wp","href":"https:\/\/api.w.org\/{rel}","templated":true}]}}