{"id":10139,"date":"2025-06-04T11:57:28","date_gmt":"2025-06-04T11:57:28","guid":{"rendered":"https:\/\/www.sky-sprayer.com\/product\/plasticni-rasprsivac-s-okidacem-ky-t105-h2-rachet\/"},"modified":"2026-04-29T04:09:10","modified_gmt":"2026-04-29T04:09:10","slug":"plasticni-rasprsivac-s-okidacem-ky-t11-sd-rachet","status":"publish","type":"product","link":"https:\/\/sky-sprayer.com\/hr\/product\/plasticni-rasprsivac-s-okidacem-ky-t11-sd-rachet\/","title":{"rendered":"Plasti\u010dni raspr\u0161iva\u010d s okida\u010dem KY-T11-SD (RACHET)"},"content":{"rendered":"","protected":false},"excerpt":{"rendered":"[wc_variations_table]\n","protected":false},"featured_media":6667,"comment_status":"open","ping_status":"closed","template":"","meta":[],"etheme_brands":[],"product_brand":[],"product_cat":[99],"product_tag":[],"class_list":{"0":"post-10139","1":"product","2":"type-product","3":"status-publish","4":"has-post-thumbnail","6":"product_cat-rasprsivac-s-okidacem","8":"first","9":"instock","10":"shipping-taxable","11":"product-type-variable"},"_links":{"self":[{"href":"https:\/\/sky-sprayer.com\/hr\/wp-json\/wp\/v2\/product\/10139","targetHints":{"allow":["GET"]}}],"collection":[{"href":"https:\/\/sky-sprayer.com\/hr\/wp-json\/wp\/v2\/product"}],"about":[{"href":"https:\/\/sky-sprayer.com\/hr\/wp-json\/wp\/v2\/types\/product"}],"replies":[{"embeddable":true,"href":"https:\/\/sky-sprayer.com\/hr\/wp-json\/wp\/v2\/comments?post=10139"}],"version-history":[{"count":1,"href":"https:\/\/sky-sprayer.com\/hr\/wp-json\/wp\/v2\/product\/10139\/revisions"}],"predecessor-version":[{"id":12277,"href":"https:\/\/sky-sprayer.com\/hr\/wp-json\/wp\/v2\/product\/10139\/revisions\/12277"}],"wp:featuredmedia":[{"embeddable":true,"href":"https:\/\/sky-sprayer.com\/hr\/wp-json\/wp\/v2\/media\/6667"}],"wp:attachment":[{"href":"https:\/\/sky-sprayer.com\/hr\/wp-json\/wp\/v2\/media?parent=10139"}],"wp:term":[{"taxonomy":"brand","embeddable":true,"href":"https:\/\/sky-sprayer.com\/hr\/wp-json\/wp\/v2\/etheme_brands?post=10139"},{"taxonomy":"product_brand","embeddable":true,"href":"https:\/\/sky-sprayer.com\/hr\/wp-json\/wp\/v2\/product_brand?post=10139"},{"taxonomy":"product_cat","embeddable":true,"href":"https:\/\/sky-sprayer.com\/hr\/wp-json\/wp\/v2\/product_cat?post=10139"},{"taxonomy":"product_tag","embeddable":true,"href":"https:\/\/sky-sprayer.com\/hr\/wp-json\/wp\/v2\/product_tag?post=10139"}],"curies":[{"name":"wp","href":"https:\/\/api.w.org\/{rel}","templated":true}]}}