{"id":10877,"date":"2025-05-12T14:40:12","date_gmt":"2025-05-12T14:40:12","guid":{"rendered":"https:\/\/www.sky-sprayer.com\/usluge\/"},"modified":"2025-06-06T02:27:38","modified_gmt":"2025-06-06T02:27:38","slug":"usluge","status":"publish","type":"page","link":"https:\/\/sky-sprayer.com\/hr\/usluge\/","title":{"rendered":"Usluge"},"content":{"rendered":"\t\t<div data-elementor-type=\"wp-page\" data-elementor-id=\"10877\" class=\"elementor elementor-10877 elementor-1647\" data-elementor-post-type=\"page\">\n\t\t\t\t\t\t<section class=\"elementor-section elementor-top-section elementor-element elementor-element-ab2849c elementor-section-stretched elementor-section-boxed elementor-section-height-default elementor-section-height-default\" data-id=\"ab2849c\" data-element_type=\"section\" data-e-type=\"section\" data-settings=\"{&quot;stretch_section&quot;:&quot;section-stretched&quot;,&quot;background_background&quot;:&quot;classic&quot;}\">\n\t\t\t\t\t\t<div class=\"elementor-container elementor-column-gap-no\">\n\t\t\t\t\t<div class=\"elementor-column elementor-col-100 elementor-top-column elementor-element elementor-element-74316a8\" data-id=\"74316a8\" data-element_type=\"column\" data-e-type=\"column\">\n\t\t\t<div class=\"elementor-widget-wrap elementor-element-populated\">\n\t\t\t\t\t\t<div class=\"elementor-element elementor-element-d745c5c elementor-widget elementor-widget-heading\" data-id=\"d745c5c\" data-element_type=\"widget\" data-e-type=\"widget\" data-widget_type=\"heading.default\">\n\t\t\t\t<div class=\"elementor-widget-container\">\n\t\t\t\t\t<h2 class=\"elementor-heading-title elementor-size-default\">Usluge<\/h2>\t\t\t\t<\/div>\n\t\t\t\t<\/div>\n\t\t\t\t<div class=\"elementor-element elementor-element-c424140 elementor-widget elementor-widget-text-editor\" data-id=\"c424140\" data-element_type=\"widget\" data-e-type=\"widget\" data-widget_type=\"text-editor.default\">\n\t\t\t\t<div class=\"elementor-widget-container\">\n\t\t\t\t\t\t\t\t\t<p>Pru\u017eamo cjelovite usluge pakiranja \u2013 od razvoja koncepta do kona\u010dne proizvodnje. Na\u0161 tim osigurava da svako rje\u0161enje zadovoljava najvi\u0161e standarde kvalitete, inovacije i odr\u017eivosti.<\/p>\t\t\t\t\t\t\t\t<\/div>\n\t\t\t\t<\/div>\n\t\t\t\t\t<\/div>\n\t\t<\/div>\n\t\t\t\t\t<\/div>\n\t\t<\/section>\n\t\t\t\t<section class=\"elementor-section elementor-top-section elementor-element elementor-element-af76453 elementor-section-content-middle elementor-section-boxed elementor-section-height-default elementor-section-height-default\" data-id=\"af76453\" data-element_type=\"section\" data-e-type=\"section\">\n\t\t\t\t\t\t<div class=\"elementor-container elementor-column-gap-custom\">\n\t\t\t\t\t<div class=\"elementor-column elementor-col-100 elementor-top-column elementor-element elementor-element-9189682\" data-id=\"9189682\" data-element_type=\"column\" data-e-type=\"column\">\n\t\t\t<div class=\"elementor-widget-wrap elementor-element-populated\">\n\t\t\t\t\t\t<div class=\"elementor-element elementor-element-0c09fe4 elementor-widget elementor-widget-heading\" data-id=\"0c09fe4\" data-element_type=\"widget\" data-e-type=\"widget\" data-widget_type=\"heading.default\">\n\t\t\t\t<div class=\"elementor-widget-container\">\n\t\t\t\t\t<h2 class=\"elementor-heading-title elementor-size-default\">Sky Sprayer<\/h2>\t\t\t\t<\/div>\n\t\t\t\t<\/div>\n\t\t\t\t<div class=\"elementor-element elementor-element-36e190f elementor-widget elementor-widget-heading\" data-id=\"36e190f\" data-element_type=\"widget\" data-e-type=\"widget\" data-widget_type=\"heading.default\">\n\t\t\t\t<div class=\"elementor-widget-container\">\n\t\t\t\t\t<h2 class=\"elementor-heading-title elementor-size-default\">Proizvodni proces<\/h2>\t\t\t\t<\/div>\n\t\t\t\t<\/div>\n\t\t\t\t\t<\/div>\n\t\t<\/div>\n\t\t\t\t\t<\/div>\n\t\t<\/section>\n\t\t\t\t<section class=\"elementor-section elementor-top-section elementor-element elementor-element-981e643 elementor-section-boxed elementor-section-height-default elementor-section-height-default\" data-id=\"981e643\" data-element_type=\"section\" data-e-type=\"section\">\n\t\t\t\t\t\t<div class=\"elementor-container elementor-column-gap-custom\">\n\t\t\t\t\t<div class=\"elementor-column elementor-col-100 elementor-top-column elementor-element elementor-element-aea9252\" data-id=\"aea9252\" data-element_type=\"column\" data-e-type=\"column\">\n\t\t\t<div class=\"elementor-widget-wrap elementor-element-populated\">\n\t\t\t\t\t\t<div class=\"elementor-element elementor-element-f2f444e elementor-widget elementor-widget-text-editor\" data-id=\"f2f444e\" data-element_type=\"widget\" data-e-type=\"widget\" data-widget_type=\"text-editor.default\">\n\t\t\t\t<div class=\"elementor-widget-container\">\n\t\t\t\t\t\t\t\t\t<p>U na\u0161oj tvrtki mo\u017eete prona\u0107i prilago\u0111ene proizvode s razli\u010ditim bojama, uzorcima, funkcijama i kemijskim elementima. Pru\u017eamo OEM\/ODM usluge ve\u0107 20 godina, uz podr\u0161ku iskusnih in\u017eenjera.<\/p>\t\t\t\t\t\t\t\t<\/div>\n\t\t\t\t<\/div>\n\t\t\t\t<div class=\"elementor-element elementor-element-e2c7877 elementor-widget elementor-widget-etheme_horizontal_timeline\" data-id=\"e2c7877\" data-element_type=\"widget\" data-e-type=\"widget\" data-settings=\"{&quot;layout&quot;:&quot;bottom&quot;,&quot;type&quot;:&quot;grid&quot;,&quot;date_position&quot;:&quot;outside&quot;}\" data-widget_type=\"etheme_horizontal_timeline.default\">\n\t\t\t\t<div class=\"elementor-widget-container\">\n\t\t\t\t\t        \r\n                \r\n        <div class=\"etheme-h-timeline-wrapper etheme-h-timeline-has-arrows\" data-type=\"grid\" data-layout=\"bottom\" data-step-position=\"left\">\r\n            \r\n                            \r\n                        \r\n        <div class=\"etheme-h-timeline-items\">\r\n        \r\n\t\t            \r\n\t    <div class=\"etheme-h-timeline-item etheme-h-timeline-date-item elementor-repeater-item-6f14b09\">\r\n\r\n            <div class=\"etheme-h-timeline-date-inner\">\r\n            \r\n                    \r\n            <\/div>\r\n        \r\n            \r\n        <\/div>\r\n\t\r\n\t            \r\n\t    <div class=\"etheme-h-timeline-item etheme-h-timeline-date-item elementor-repeater-item-f1dd6c8\">\r\n\r\n            <div class=\"etheme-h-timeline-date-inner\">\r\n            \r\n                    \r\n            <\/div>\r\n        \r\n            \r\n        <\/div>\r\n\t\r\n\t            \r\n\t    <div class=\"etheme-h-timeline-item etheme-h-timeline-date-item elementor-repeater-item-6017d3a\">\r\n\r\n            <div class=\"etheme-h-timeline-date-inner\">\r\n            \r\n                    \r\n            <\/div>\r\n        \r\n            \r\n        <\/div>\r\n\t\r\n\t            \r\n\t    <div class=\"etheme-h-timeline-item etheme-h-timeline-date-item elementor-repeater-item-a78f26c\">\r\n\r\n            <div class=\"etheme-h-timeline-date-inner\">\r\n            \r\n                    \r\n            <\/div>\r\n        \r\n            \r\n        <\/div>\r\n\t\r\n\t            \r\n\t    <div class=\"etheme-h-timeline-item etheme-h-timeline-date-item elementor-repeater-item-2cd1d7b\">\r\n\r\n            <div class=\"etheme-h-timeline-date-inner\">\r\n            \r\n                    \r\n            <\/div>\r\n        \r\n            \r\n        <\/div>\r\n\t\r\n\t            <\/div>\r\n                <div class=\"etheme-h-timeline-connector-wrapper\">\r\n            <div class=\"etheme-h-timeline-connector\">\r\n                <div class=\"etheme-h-timeline-connector-inner\"><\/div>\r\n            <\/div>\r\n        <\/div>\r\n                \r\n        <div class=\"etheme-h-timeline-items\">\r\n        \r\n\t\t            <div class=\"etheme-h-timeline-item elementor-repeater-item-6f14b09 etheme-h-timeline-item elementor-repeater-item-6f14b09\" data-id=\"6f14b09\">\r\n\t\t\r\n\t\t    <span class=\"etheme-h-timeline-step etheme-h-timeline-dot\"><\/span>\r\n            <div class=\"etheme-h-timeline-content\">\r\n\t\t\t\r\n\t\t\t    \r\n                <div class=\"etheme-h-timeline-content-inner\">\r\n\t\t\t\t\r\n\t\t\t\t                            <h3 class=\"etheme-h-timeline-title\">\r\n\t\t\t\t\t\t    Prilago\u0111eno  <br>                         <\/h3>\r\n\t\t\t\t                            <div class=\"etheme-h-timeline-description\">\r\n\t\t\t\t\t\t    Imamo sna\u017ean tim za istra\u017eivanje i razvoj koji mo\u017ee razvijati i proizvoditi proizvode prema crte\u017eima ili uzorcima koje dostave kupci.                        <\/div>\r\n\t\t\t\t    \r\n                <\/div>\r\n            <\/div>\r\n        <\/div>        \r\n                <div class=\"etheme-h-timeline-item elementor-repeater-item-f1dd6c8 etheme-h-timeline-item elementor-repeater-item-f1dd6c8\" data-id=\"f1dd6c8\">\r\n\t\t\r\n\t\t    <span class=\"etheme-h-timeline-step etheme-h-timeline-dot\"><\/span>\r\n            <div class=\"etheme-h-timeline-content\">\r\n\t\t\t\r\n\t\t\t    \r\n                <div class=\"etheme-h-timeline-content-inner\">\r\n\t\t\t\t\r\n\t\t\t\t                            <h3 class=\"etheme-h-timeline-title\">\r\n\t\t\t\t\t\t    Tro\u0161ak  <br>                          <\/h3>\r\n\t\t\t\t                            <div class=\"etheme-h-timeline-description\">\r\n\t\t\t\t\t\t    Imamo vlastitu tvornicu, tako da mo\u017eemo sami proizvoditi i prodavati, a proizvodi su isplativi.                        <\/div>\r\n\t\t\t\t    \r\n                <\/div>\r\n            <\/div>\r\n        <\/div>        \r\n                <div class=\"etheme-h-timeline-item elementor-repeater-item-6017d3a etheme-h-timeline-item elementor-repeater-item-6017d3a\" data-id=\"6017d3a\">\r\n\t\t\r\n\t\t    <span class=\"etheme-h-timeline-step etheme-h-timeline-dot\"><\/span>\r\n            <div class=\"etheme-h-timeline-content\">\r\n\t\t\t\r\n\t\t\t    \r\n                <div class=\"etheme-h-timeline-content-inner\">\r\n\t\t\t\t\r\n\t\t\t\t                            <h3 class=\"etheme-h-timeline-title\">\r\n\t\t\t\t\t\t    Kvaliteta<br>                         <\/h3>\r\n\t\t\t\t                            <div class=\"etheme-h-timeline-description\">\r\n\t\t\t\t\t\t    Strici kontrola kvalitete za postizanje 99,99% kvalitete usluge.                        <\/div>\r\n\t\t\t\t    \r\n                <\/div>\r\n            <\/div>\r\n        <\/div>        \r\n                <div class=\"etheme-h-timeline-item elementor-repeater-item-a78f26c etheme-h-timeline-item elementor-repeater-item-a78f26c\" data-id=\"a78f26c\">\r\n\t\t\r\n\t\t    <span class=\"etheme-h-timeline-step etheme-h-timeline-dot\"><\/span>\r\n            <div class=\"etheme-h-timeline-content\">\r\n\t\t\t\r\n\t\t\t    \r\n                <div class=\"etheme-h-timeline-content-inner\">\r\n\t\t\t\t\r\n\t\t\t\t                            <h3 class=\"etheme-h-timeline-title\">\r\n\t\t\t\t\t\t    Servis<br>                         <\/h3>\r\n\t\t\t\t                            <div class=\"etheme-h-timeline-description\">\r\n\t\t\t\t\t\t    Imamo zreli doma\u0107i i strani servisni tim za\n pru\u017eiti kupcima kompletan set profesionalnih\n usluge.                        <\/div>\r\n\t\t\t\t    \r\n                <\/div>\r\n            <\/div>\r\n        <\/div>        \r\n                <div class=\"etheme-h-timeline-item elementor-repeater-item-2cd1d7b etheme-h-timeline-item elementor-repeater-item-2cd1d7b\" data-id=\"2cd1d7b\">\r\n\t\t\r\n\t\t    <span class=\"etheme-h-timeline-step etheme-h-timeline-dot\"><\/span>\r\n            <div class=\"etheme-h-timeline-content\">\r\n\t\t\t\r\n\t\t\t    \r\n                <div class=\"etheme-h-timeline-content-inner\">\r\n\t\t\t\t\r\n\t\t\t\t                            <h3 class=\"etheme-h-timeline-title\">\r\n\t\t\t\t\t\t    Prilago\u0111eno  <br>                         <\/h3>\r\n\t\t\t\t                            <div class=\"etheme-h-timeline-description\">\r\n\t\t\t\t\t\t    Imamo sna\u017ean tim za istra\u017eivanje i razvoj koji mo\u017ee razvijati i proizvoditi proizvode prema crte\u017eima ili uzorcima koje dostave kupci.                        <\/div>\r\n\t\t\t\t    \r\n                <\/div>\r\n            <\/div>\r\n        <\/div>        \r\n                <\/div>\r\n        \t\t\r\n                     \r\n        <\/div>\r\n        \t\t\t\t<\/div>\n\t\t\t\t<\/div>\n\t\t\t\t\t<\/div>\n\t\t<\/div>\n\t\t\t\t\t<\/div>\n\t\t<\/section>\n\t\t\t\t<section class=\"elementor-section elementor-top-section elementor-element elementor-element-b263686 elementor-section-content-middle elementor-section-boxed elementor-section-height-default elementor-section-height-default\" data-id=\"b263686\" data-element_type=\"section\" data-e-type=\"section\">\n\t\t\t\t\t\t<div class=\"elementor-container elementor-column-gap-custom\">\n\t\t\t\t\t<div class=\"elementor-column elementor-col-50 elementor-top-column elementor-element elementor-element-86e9a60\" data-id=\"86e9a60\" data-element_type=\"column\" data-e-type=\"column\">\n\t\t\t<div class=\"elementor-widget-wrap elementor-element-populated\">\n\t\t\t\t\t\t<div class=\"elementor-element elementor-element-a4c35d2 elementor-widget elementor-widget-heading\" data-id=\"a4c35d2\" data-element_type=\"widget\" data-e-type=\"widget\" data-widget_type=\"heading.default\">\n\t\t\t\t<div class=\"elementor-widget-container\">\n\t\t\t\t\t<h2 class=\"elementor-heading-title elementor-size-default\">Korak po korak<\/h2>\t\t\t\t<\/div>\n\t\t\t\t<\/div>\n\t\t\t\t<div class=\"elementor-element elementor-element-21b0ee0 elementor-widget elementor-widget-heading\" data-id=\"21b0ee0\" data-element_type=\"widget\" data-e-type=\"widget\" data-widget_type=\"heading.default\">\n\t\t\t\t<div class=\"elementor-widget-container\">\n\t\t\t\t\t<h2 class=\"elementor-heading-title elementor-size-default\">Namjenska proizvodnja<\/h2>\t\t\t\t<\/div>\n\t\t\t\t<\/div>\n\t\t\t\t<div class=\"elementor-element elementor-element-8730ab4 elementor-widget elementor-widget-spacer\" data-id=\"8730ab4\" data-element_type=\"widget\" data-e-type=\"widget\" data-widget_type=\"spacer.default\">\n\t\t\t\t<div class=\"elementor-widget-container\">\n\t\t\t\t\t\t\t<div class=\"elementor-spacer\">\n\t\t\t<div class=\"elementor-spacer-inner\"><\/div>\n\t\t<\/div>\n\t\t\t\t\t\t<\/div>\n\t\t\t\t<\/div>\n\t\t\t\t<div class=\"elementor-element elementor-element-a7338d0 elementor-icon-list--layout-traditional elementor-list-item-link-full_width elementor-widget elementor-widget-icon-list\" data-id=\"a7338d0\" data-element_type=\"widget\" data-e-type=\"widget\" data-widget_type=\"icon-list.default\">\n\t\t\t\t<div class=\"elementor-widget-container\">\n\t\t\t\t\t\t\t<ul class=\"elementor-icon-list-items\">\n\t\t\t\t\t\t\t<li class=\"elementor-icon-list-item\">\n\t\t\t\t\t\t\t\t\t\t\t<span class=\"elementor-icon-list-icon\">\n\t\t\t\t\t\t\t<svg aria-hidden=\"true\" class=\"e-font-icon-svg e-fas-dot-circle\" viewBox=\"0 0 512 512\" xmlns=\"http:\/\/www.w3.org\/2000\/svg\"><path d=\"M256 8C119.033 8 8 119.033 8 256s111.033 248 248 248 248-111.033 248-248S392.967 8 256 8zm80 248c0 44.112-35.888 80-80 80s-80-35.888-80-80 35.888-80 80-80 80 35.888 80 80z\"><\/path><\/svg>\t\t\t\t\t\t<\/span>\n\t\t\t\t\t\t\t\t\t\t<span class=\"elementor-icon-list-text\">Crte\u017ei ili uzorci<\/span>\n\t\t\t\t\t\t\t\t\t<\/li>\n\t\t\t\t\t\t\t\t<li class=\"elementor-icon-list-item\">\n\t\t\t\t\t\t\t\t\t\t\t<span class=\"elementor-icon-list-icon\">\n\t\t\t\t\t\t\t<svg aria-hidden=\"true\" class=\"e-font-icon-svg e-fas-dot-circle\" viewBox=\"0 0 512 512\" xmlns=\"http:\/\/www.w3.org\/2000\/svg\"><path d=\"M256 8C119.033 8 8 119.033 8 256s111.033 248 248 248 248-111.033 248-248S392.967 8 256 8zm80 248c0 44.112-35.888 80-80 80s-80-35.888-80-80 35.888-80 80-80 80 35.888 80 80z\"><\/path><\/svg>\t\t\t\t\t\t<\/span>\n\t\t\t\t\t\t\t\t\t\t<span class=\"elementor-icon-list-text\">Potvrda<\/span>\n\t\t\t\t\t\t\t\t\t<\/li>\n\t\t\t\t\t\t\t\t<li class=\"elementor-icon-list-item\">\n\t\t\t\t\t\t\t\t\t\t\t<span class=\"elementor-icon-list-icon\">\n\t\t\t\t\t\t\t<svg aria-hidden=\"true\" class=\"e-font-icon-svg e-fas-dot-circle\" viewBox=\"0 0 512 512\" xmlns=\"http:\/\/www.w3.org\/2000\/svg\"><path d=\"M256 8C119.033 8 8 119.033 8 256s111.033 248 248 248 248-111.033 248-248S392.967 8 256 8zm80 248c0 44.112-35.888 80-80 80s-80-35.888-80-80 35.888-80 80-80 80 35.888 80 80z\"><\/path><\/svg>\t\t\t\t\t\t<\/span>\n\t\t\t\t\t\t\t\t\t\t<span class=\"elementor-icon-list-text\">Citat<\/span>\n\t\t\t\t\t\t\t\t\t<\/li>\n\t\t\t\t\t\t\t\t<li class=\"elementor-icon-list-item\">\n\t\t\t\t\t\t\t\t\t\t\t<span class=\"elementor-icon-list-icon\">\n\t\t\t\t\t\t\t<svg aria-hidden=\"true\" class=\"e-font-icon-svg e-fas-dot-circle\" viewBox=\"0 0 512 512\" xmlns=\"http:\/\/www.w3.org\/2000\/svg\"><path d=\"M256 8C119.033 8 8 119.033 8 256s111.033 248 248 248 248-111.033 248-248S392.967 8 256 8zm80 248c0 44.112-35.888 80-80 80s-80-35.888-80-80 35.888-80 80-80 80 35.888 80 80z\"><\/path><\/svg>\t\t\t\t\t\t<\/span>\n\t\t\t\t\t\t\t\t\t\t<span class=\"elementor-icon-list-text\">Izrada kalupa<\/span>\n\t\t\t\t\t\t\t\t\t<\/li>\n\t\t\t\t\t\t\t\t<li class=\"elementor-icon-list-item\">\n\t\t\t\t\t\t\t\t\t\t\t<span class=\"elementor-icon-list-icon\">\n\t\t\t\t\t\t\t<svg aria-hidden=\"true\" class=\"e-font-icon-svg e-fas-dot-circle\" viewBox=\"0 0 512 512\" xmlns=\"http:\/\/www.w3.org\/2000\/svg\"><path d=\"M256 8C119.033 8 8 119.033 8 256s111.033 248 248 248 248-111.033 248-248S392.967 8 256 8zm80 248c0 44.112-35.888 80-80 80s-80-35.888-80-80 35.888-80 80-80 80 35.888 80 80z\"><\/path><\/svg>\t\t\t\t\t\t<\/span>\n\t\t\t\t\t\t\t\t\t\t<span class=\"elementor-icon-list-text\">Uzorci  <\/span>\n\t\t\t\t\t\t\t\t\t<\/li>\n\t\t\t\t\t\t\t\t<li class=\"elementor-icon-list-item\">\n\t\t\t\t\t\t\t\t\t\t\t<span class=\"elementor-icon-list-icon\">\n\t\t\t\t\t\t\t<svg aria-hidden=\"true\" class=\"e-font-icon-svg e-fas-dot-circle\" viewBox=\"0 0 512 512\" xmlns=\"http:\/\/www.w3.org\/2000\/svg\"><path d=\"M256 8C119.033 8 8 119.033 8 256s111.033 248 248 248 248-111.033 248-248S392.967 8 256 8zm80 248c0 44.112-35.888 80-80 80s-80-35.888-80-80 35.888-80 80-80 80 35.888 80 80z\"><\/path><\/svg>\t\t\t\t\t\t<\/span>\n\t\t\t\t\t\t\t\t\t\t<span class=\"elementor-icon-list-text\">Inspekcija masovne proizvodnje<\/span>\n\t\t\t\t\t\t\t\t\t<\/li>\n\t\t\t\t\t\t\t\t<li class=\"elementor-icon-list-item\">\n\t\t\t\t\t\t\t\t\t\t\t<span class=\"elementor-icon-list-icon\">\n\t\t\t\t\t\t\t<svg aria-hidden=\"true\" class=\"e-font-icon-svg e-fas-dot-circle\" viewBox=\"0 0 512 512\" xmlns=\"http:\/\/www.w3.org\/2000\/svg\"><path d=\"M256 8C119.033 8 8 119.033 8 256s111.033 248 248 248 248-111.033 248-248S392.967 8 256 8zm80 248c0 44.112-35.888 80-80 80s-80-35.888-80-80 35.888-80 80-80 80 35.888 80 80z\"><\/path><\/svg>\t\t\t\t\t\t<\/span>\n\t\t\t\t\t\t\t\t\t\t<span class=\"elementor-icon-list-text\">Po\u0161iljka<\/span>\n\t\t\t\t\t\t\t\t\t<\/li>\n\t\t\t\t\t\t\t\t<li class=\"elementor-icon-list-item\">\n\t\t\t\t\t\t\t\t\t\t\t<span class=\"elementor-icon-list-icon\">\n\t\t\t\t\t\t\t<svg aria-hidden=\"true\" class=\"e-font-icon-svg e-fas-dot-circle\" viewBox=\"0 0 512 512\" xmlns=\"http:\/\/www.w3.org\/2000\/svg\"><path d=\"M256 8C119.033 8 8 119.033 8 256s111.033 248 248 248 248-111.033 248-248S392.967 8 256 8zm80 248c0 44.112-35.888 80-80 80s-80-35.888-80-80 35.888-80 80-80 80 35.888 80 80z\"><\/path><\/svg>\t\t\t\t\t\t<\/span>\n\t\t\t\t\t\t\t\t\t\t<span class=\"elementor-icon-list-text\">Usluge nakon zavr\u0161etka<\/span>\n\t\t\t\t\t\t\t\t\t<\/li>\n\t\t\t\t\t\t<\/ul>\n\t\t\t\t\t\t<\/div>\n\t\t\t\t<\/div>\n\t\t\t\t\t<\/div>\n\t\t<\/div>\n\t\t\t\t<div class=\"elementor-column elementor-col-50 elementor-top-column elementor-element elementor-element-42be1ce\" data-id=\"42be1ce\" data-element_type=\"column\" data-e-type=\"column\">\n\t\t\t<div class=\"elementor-widget-wrap elementor-element-populated\">\n\t\t\t\t\t\t<div class=\"elementor-element elementor-element-369c7c1 elementor-widget elementor-widget-image\" data-id=\"369c7c1\" data-element_type=\"widget\" data-e-type=\"widget\" data-widget_type=\"image.default\">\n\t\t\t\t<div class=\"elementor-widget-container\">\n\t\t\t\t\t\t\t\t\t\t\t\t\t\t\t<img fetchpriority=\"high\" decoding=\"async\" width=\"940\" height=\"788\" src=\"https:\/\/sky-sprayer.com\/wp-content\/uploads\/2025\/05\/sky-sprayer-production.jpg\" class=\"attachment-full size-full wp-image-5067\" alt=\"Euro Sky Dali Production\" srcset=\"https:\/\/sky-sprayer.com\/wp-content\/uploads\/2025\/05\/sky-sprayer-production.jpg 940w, https:\/\/sky-sprayer.com\/wp-content\/uploads\/2025\/05\/sky-sprayer-production-600x503.jpg 600w, https:\/\/sky-sprayer.com\/wp-content\/uploads\/2025\/05\/sky-sprayer-production-300x251.jpg 300w, https:\/\/sky-sprayer.com\/wp-content\/uploads\/2025\/05\/sky-sprayer-production-768x644.jpg 768w, https:\/\/sky-sprayer.com\/wp-content\/uploads\/2025\/05\/sky-sprayer-production-1x1.jpg 1w, https:\/\/sky-sprayer.com\/wp-content\/uploads\/2025\/05\/sky-sprayer-production-10x8.jpg 10w\" sizes=\"(max-width: 940px) 100vw, 940px\" \/>\t\t\t\t\t\t\t\t\t\t\t\t\t\t\t<\/div>\n\t\t\t\t<\/div>\n\t\t\t\t\t<\/div>\n\t\t<\/div>\n\t\t\t\t\t<\/div>\n\t\t<\/section>\n\t\t\t\t<\/div>\n\t\t","protected":false},"excerpt":{"rendered":"<p>Usluge Pru\u017eamo cjelovite usluge pakiranja \u2013 od razvoja koncepta do kona\u010dne proizvodnje. Na\u0161 tim osigurava da svako rje\u0161enje zadovoljava najvi\u0161e standarde kvalitete, inovacije i odr\u017eivosti&#8230;.<\/p>\n","protected":false},"author":2,"featured_media":0,"parent":0,"menu_order":0,"comment_status":"closed","ping_status":"closed","template":"","meta":{"footnotes":""},"class_list":["post-10877","page","type-page","status-publish","hentry"],"_links":{"self":[{"href":"https:\/\/sky-sprayer.com\/hr\/wp-json\/wp\/v2\/pages\/10877","targetHints":{"allow":["GET"]}}],"collection":[{"href":"https:\/\/sky-sprayer.com\/hr\/wp-json\/wp\/v2\/pages"}],"about":[{"href":"https:\/\/sky-sprayer.com\/hr\/wp-json\/wp\/v2\/types\/page"}],"author":[{"embeddable":true,"href":"https:\/\/sky-sprayer.com\/hr\/wp-json\/wp\/v2\/users\/2"}],"replies":[{"embeddable":true,"href":"https:\/\/sky-sprayer.com\/hr\/wp-json\/wp\/v2\/comments?post=10877"}],"version-history":[{"count":0,"href":"https:\/\/sky-sprayer.com\/hr\/wp-json\/wp\/v2\/pages\/10877\/revisions"}],"wp:attachment":[{"href":"https:\/\/sky-sprayer.com\/hr\/wp-json\/wp\/v2\/media?parent=10877"}],"curies":[{"name":"wp","href":"https:\/\/api.w.org\/{rel}","templated":true}]}}