{"id":10883,"date":"2025-05-12T14:40:12","date_gmt":"2025-05-12T14:40:12","guid":{"rendered":"https:\/\/www.sky-sprayer.com\/dienstleistungen\/"},"modified":"2025-06-06T02:27:38","modified_gmt":"2025-06-06T02:27:38","slug":"dienstleistungen","status":"publish","type":"page","link":"https:\/\/sky-sprayer.com\/de\/dienstleistungen\/","title":{"rendered":"Dienstleistungen"},"content":{"rendered":"\t\t<div data-elementor-type=\"wp-page\" data-elementor-id=\"10883\" class=\"elementor elementor-10883 elementor-1647\" data-elementor-post-type=\"page\">\n\t\t\t\t\t\t<section class=\"elementor-section elementor-top-section elementor-element elementor-element-ab2849c elementor-section-stretched elementor-section-boxed elementor-section-height-default elementor-section-height-default\" data-id=\"ab2849c\" data-element_type=\"section\" data-e-type=\"section\" data-settings=\"{&quot;stretch_section&quot;:&quot;section-stretched&quot;,&quot;background_background&quot;:&quot;classic&quot;}\">\n\t\t\t\t\t\t<div class=\"elementor-container elementor-column-gap-no\">\n\t\t\t\t\t<div class=\"elementor-column elementor-col-100 elementor-top-column elementor-element elementor-element-74316a8\" data-id=\"74316a8\" data-element_type=\"column\" data-e-type=\"column\">\n\t\t\t<div class=\"elementor-widget-wrap elementor-element-populated\">\n\t\t\t\t\t\t<div class=\"elementor-element elementor-element-d745c5c elementor-widget elementor-widget-heading\" data-id=\"d745c5c\" data-element_type=\"widget\" data-e-type=\"widget\" data-widget_type=\"heading.default\">\n\t\t\t\t<div class=\"elementor-widget-container\">\n\t\t\t\t\t<h2 class=\"elementor-heading-title elementor-size-default\">Dienstleistungen<\/h2>\t\t\t\t<\/div>\n\t\t\t\t<\/div>\n\t\t\t\t<div class=\"elementor-element elementor-element-c424140 elementor-widget elementor-widget-text-editor\" data-id=\"c424140\" data-element_type=\"widget\" data-e-type=\"widget\" data-widget_type=\"text-editor.default\">\n\t\t\t\t<div class=\"elementor-widget-container\">\n\t\t\t\t\t\t\t\t\t<p>Wir bieten umfassende Verpackungsdienstleistungen &#8211; von der Konzeptentwicklung bis zur Endproduktion. Unser Team stellt sicher, dass jede L\u00f6sung die h\u00f6chsten Standards f\u00fcr Qualit\u00e4t, Innovation und Nachhaltigkeit erf\u00fcllt.<\/p>\t\t\t\t\t\t\t\t<\/div>\n\t\t\t\t<\/div>\n\t\t\t\t\t<\/div>\n\t\t<\/div>\n\t\t\t\t\t<\/div>\n\t\t<\/section>\n\t\t\t\t<section class=\"elementor-section elementor-top-section elementor-element elementor-element-af76453 elementor-section-content-middle elementor-section-boxed elementor-section-height-default elementor-section-height-default\" data-id=\"af76453\" data-element_type=\"section\" data-e-type=\"section\">\n\t\t\t\t\t\t<div class=\"elementor-container elementor-column-gap-custom\">\n\t\t\t\t\t<div class=\"elementor-column elementor-col-100 elementor-top-column elementor-element elementor-element-9189682\" data-id=\"9189682\" data-element_type=\"column\" data-e-type=\"column\">\n\t\t\t<div class=\"elementor-widget-wrap elementor-element-populated\">\n\t\t\t\t\t\t<div class=\"elementor-element elementor-element-0c09fe4 elementor-widget elementor-widget-heading\" data-id=\"0c09fe4\" data-element_type=\"widget\" data-e-type=\"widget\" data-widget_type=\"heading.default\">\n\t\t\t\t<div class=\"elementor-widget-container\">\n\t\t\t\t\t<h2 class=\"elementor-heading-title elementor-size-default\">Himmelszerst\u00e4uber<\/h2>\t\t\t\t<\/div>\n\t\t\t\t<\/div>\n\t\t\t\t<div class=\"elementor-element elementor-element-36e190f elementor-widget elementor-widget-heading\" data-id=\"36e190f\" data-element_type=\"widget\" data-e-type=\"widget\" data-widget_type=\"heading.default\">\n\t\t\t\t<div class=\"elementor-widget-container\">\n\t\t\t\t\t<h2 class=\"elementor-heading-title elementor-size-default\">Produktionsprozess<\/h2>\t\t\t\t<\/div>\n\t\t\t\t<\/div>\n\t\t\t\t\t<\/div>\n\t\t<\/div>\n\t\t\t\t\t<\/div>\n\t\t<\/section>\n\t\t\t\t<section class=\"elementor-section elementor-top-section elementor-element elementor-element-981e643 elementor-section-boxed elementor-section-height-default elementor-section-height-default\" data-id=\"981e643\" data-element_type=\"section\" data-e-type=\"section\">\n\t\t\t\t\t\t<div class=\"elementor-container elementor-column-gap-custom\">\n\t\t\t\t\t<div class=\"elementor-column elementor-col-100 elementor-top-column elementor-element elementor-element-aea9252\" data-id=\"aea9252\" data-element_type=\"column\" data-e-type=\"column\">\n\t\t\t<div class=\"elementor-widget-wrap elementor-element-populated\">\n\t\t\t\t\t\t<div class=\"elementor-element elementor-element-f2f444e elementor-widget elementor-widget-text-editor\" data-id=\"f2f444e\" data-element_type=\"widget\" data-e-type=\"widget\" data-widget_type=\"text-editor.default\">\n\t\t\t\t<div class=\"elementor-widget-container\">\n\t\t\t\t\t\t\t\t\t<p>Ma\u00dfgeschneiderte Produkte mit verschiedenen Farben, Mustern, Funktionen und chemischen Elementen finden Sie in unserem Unternehmen. Wir bieten seit 20 Jahren OEM \/ ODM-Dienstleistungen an, unterst\u00fctzt von erfahrenen Ingenieuren.<\/p>\t\t\t\t\t\t\t\t<\/div>\n\t\t\t\t<\/div>\n\t\t\t\t<div class=\"elementor-element elementor-element-e2c7877 elementor-widget elementor-widget-etheme_horizontal_timeline\" data-id=\"e2c7877\" data-element_type=\"widget\" data-e-type=\"widget\" data-settings=\"{&quot;layout&quot;:&quot;bottom&quot;,&quot;type&quot;:&quot;grid&quot;,&quot;date_position&quot;:&quot;outside&quot;}\" data-widget_type=\"etheme_horizontal_timeline.default\">\n\t\t\t\t<div class=\"elementor-widget-container\">\n\t\t\t\t\t        \r\n                \r\n        <div class=\"etheme-h-timeline-wrapper etheme-h-timeline-has-arrows\" data-type=\"grid\" data-layout=\"bottom\" data-step-position=\"left\">\r\n            \r\n                            \r\n                        \r\n        <div class=\"etheme-h-timeline-items\">\r\n        \r\n\t\t            \r\n\t    <div class=\"etheme-h-timeline-item etheme-h-timeline-date-item elementor-repeater-item-6f14b09\">\r\n\r\n            <div class=\"etheme-h-timeline-date-inner\">\r\n            \r\n                    \r\n            <\/div>\r\n        \r\n            \r\n        <\/div>\r\n\t\r\n\t            \r\n\t    <div class=\"etheme-h-timeline-item etheme-h-timeline-date-item elementor-repeater-item-f1dd6c8\">\r\n\r\n            <div class=\"etheme-h-timeline-date-inner\">\r\n            \r\n                    \r\n            <\/div>\r\n        \r\n            \r\n        <\/div>\r\n\t\r\n\t            \r\n\t    <div class=\"etheme-h-timeline-item etheme-h-timeline-date-item elementor-repeater-item-6017d3a\">\r\n\r\n            <div class=\"etheme-h-timeline-date-inner\">\r\n            \r\n                    \r\n            <\/div>\r\n        \r\n            \r\n        <\/div>\r\n\t\r\n\t            \r\n\t    <div class=\"etheme-h-timeline-item etheme-h-timeline-date-item elementor-repeater-item-a78f26c\">\r\n\r\n            <div class=\"etheme-h-timeline-date-inner\">\r\n            \r\n                    \r\n            <\/div>\r\n        \r\n            \r\n        <\/div>\r\n\t\r\n\t            \r\n\t    <div class=\"etheme-h-timeline-item etheme-h-timeline-date-item elementor-repeater-item-2cd1d7b\">\r\n\r\n            <div class=\"etheme-h-timeline-date-inner\">\r\n            \r\n                    \r\n            <\/div>\r\n        \r\n            \r\n        <\/div>\r\n\t\r\n\t            <\/div>\r\n                <div class=\"etheme-h-timeline-connector-wrapper\">\r\n            <div class=\"etheme-h-timeline-connector\">\r\n                <div class=\"etheme-h-timeline-connector-inner\"><\/div>\r\n            <\/div>\r\n        <\/div>\r\n                \r\n        <div class=\"etheme-h-timeline-items\">\r\n        \r\n\t\t            <div class=\"etheme-h-timeline-item elementor-repeater-item-6f14b09 etheme-h-timeline-item elementor-repeater-item-6f14b09\" data-id=\"6f14b09\">\r\n\t\t\r\n\t\t    <span class=\"etheme-h-timeline-step etheme-h-timeline-dot\"><\/span>\r\n            <div class=\"etheme-h-timeline-content\">\r\n\t\t\t\r\n\t\t\t    \r\n                <div class=\"etheme-h-timeline-content-inner\">\r\n\t\t\t\t\r\n\t\t\t\t                            <h3 class=\"etheme-h-timeline-title\">\r\n\t\t\t\t\t\t    Ma\u00dfgeschneidert  <br>                         <\/h3>\r\n\t\t\t\t                            <div class=\"etheme-h-timeline-description\">\r\n\t\t\t\t\t\t    Wir verf\u00fcgen \u00fcber ein starkes F&amp;E-Team, das Produkte nach Zeichnungen oder Mustern von Kunden entwickeln und produzieren kann.                        <\/div>\r\n\t\t\t\t    \r\n                <\/div>\r\n            <\/div>\r\n        <\/div>        \r\n                <div class=\"etheme-h-timeline-item elementor-repeater-item-f1dd6c8 etheme-h-timeline-item elementor-repeater-item-f1dd6c8\" data-id=\"f1dd6c8\">\r\n\t\t\r\n\t\t    <span class=\"etheme-h-timeline-step etheme-h-timeline-dot\"><\/span>\r\n            <div class=\"etheme-h-timeline-content\">\r\n\t\t\t\r\n\t\t\t    \r\n                <div class=\"etheme-h-timeline-content-inner\">\r\n\t\t\t\t\r\n\t\t\t\t                            <h3 class=\"etheme-h-timeline-title\">\r\n\t\t\t\t\t\t    Kosten  <br>                          <\/h3>\r\n\t\t\t\t                            <div class=\"etheme-h-timeline-description\">\r\n\t\t\t\t\t\t    Wir haben unsere eigene Fabrik, so dass wir die Produkte direkt selbst herstellen und verkaufen k\u00f6nnen. Die Produkte sind kosteng\u00fcnstig.                        <\/div>\r\n\t\t\t\t    \r\n                <\/div>\r\n            <\/div>\r\n        <\/div>        \r\n                <div class=\"etheme-h-timeline-item elementor-repeater-item-6017d3a etheme-h-timeline-item elementor-repeater-item-6017d3a\" data-id=\"6017d3a\">\r\n\t\t\r\n\t\t    <span class=\"etheme-h-timeline-step etheme-h-timeline-dot\"><\/span>\r\n            <div class=\"etheme-h-timeline-content\">\r\n\t\t\t\r\n\t\t\t    \r\n                <div class=\"etheme-h-timeline-content-inner\">\r\n\t\t\t\t\r\n\t\t\t\t                            <h3 class=\"etheme-h-timeline-title\">\r\n\t\t\t\t\t\t    Qualit\u00e4t<br>                         <\/h3>\r\n\t\t\t\t                            <div class=\"etheme-h-timeline-description\">\r\n\t\t\t\t\t\t    Strenge Qualit\u00e4tskontrolle, um einen 99,99%igen Qualit\u00e4tsservice zu erreichen.                        <\/div>\r\n\t\t\t\t    \r\n                <\/div>\r\n            <\/div>\r\n        <\/div>        \r\n                <div class=\"etheme-h-timeline-item elementor-repeater-item-a78f26c etheme-h-timeline-item elementor-repeater-item-a78f26c\" data-id=\"a78f26c\">\r\n\t\t\r\n\t\t    <span class=\"etheme-h-timeline-step etheme-h-timeline-dot\"><\/span>\r\n            <div class=\"etheme-h-timeline-content\">\r\n\t\t\t\r\n\t\t\t    \r\n                <div class=\"etheme-h-timeline-content-inner\">\r\n\t\t\t\t\r\n\t\t\t\t                            <h3 class=\"etheme-h-timeline-title\">\r\n\t\t\t\t\t\t    Service<br>                         <\/h3>\r\n\t\t\t\t                            <div class=\"etheme-h-timeline-description\">\r\n\t\t\t\t\t\t    Wir verf\u00fcgen \u00fcber ein ausgereiftes in- und ausl\u00e4ndisches Serviceteam, das\nKunden ein komplettes Paket professioneller\nDienstleistungen bietet.                        <\/div>\r\n\t\t\t\t    \r\n                <\/div>\r\n            <\/div>\r\n        <\/div>        \r\n                <div class=\"etheme-h-timeline-item elementor-repeater-item-2cd1d7b etheme-h-timeline-item elementor-repeater-item-2cd1d7b\" data-id=\"2cd1d7b\">\r\n\t\t\r\n\t\t    <span class=\"etheme-h-timeline-step etheme-h-timeline-dot\"><\/span>\r\n            <div class=\"etheme-h-timeline-content\">\r\n\t\t\t\r\n\t\t\t    \r\n                <div class=\"etheme-h-timeline-content-inner\">\r\n\t\t\t\t\r\n\t\t\t\t                            <h3 class=\"etheme-h-timeline-title\">\r\n\t\t\t\t\t\t    Ma\u00dfgeschneidert  <br>                         <\/h3>\r\n\t\t\t\t                            <div class=\"etheme-h-timeline-description\">\r\n\t\t\t\t\t\t    Wir verf\u00fcgen \u00fcber ein starkes F&amp;E-Team, das Produkte nach Zeichnungen oder Mustern von Kunden entwickeln und produzieren kann.                        <\/div>\r\n\t\t\t\t    \r\n                <\/div>\r\n            <\/div>\r\n        <\/div>        \r\n                <\/div>\r\n        \t\t\r\n                     \r\n        <\/div>\r\n        \t\t\t\t<\/div>\n\t\t\t\t<\/div>\n\t\t\t\t\t<\/div>\n\t\t<\/div>\n\t\t\t\t\t<\/div>\n\t\t<\/section>\n\t\t\t\t<section class=\"elementor-section elementor-top-section elementor-element elementor-element-b263686 elementor-section-content-middle elementor-section-boxed elementor-section-height-default elementor-section-height-default\" data-id=\"b263686\" data-element_type=\"section\" data-e-type=\"section\">\n\t\t\t\t\t\t<div class=\"elementor-container elementor-column-gap-custom\">\n\t\t\t\t\t<div class=\"elementor-column elementor-col-50 elementor-top-column elementor-element elementor-element-86e9a60\" data-id=\"86e9a60\" data-element_type=\"column\" data-e-type=\"column\">\n\t\t\t<div class=\"elementor-widget-wrap elementor-element-populated\">\n\t\t\t\t\t\t<div class=\"elementor-element elementor-element-a4c35d2 elementor-widget elementor-widget-heading\" data-id=\"a4c35d2\" data-element_type=\"widget\" data-e-type=\"widget\" data-widget_type=\"heading.default\">\n\t\t\t\t<div class=\"elementor-widget-container\">\n\t\t\t\t\t<h2 class=\"elementor-heading-title elementor-size-default\">Schritt f\u00fcr Schritt<\/h2>\t\t\t\t<\/div>\n\t\t\t\t<\/div>\n\t\t\t\t<div class=\"elementor-element elementor-element-21b0ee0 elementor-widget elementor-widget-heading\" data-id=\"21b0ee0\" data-element_type=\"widget\" data-e-type=\"widget\" data-widget_type=\"heading.default\">\n\t\t\t\t<div class=\"elementor-widget-container\">\n\t\t\t\t\t<h2 class=\"elementor-heading-title elementor-size-default\">Engagierte Fertigung<\/h2>\t\t\t\t<\/div>\n\t\t\t\t<\/div>\n\t\t\t\t<div class=\"elementor-element elementor-element-8730ab4 elementor-widget elementor-widget-spacer\" data-id=\"8730ab4\" data-element_type=\"widget\" data-e-type=\"widget\" data-widget_type=\"spacer.default\">\n\t\t\t\t<div class=\"elementor-widget-container\">\n\t\t\t\t\t\t\t<div class=\"elementor-spacer\">\n\t\t\t<div class=\"elementor-spacer-inner\"><\/div>\n\t\t<\/div>\n\t\t\t\t\t\t<\/div>\n\t\t\t\t<\/div>\n\t\t\t\t<div class=\"elementor-element elementor-element-a7338d0 elementor-icon-list--layout-traditional elementor-list-item-link-full_width elementor-widget elementor-widget-icon-list\" data-id=\"a7338d0\" data-element_type=\"widget\" data-e-type=\"widget\" data-widget_type=\"icon-list.default\">\n\t\t\t\t<div class=\"elementor-widget-container\">\n\t\t\t\t\t\t\t<ul class=\"elementor-icon-list-items\">\n\t\t\t\t\t\t\t<li class=\"elementor-icon-list-item\">\n\t\t\t\t\t\t\t\t\t\t\t<span class=\"elementor-icon-list-icon\">\n\t\t\t\t\t\t\t<svg aria-hidden=\"true\" class=\"e-font-icon-svg e-fas-dot-circle\" viewBox=\"0 0 512 512\" xmlns=\"http:\/\/www.w3.org\/2000\/svg\"><path d=\"M256 8C119.033 8 8 119.033 8 256s111.033 248 248 248 248-111.033 248-248S392.967 8 256 8zm80 248c0 44.112-35.888 80-80 80s-80-35.888-80-80 35.888-80 80-80 80 35.888 80 80z\"><\/path><\/svg>\t\t\t\t\t\t<\/span>\n\t\t\t\t\t\t\t\t\t\t<span class=\"elementor-icon-list-text\">Zeichnungen oder Muster<\/span>\n\t\t\t\t\t\t\t\t\t<\/li>\n\t\t\t\t\t\t\t\t<li class=\"elementor-icon-list-item\">\n\t\t\t\t\t\t\t\t\t\t\t<span class=\"elementor-icon-list-icon\">\n\t\t\t\t\t\t\t<svg aria-hidden=\"true\" class=\"e-font-icon-svg e-fas-dot-circle\" viewBox=\"0 0 512 512\" xmlns=\"http:\/\/www.w3.org\/2000\/svg\"><path d=\"M256 8C119.033 8 8 119.033 8 256s111.033 248 248 248 248-111.033 248-248S392.967 8 256 8zm80 248c0 44.112-35.888 80-80 80s-80-35.888-80-80 35.888-80 80-80 80 35.888 80 80z\"><\/path><\/svg>\t\t\t\t\t\t<\/span>\n\t\t\t\t\t\t\t\t\t\t<span class=\"elementor-icon-list-text\">Cofirmation<\/span>\n\t\t\t\t\t\t\t\t\t<\/li>\n\t\t\t\t\t\t\t\t<li class=\"elementor-icon-list-item\">\n\t\t\t\t\t\t\t\t\t\t\t<span class=\"elementor-icon-list-icon\">\n\t\t\t\t\t\t\t<svg aria-hidden=\"true\" class=\"e-font-icon-svg e-fas-dot-circle\" viewBox=\"0 0 512 512\" xmlns=\"http:\/\/www.w3.org\/2000\/svg\"><path d=\"M256 8C119.033 8 8 119.033 8 256s111.033 248 248 248 248-111.033 248-248S392.967 8 256 8zm80 248c0 44.112-35.888 80-80 80s-80-35.888-80-80 35.888-80 80-80 80 35.888 80 80z\"><\/path><\/svg>\t\t\t\t\t\t<\/span>\n\t\t\t\t\t\t\t\t\t\t<span class=\"elementor-icon-list-text\">Angebot<\/span>\n\t\t\t\t\t\t\t\t\t<\/li>\n\t\t\t\t\t\t\t\t<li class=\"elementor-icon-list-item\">\n\t\t\t\t\t\t\t\t\t\t\t<span class=\"elementor-icon-list-icon\">\n\t\t\t\t\t\t\t<svg aria-hidden=\"true\" class=\"e-font-icon-svg e-fas-dot-circle\" viewBox=\"0 0 512 512\" xmlns=\"http:\/\/www.w3.org\/2000\/svg\"><path d=\"M256 8C119.033 8 8 119.033 8 256s111.033 248 248 248 248-111.033 248-248S392.967 8 256 8zm80 248c0 44.112-35.888 80-80 80s-80-35.888-80-80 35.888-80 80-80 80 35.888 80 80z\"><\/path><\/svg>\t\t\t\t\t\t<\/span>\n\t\t\t\t\t\t\t\t\t\t<span class=\"elementor-icon-list-text\">Formenbau Ittem<\/span>\n\t\t\t\t\t\t\t\t\t<\/li>\n\t\t\t\t\t\t\t\t<li class=\"elementor-icon-list-item\">\n\t\t\t\t\t\t\t\t\t\t\t<span class=\"elementor-icon-list-icon\">\n\t\t\t\t\t\t\t<svg aria-hidden=\"true\" class=\"e-font-icon-svg e-fas-dot-circle\" viewBox=\"0 0 512 512\" xmlns=\"http:\/\/www.w3.org\/2000\/svg\"><path d=\"M256 8C119.033 8 8 119.033 8 256s111.033 248 248 248 248-111.033 248-248S392.967 8 256 8zm80 248c0 44.112-35.888 80-80 80s-80-35.888-80-80 35.888-80 80-80 80 35.888 80 80z\"><\/path><\/svg>\t\t\t\t\t\t<\/span>\n\t\t\t\t\t\t\t\t\t\t<span class=\"elementor-icon-list-text\">Muster  <\/span>\n\t\t\t\t\t\t\t\t\t<\/li>\n\t\t\t\t\t\t\t\t<li class=\"elementor-icon-list-item\">\n\t\t\t\t\t\t\t\t\t\t\t<span class=\"elementor-icon-list-icon\">\n\t\t\t\t\t\t\t<svg aria-hidden=\"true\" class=\"e-font-icon-svg e-fas-dot-circle\" viewBox=\"0 0 512 512\" xmlns=\"http:\/\/www.w3.org\/2000\/svg\"><path d=\"M256 8C119.033 8 8 119.033 8 256s111.033 248 248 248 248-111.033 248-248S392.967 8 256 8zm80 248c0 44.112-35.888 80-80 80s-80-35.888-80-80 35.888-80 80-80 80 35.888 80 80z\"><\/path><\/svg>\t\t\t\t\t\t<\/span>\n\t\t\t\t\t\t\t\t\t\t<span class=\"elementor-icon-list-text\">Inspektion der Massenproduktion<\/span>\n\t\t\t\t\t\t\t\t\t<\/li>\n\t\t\t\t\t\t\t\t<li class=\"elementor-icon-list-item\">\n\t\t\t\t\t\t\t\t\t\t\t<span class=\"elementor-icon-list-icon\">\n\t\t\t\t\t\t\t<svg aria-hidden=\"true\" class=\"e-font-icon-svg e-fas-dot-circle\" viewBox=\"0 0 512 512\" xmlns=\"http:\/\/www.w3.org\/2000\/svg\"><path d=\"M256 8C119.033 8 8 119.033 8 256s111.033 248 248 248 248-111.033 248-248S392.967 8 256 8zm80 248c0 44.112-35.888 80-80 80s-80-35.888-80-80 35.888-80 80-80 80 35.888 80 80z\"><\/path><\/svg>\t\t\t\t\t\t<\/span>\n\t\t\t\t\t\t\t\t\t\t<span class=\"elementor-icon-list-text\">Versand<\/span>\n\t\t\t\t\t\t\t\t\t<\/li>\n\t\t\t\t\t\t\t\t<li class=\"elementor-icon-list-item\">\n\t\t\t\t\t\t\t\t\t\t\t<span class=\"elementor-icon-list-icon\">\n\t\t\t\t\t\t\t<svg aria-hidden=\"true\" class=\"e-font-icon-svg e-fas-dot-circle\" viewBox=\"0 0 512 512\" xmlns=\"http:\/\/www.w3.org\/2000\/svg\"><path d=\"M256 8C119.033 8 8 119.033 8 256s111.033 248 248 248 248-111.033 248-248S392.967 8 256 8zm80 248c0 44.112-35.888 80-80 80s-80-35.888-80-80 35.888-80 80-80 80 35.888 80 80z\"><\/path><\/svg>\t\t\t\t\t\t<\/span>\n\t\t\t\t\t\t\t\t\t\t<span class=\"elementor-icon-list-text\">Nach Dienstleistungen<\/span>\n\t\t\t\t\t\t\t\t\t<\/li>\n\t\t\t\t\t\t<\/ul>\n\t\t\t\t\t\t<\/div>\n\t\t\t\t<\/div>\n\t\t\t\t\t<\/div>\n\t\t<\/div>\n\t\t\t\t<div class=\"elementor-column elementor-col-50 elementor-top-column elementor-element elementor-element-42be1ce\" data-id=\"42be1ce\" data-element_type=\"column\" data-e-type=\"column\">\n\t\t\t<div class=\"elementor-widget-wrap elementor-element-populated\">\n\t\t\t\t\t\t<div class=\"elementor-element elementor-element-369c7c1 elementor-widget elementor-widget-image\" data-id=\"369c7c1\" data-element_type=\"widget\" data-e-type=\"widget\" data-widget_type=\"image.default\">\n\t\t\t\t<div class=\"elementor-widget-container\">\n\t\t\t\t\t\t\t\t\t\t\t\t\t\t\t<img fetchpriority=\"high\" decoding=\"async\" width=\"940\" height=\"788\" src=\"https:\/\/sky-sprayer.com\/wp-content\/uploads\/2025\/05\/sky-sprayer-production.jpg\" class=\"attachment-full size-full wp-image-5068\" alt=\"Euro Sky Dali Production\" srcset=\"https:\/\/sky-sprayer.com\/wp-content\/uploads\/2025\/05\/sky-sprayer-production.jpg 940w, https:\/\/sky-sprayer.com\/wp-content\/uploads\/2025\/05\/sky-sprayer-production-600x503.jpg 600w, https:\/\/sky-sprayer.com\/wp-content\/uploads\/2025\/05\/sky-sprayer-production-300x251.jpg 300w, https:\/\/sky-sprayer.com\/wp-content\/uploads\/2025\/05\/sky-sprayer-production-768x644.jpg 768w, https:\/\/sky-sprayer.com\/wp-content\/uploads\/2025\/05\/sky-sprayer-production-1x1.jpg 1w, https:\/\/sky-sprayer.com\/wp-content\/uploads\/2025\/05\/sky-sprayer-production-10x8.jpg 10w\" sizes=\"(max-width: 940px) 100vw, 940px\" \/>\t\t\t\t\t\t\t\t\t\t\t\t\t\t\t<\/div>\n\t\t\t\t<\/div>\n\t\t\t\t\t<\/div>\n\t\t<\/div>\n\t\t\t\t\t<\/div>\n\t\t<\/section>\n\t\t\t\t<\/div>\n\t\t","protected":false},"excerpt":{"rendered":"<p>Dienstleistungen Wir bieten umfassende Verpackungsdienstleistungen &#8211; von der Konzeptentwicklung bis zur Endproduktion. Unser Team stellt sicher, dass jede L\u00f6sung die h\u00f6chsten Standards f\u00fcr Qualit\u00e4t, Innovation&#8230;<\/p>\n","protected":false},"author":2,"featured_media":0,"parent":0,"menu_order":0,"comment_status":"closed","ping_status":"closed","template":"","meta":{"footnotes":""},"class_list":["post-10883","page","type-page","status-publish","hentry"],"_links":{"self":[{"href":"https:\/\/sky-sprayer.com\/de\/wp-json\/wp\/v2\/pages\/10883","targetHints":{"allow":["GET"]}}],"collection":[{"href":"https:\/\/sky-sprayer.com\/de\/wp-json\/wp\/v2\/pages"}],"about":[{"href":"https:\/\/sky-sprayer.com\/de\/wp-json\/wp\/v2\/types\/page"}],"author":[{"embeddable":true,"href":"https:\/\/sky-sprayer.com\/de\/wp-json\/wp\/v2\/users\/2"}],"replies":[{"embeddable":true,"href":"https:\/\/sky-sprayer.com\/de\/wp-json\/wp\/v2\/comments?post=10883"}],"version-history":[{"count":0,"href":"https:\/\/sky-sprayer.com\/de\/wp-json\/wp\/v2\/pages\/10883\/revisions"}],"wp:attachment":[{"href":"https:\/\/sky-sprayer.com\/de\/wp-json\/wp\/v2\/media?parent=10883"}],"curies":[{"name":"wp","href":"https:\/\/api.w.org\/{rel}","templated":true}]}}