{"id":10768,"date":"2025-05-17T16:56:50","date_gmt":"2025-05-17T16:56:50","guid":{"rendered":"https:\/\/www.sky-sprayer.com\/kataloge\/"},"modified":"2025-06-08T15:25:28","modified_gmt":"2025-06-08T15:25:28","slug":"kataloge","status":"publish","type":"page","link":"https:\/\/sky-sprayer.com\/de\/kataloge\/","title":{"rendered":"Kataloge"},"content":{"rendered":"\t\t<div data-elementor-type=\"wp-page\" data-elementor-id=\"10768\" class=\"elementor elementor-10768 elementor-2390\" data-elementor-post-type=\"page\">\n\t\t\t\t\t\t<section class=\"elementor-section elementor-top-section elementor-element elementor-element-ab2849c elementor-section-stretched elementor-section-boxed elementor-section-height-default elementor-section-height-default\" data-id=\"ab2849c\" data-element_type=\"section\" data-e-type=\"section\" data-settings=\"{&quot;stretch_section&quot;:&quot;section-stretched&quot;,&quot;background_background&quot;:&quot;classic&quot;}\">\n\t\t\t\t\t\t<div class=\"elementor-container elementor-column-gap-default\">\n\t\t\t\t\t<div class=\"elementor-column elementor-col-100 elementor-top-column elementor-element elementor-element-74316a8\" data-id=\"74316a8\" data-element_type=\"column\" data-e-type=\"column\">\n\t\t\t<div class=\"elementor-widget-wrap elementor-element-populated\">\n\t\t\t\t\t\t<div class=\"elementor-element elementor-element-d745c5c elementor-widget elementor-widget-heading\" data-id=\"d745c5c\" data-element_type=\"widget\" data-e-type=\"widget\" data-widget_type=\"heading.default\">\n\t\t\t\t<div class=\"elementor-widget-container\">\n\t\t\t\t\t<h2 class=\"elementor-heading-title elementor-size-default\">Katalog<\/h2>\t\t\t\t<\/div>\n\t\t\t\t<\/div>\n\t\t\t\t<div class=\"elementor-element elementor-element-c424140 elementor-widget elementor-widget-text-editor\" data-id=\"c424140\" data-element_type=\"widget\" data-e-type=\"widget\" data-widget_type=\"text-editor.default\">\n\t\t\t\t<div class=\"elementor-widget-container\">\n\t\t\t\t\t\t\t\t\t<p>Die beiliegenden Kataloge bieten Ihnen einen hervorragenden \u00dcberblick \u00fcber die breite Palette an Produkten, die Ihnen zur Verf\u00fcgung stehen.<\/p>\t\t\t\t\t\t\t\t<\/div>\n\t\t\t\t<\/div>\n\t\t\t\t\t<\/div>\n\t\t<\/div>\n\t\t\t\t\t<\/div>\n\t\t<\/section>\n\t\t\t\t<section class=\"elementor-section elementor-top-section elementor-element elementor-element-af76453 elementor-section-content-middle elementor-section-boxed elementor-section-height-default elementor-section-height-default\" data-id=\"af76453\" data-element_type=\"section\" data-e-type=\"section\">\n\t\t\t\t\t\t<div class=\"elementor-container elementor-column-gap-custom\">\n\t\t\t\t\t<div class=\"elementor-column elementor-col-25 elementor-top-column elementor-element elementor-element-df63022\" data-id=\"df63022\" data-element_type=\"column\" data-e-type=\"column\">\n\t\t\t<div class=\"elementor-widget-wrap elementor-element-populated\">\n\t\t\t\t\t\t<div class=\"elementor-element elementor-element-a1a569f elementor-widget elementor-widget-image\" data-id=\"a1a569f\" data-element_type=\"widget\" data-e-type=\"widget\" data-widget_type=\"image.default\">\n\t\t\t\t<div class=\"elementor-widget-container\">\n\t\t\t\t\t\t\t\t\t\t\t\t\t\t\t\t<a href=\"https:\/\/sky-sprayer.com\/catalogue-airless\/\">\n\t\t\t\t\t\t\t<img fetchpriority=\"high\" decoding=\"async\" width=\"330\" height=\"400\" src=\"https:\/\/sky-sprayer.com\/wp-content\/uploads\/2025\/05\/ky-1.jpg\" class=\"attachment-large size-large wp-image-5223\" alt=\"Airless Bottle\" srcset=\"https:\/\/sky-sprayer.com\/wp-content\/uploads\/2025\/05\/ky-1.jpg 330w, https:\/\/sky-sprayer.com\/wp-content\/uploads\/2025\/05\/ky-1-248x300.jpg 248w, https:\/\/sky-sprayer.com\/wp-content\/uploads\/2025\/05\/ky-1-1x1.jpg 1w, https:\/\/sky-sprayer.com\/wp-content\/uploads\/2025\/05\/ky-1-8x10.jpg 8w\" sizes=\"(max-width: 330px) 100vw, 330px\" \/>\t\t\t\t\t\t\t\t<\/a>\n\t\t\t\t\t\t\t\t\t\t\t\t\t\t\t<\/div>\n\t\t\t\t<\/div>\n\t\t\t\t\t<\/div>\n\t\t<\/div>\n\t\t\t\t<div class=\"elementor-column elementor-col-25 elementor-top-column elementor-element elementor-element-f0cd952\" data-id=\"f0cd952\" data-element_type=\"column\" data-e-type=\"column\">\n\t\t\t<div class=\"elementor-widget-wrap elementor-element-populated\">\n\t\t\t\t\t\t<div class=\"elementor-element elementor-element-dbe2c2c elementor-widget elementor-widget-image\" data-id=\"dbe2c2c\" data-element_type=\"widget\" data-e-type=\"widget\" data-widget_type=\"image.default\">\n\t\t\t\t<div class=\"elementor-widget-container\">\n\t\t\t\t\t\t\t\t\t\t\t\t\t\t\t\t<a href=\"https:\/\/sky-sprayer.com\/catalogue-cream-pump\/\">\n\t\t\t\t\t\t\t<img decoding=\"async\" width=\"330\" height=\"400\" src=\"https:\/\/sky-sprayer.com\/wp-content\/uploads\/2025\/05\/ky-2.jpg\" class=\"attachment-large size-large wp-image-5218\" alt=\"Cream Pump\" srcset=\"https:\/\/sky-sprayer.com\/wp-content\/uploads\/2025\/05\/ky-2.jpg 330w, https:\/\/sky-sprayer.com\/wp-content\/uploads\/2025\/05\/ky-2-248x300.jpg 248w, https:\/\/sky-sprayer.com\/wp-content\/uploads\/2025\/05\/ky-2-1x1.jpg 1w, https:\/\/sky-sprayer.com\/wp-content\/uploads\/2025\/05\/ky-2-8x10.jpg 8w\" sizes=\"(max-width: 330px) 100vw, 330px\" \/>\t\t\t\t\t\t\t\t<\/a>\n\t\t\t\t\t\t\t\t\t\t\t\t\t\t\t<\/div>\n\t\t\t\t<\/div>\n\t\t\t\t\t<\/div>\n\t\t<\/div>\n\t\t\t\t<div class=\"elementor-column elementor-col-25 elementor-top-column elementor-element elementor-element-b7732d8\" data-id=\"b7732d8\" data-element_type=\"column\" data-e-type=\"column\">\n\t\t\t<div class=\"elementor-widget-wrap elementor-element-populated\">\n\t\t\t\t\t\t<div class=\"elementor-element elementor-element-2f38429 elementor-widget elementor-widget-image\" data-id=\"2f38429\" data-element_type=\"widget\" data-e-type=\"widget\" data-widget_type=\"image.default\">\n\t\t\t\t<div class=\"elementor-widget-container\">\n\t\t\t\t\t\t\t\t\t\t\t\t\t\t\t\t<a href=\"https:\/\/sky-sprayer.com\/catalog-foam-pump\/\">\n\t\t\t\t\t\t\t<img decoding=\"async\" width=\"330\" height=\"400\" src=\"https:\/\/sky-sprayer.com\/wp-content\/uploads\/2025\/05\/ky-3.jpg\" class=\"attachment-large size-large wp-image-5213\" alt=\"Foam Pump\" srcset=\"https:\/\/sky-sprayer.com\/wp-content\/uploads\/2025\/05\/ky-3.jpg 330w, https:\/\/sky-sprayer.com\/wp-content\/uploads\/2025\/05\/ky-3-248x300.jpg 248w, https:\/\/sky-sprayer.com\/wp-content\/uploads\/2025\/05\/ky-3-1x1.jpg 1w, https:\/\/sky-sprayer.com\/wp-content\/uploads\/2025\/05\/ky-3-8x10.jpg 8w\" sizes=\"(max-width: 330px) 100vw, 330px\" \/>\t\t\t\t\t\t\t\t<\/a>\n\t\t\t\t\t\t\t\t\t\t\t\t\t\t\t<\/div>\n\t\t\t\t<\/div>\n\t\t\t\t\t<\/div>\n\t\t<\/div>\n\t\t\t\t<div class=\"elementor-column elementor-col-25 elementor-top-column elementor-element elementor-element-cb796c8\" data-id=\"cb796c8\" data-element_type=\"column\" data-e-type=\"column\">\n\t\t\t<div class=\"elementor-widget-wrap elementor-element-populated\">\n\t\t\t\t\t\t<div class=\"elementor-element elementor-element-c41c169 elementor-widget elementor-widget-image\" data-id=\"c41c169\" data-element_type=\"widget\" data-e-type=\"widget\" data-widget_type=\"image.default\">\n\t\t\t\t<div class=\"elementor-widget-container\">\n\t\t\t\t\t\t\t\t\t\t\t\t\t\t\t\t<a href=\"https:\/\/sky-sprayer.com\/catalog-lotion-pump\/\">\n\t\t\t\t\t\t\t<img loading=\"lazy\" decoding=\"async\" width=\"330\" height=\"400\" src=\"https:\/\/sky-sprayer.com\/wp-content\/uploads\/2025\/05\/ky-4.jpg\" class=\"attachment-large size-large wp-image-5208\" alt=\"Lotion Pump\" srcset=\"https:\/\/sky-sprayer.com\/wp-content\/uploads\/2025\/05\/ky-4.jpg 330w, https:\/\/sky-sprayer.com\/wp-content\/uploads\/2025\/05\/ky-4-248x300.jpg 248w, https:\/\/sky-sprayer.com\/wp-content\/uploads\/2025\/05\/ky-4-1x1.jpg 1w, https:\/\/sky-sprayer.com\/wp-content\/uploads\/2025\/05\/ky-4-8x10.jpg 8w\" sizes=\"(max-width: 330px) 100vw, 330px\" \/>\t\t\t\t\t\t\t\t<\/a>\n\t\t\t\t\t\t\t\t\t\t\t\t\t\t\t<\/div>\n\t\t\t\t<\/div>\n\t\t\t\t\t<\/div>\n\t\t<\/div>\n\t\t\t\t\t<\/div>\n\t\t<\/section>\n\t\t\t\t<section class=\"elementor-section elementor-top-section elementor-element elementor-element-28f8545 elementor-section-content-middle elementor-section-boxed elementor-section-height-default elementor-section-height-default\" data-id=\"28f8545\" data-element_type=\"section\" data-e-type=\"section\">\n\t\t\t\t\t\t<div class=\"elementor-container elementor-column-gap-custom\">\n\t\t\t\t\t<div class=\"elementor-column elementor-col-25 elementor-top-column elementor-element elementor-element-5b1588a\" data-id=\"5b1588a\" data-element_type=\"column\" data-e-type=\"column\">\n\t\t\t<div class=\"elementor-widget-wrap elementor-element-populated\">\n\t\t\t\t\t\t<div class=\"elementor-element elementor-element-0bdc8af elementor-widget elementor-widget-image\" data-id=\"0bdc8af\" data-element_type=\"widget\" data-e-type=\"widget\" data-widget_type=\"image.default\">\n\t\t\t\t<div class=\"elementor-widget-container\">\n\t\t\t\t\t\t\t\t\t\t\t\t\t\t\t\t<a href=\"https:\/\/sky-sprayer.com\/catalogs\/\">\n\t\t\t\t\t\t\t<img loading=\"lazy\" decoding=\"async\" width=\"330\" height=\"400\" src=\"https:\/\/sky-sprayer.com\/wp-content\/uploads\/2025\/05\/ky-5.jpg\" class=\"attachment-large size-large wp-image-5203\" alt=\"Mist Sprayer\" srcset=\"https:\/\/sky-sprayer.com\/wp-content\/uploads\/2025\/05\/ky-5.jpg 330w, https:\/\/sky-sprayer.com\/wp-content\/uploads\/2025\/05\/ky-5-248x300.jpg 248w, https:\/\/sky-sprayer.com\/wp-content\/uploads\/2025\/05\/ky-5-1x1.jpg 1w, https:\/\/sky-sprayer.com\/wp-content\/uploads\/2025\/05\/ky-5-8x10.jpg 8w\" sizes=\"(max-width: 330px) 100vw, 330px\" \/>\t\t\t\t\t\t\t\t<\/a>\n\t\t\t\t\t\t\t\t\t\t\t\t\t\t\t<\/div>\n\t\t\t\t<\/div>\n\t\t\t\t\t<\/div>\n\t\t<\/div>\n\t\t\t\t<div class=\"elementor-column elementor-col-25 elementor-top-column elementor-element elementor-element-c4d2f72\" data-id=\"c4d2f72\" data-element_type=\"column\" data-e-type=\"column\">\n\t\t\t<div class=\"elementor-widget-wrap elementor-element-populated\">\n\t\t\t\t\t\t<div class=\"elementor-element elementor-element-30bfaa0 elementor-widget elementor-widget-image\" data-id=\"30bfaa0\" data-element_type=\"widget\" data-e-type=\"widget\" data-widget_type=\"image.default\">\n\t\t\t\t<div class=\"elementor-widget-container\">\n\t\t\t\t\t\t\t\t\t\t\t\t\t\t\t\t<a href=\"https:\/\/sky-sprayer.com\/catalog-plastic-container-jar\/\">\n\t\t\t\t\t\t\t<img loading=\"lazy\" decoding=\"async\" width=\"330\" height=\"400\" src=\"https:\/\/sky-sprayer.com\/wp-content\/uploads\/2025\/05\/ky-6.jpg\" class=\"attachment-large size-large wp-image-5198\" alt=\"Plastic Container Jar\" srcset=\"https:\/\/sky-sprayer.com\/wp-content\/uploads\/2025\/05\/ky-6.jpg 330w, https:\/\/sky-sprayer.com\/wp-content\/uploads\/2025\/05\/ky-6-248x300.jpg 248w, https:\/\/sky-sprayer.com\/wp-content\/uploads\/2025\/05\/ky-6-1x1.jpg 1w, https:\/\/sky-sprayer.com\/wp-content\/uploads\/2025\/05\/ky-6-8x10.jpg 8w\" sizes=\"(max-width: 330px) 100vw, 330px\" \/>\t\t\t\t\t\t\t\t<\/a>\n\t\t\t\t\t\t\t\t\t\t\t\t\t\t\t<\/div>\n\t\t\t\t<\/div>\n\t\t\t\t\t<\/div>\n\t\t<\/div>\n\t\t\t\t<div class=\"elementor-column elementor-col-25 elementor-top-column elementor-element elementor-element-0a6599e\" data-id=\"0a6599e\" data-element_type=\"column\" data-e-type=\"column\">\n\t\t\t<div class=\"elementor-widget-wrap elementor-element-populated\">\n\t\t\t\t\t\t<div class=\"elementor-element elementor-element-18e0841 elementor-widget elementor-widget-image\" data-id=\"18e0841\" data-element_type=\"widget\" data-e-type=\"widget\" data-widget_type=\"image.default\">\n\t\t\t\t<div class=\"elementor-widget-container\">\n\t\t\t\t\t\t\t\t\t\t\t\t\t\t\t\t<a href=\"https:\/\/sky-sprayer.com\/product\/shower-gel-bottle\/\">\n\t\t\t\t\t\t\t<img loading=\"lazy\" decoding=\"async\" width=\"330\" height=\"400\" src=\"https:\/\/sky-sprayer.com\/wp-content\/uploads\/2025\/05\/ky-7.jpg\" class=\"attachment-large size-large wp-image-5193\" alt=\"Shower Gel Bottle\" srcset=\"https:\/\/sky-sprayer.com\/wp-content\/uploads\/2025\/05\/ky-7.jpg 330w, https:\/\/sky-sprayer.com\/wp-content\/uploads\/2025\/05\/ky-7-248x300.jpg 248w, https:\/\/sky-sprayer.com\/wp-content\/uploads\/2025\/05\/ky-7-1x1.jpg 1w, https:\/\/sky-sprayer.com\/wp-content\/uploads\/2025\/05\/ky-7-8x10.jpg 8w\" sizes=\"(max-width: 330px) 100vw, 330px\" \/>\t\t\t\t\t\t\t\t<\/a>\n\t\t\t\t\t\t\t\t\t\t\t\t\t\t\t<\/div>\n\t\t\t\t<\/div>\n\t\t\t\t\t<\/div>\n\t\t<\/div>\n\t\t\t\t<div class=\"elementor-column elementor-col-25 elementor-top-column elementor-element elementor-element-dcf403c\" data-id=\"dcf403c\" data-element_type=\"column\" data-e-type=\"column\">\n\t\t\t<div class=\"elementor-widget-wrap elementor-element-populated\">\n\t\t\t\t\t\t<div class=\"elementor-element elementor-element-63df831 elementor-widget elementor-widget-image\" data-id=\"63df831\" data-element_type=\"widget\" data-e-type=\"widget\" data-widget_type=\"image.default\">\n\t\t\t\t<div class=\"elementor-widget-container\">\n\t\t\t\t\t\t\t\t\t\t\t\t\t\t\t\t<a href=\"https:\/\/sky-sprayer.com\/catalog-triger-sprayer\/\">\n\t\t\t\t\t\t\t<img loading=\"lazy\" decoding=\"async\" width=\"330\" height=\"400\" src=\"https:\/\/sky-sprayer.com\/wp-content\/uploads\/2025\/05\/ky-8.jpg\" class=\"attachment-large size-large wp-image-5188\" alt=\"Trigger Sprayer\" srcset=\"https:\/\/sky-sprayer.com\/wp-content\/uploads\/2025\/05\/ky-8.jpg 330w, https:\/\/sky-sprayer.com\/wp-content\/uploads\/2025\/05\/ky-8-248x300.jpg 248w, https:\/\/sky-sprayer.com\/wp-content\/uploads\/2025\/05\/ky-8-1x1.jpg 1w, https:\/\/sky-sprayer.com\/wp-content\/uploads\/2025\/05\/ky-8-8x10.jpg 8w\" sizes=\"(max-width: 330px) 100vw, 330px\" \/>\t\t\t\t\t\t\t\t<\/a>\n\t\t\t\t\t\t\t\t\t\t\t\t\t\t\t<\/div>\n\t\t\t\t<\/div>\n\t\t\t\t\t<\/div>\n\t\t<\/div>\n\t\t\t\t\t<\/div>\n\t\t<\/section>\n\t\t\t\t<\/div>\n\t\t","protected":false},"excerpt":{"rendered":"<p>Katalog Die beiliegenden Kataloge bieten Ihnen einen hervorragenden \u00dcberblick \u00fcber die breite Palette an Produkten, die Ihnen zur Verf\u00fcgung stehen.<\/p>\n","protected":false},"author":2,"featured_media":0,"parent":0,"menu_order":0,"comment_status":"closed","ping_status":"closed","template":"","meta":{"footnotes":""},"class_list":["post-10768","page","type-page","status-publish","hentry"],"_links":{"self":[{"href":"https:\/\/sky-sprayer.com\/de\/wp-json\/wp\/v2\/pages\/10768","targetHints":{"allow":["GET"]}}],"collection":[{"href":"https:\/\/sky-sprayer.com\/de\/wp-json\/wp\/v2\/pages"}],"about":[{"href":"https:\/\/sky-sprayer.com\/de\/wp-json\/wp\/v2\/types\/page"}],"author":[{"embeddable":true,"href":"https:\/\/sky-sprayer.com\/de\/wp-json\/wp\/v2\/users\/2"}],"replies":[{"embeddable":true,"href":"https:\/\/sky-sprayer.com\/de\/wp-json\/wp\/v2\/comments?post=10768"}],"version-history":[{"count":0,"href":"https:\/\/sky-sprayer.com\/de\/wp-json\/wp\/v2\/pages\/10768\/revisions"}],"wp:attachment":[{"href":"https:\/\/sky-sprayer.com\/de\/wp-json\/wp\/v2\/media?parent=10768"}],"curies":[{"name":"wp","href":"https:\/\/api.w.org\/{rel}","templated":true}]}}