{"id":10738,"date":"2025-05-18T03:46:09","date_gmt":"2025-05-18T03:46:09","guid":{"rendered":"https:\/\/www.sky-sprayer.com\/bedingungen-und-konditionen\/"},"modified":"2025-06-06T02:27:10","modified_gmt":"2025-06-06T02:27:10","slug":"bedingungen-und-konditionen","status":"publish","type":"page","link":"https:\/\/sky-sprayer.com\/de\/bedingungen-und-konditionen\/","title":{"rendered":"Bedingungen und Konditionen"},"content":{"rendered":"\t\t<div data-elementor-type=\"wp-page\" data-elementor-id=\"10738\" class=\"elementor elementor-10738 elementor-2450\" data-elementor-post-type=\"page\">\n\t\t\t\t\t\t<section class=\"elementor-section elementor-top-section elementor-element elementor-element-ab2849c elementor-section-stretched elementor-section-boxed elementor-section-height-default elementor-section-height-default\" data-id=\"ab2849c\" data-element_type=\"section\" data-e-type=\"section\" data-settings=\"{&quot;stretch_section&quot;:&quot;section-stretched&quot;,&quot;background_background&quot;:&quot;classic&quot;}\">\n\t\t\t\t\t\t<div class=\"elementor-container elementor-column-gap-no\">\n\t\t\t\t\t<div class=\"elementor-column elementor-col-100 elementor-top-column elementor-element elementor-element-74316a8\" data-id=\"74316a8\" data-element_type=\"column\" data-e-type=\"column\">\n\t\t\t<div class=\"elementor-widget-wrap elementor-element-populated\">\n\t\t\t\t\t\t<div class=\"elementor-element elementor-element-d745c5c elementor-widget elementor-widget-heading\" data-id=\"d745c5c\" data-element_type=\"widget\" data-e-type=\"widget\" data-widget_type=\"heading.default\">\n\t\t\t\t<div class=\"elementor-widget-container\">\n\t\t\t\t\t<h2 class=\"elementor-heading-title elementor-size-default\">Bedingungen und Konditionen<\/h2>\t\t\t\t<\/div>\n\t\t\t\t<\/div>\n\t\t\t\t\t<\/div>\n\t\t<\/div>\n\t\t\t\t\t<\/div>\n\t\t<\/section>\n\t\t\t\t<section class=\"elementor-section elementor-top-section elementor-element elementor-element-af76453 elementor-section-content-middle elementor-section-boxed elementor-section-height-default elementor-section-height-default\" data-id=\"af76453\" data-element_type=\"section\" data-e-type=\"section\">\n\t\t\t\t\t\t<div class=\"elementor-container elementor-column-gap-custom\">\n\t\t\t\t\t<div class=\"elementor-column elementor-col-100 elementor-top-column elementor-element elementor-element-9189682\" data-id=\"9189682\" data-element_type=\"column\" data-e-type=\"column\">\n\t\t\t<div class=\"elementor-widget-wrap elementor-element-populated\">\n\t\t\t\t\t\t<div class=\"elementor-element elementor-element-36e190f elementor-widget elementor-widget-heading\" data-id=\"36e190f\" data-element_type=\"widget\" data-e-type=\"widget\" data-widget_type=\"heading.default\">\n\t\t\t\t<div class=\"elementor-widget-container\">\n\t\t\t\t\t<h2 class=\"elementor-heading-title elementor-size-default\">Bedingungen und Konditionen<\/h2>\t\t\t\t<\/div>\n\t\t\t\t<\/div>\n\t\t\t\t\t<\/div>\n\t\t<\/div>\n\t\t\t\t\t<\/div>\n\t\t<\/section>\n\t\t\t\t<section class=\"elementor-section elementor-top-section elementor-element elementor-element-981e643 elementor-section-boxed elementor-section-height-default elementor-section-height-default\" data-id=\"981e643\" data-element_type=\"section\" data-e-type=\"section\">\n\t\t\t\t\t\t<div class=\"elementor-container elementor-column-gap-custom\">\n\t\t\t\t\t<div class=\"elementor-column elementor-col-100 elementor-top-column elementor-element elementor-element-aea9252\" data-id=\"aea9252\" data-element_type=\"column\" data-e-type=\"column\">\n\t\t\t<div class=\"elementor-widget-wrap elementor-element-populated\">\n\t\t\t\t\t\t<div class=\"elementor-element elementor-element-f2f444e elementor-widget elementor-widget-text-editor\" data-id=\"f2f444e\" data-element_type=\"widget\" data-e-type=\"widget\" data-widget_type=\"text-editor.default\">\n\t\t\t\t<div class=\"elementor-widget-container\">\n\t\t\t\t\t\t\t\t\t<div class=\"wpb_column vc_column_container vc_col-sm-6 sc_layouts_column_icons_position_left\"><div class=\"vc_column-inner\"><div class=\"wpb_wrapper\"><div class=\"wpb_text_column wpb_content_element \"><div class=\"wpb_wrapper\"><p><strong>Willkommen bei https:\/\/sky-sprayer.com\/!<\/strong><\/p><p>Diese Allgemeinen Gesch\u00e4ftsbedingungen beschreiben die Regeln und Vorschriften f\u00fcr die Nutzung von EURO SKY-DALI PACKING, proizvodnja in trgovina.d.o.o..<\/p><p>Website, zu finden unter <strong>https:\/\/sky-sprayer.com\/.<\/strong><\/p><p>Wenn Sie auf diese Website zugreifen, gehen wir davon aus, dass Sie diese Bedingungen und Konditionen akzeptieren. Nutzen Sie <strong>https:\/\/sky-sprayer.com\/<\/strong> nicht weiter, wenn Sie nicht mit allen auf dieser Seite genannten Bedingungen einverstanden sind. <\/p><p>Die folgende Terminologie gilt f\u00fcr diese Allgemeinen Gesch\u00e4ftsbedingungen, die Datenschutzerkl\u00e4rung und den Haftungsausschluss sowie alle Vereinbarungen: \u201eKunde\u201c, \u201eSie\u201c und \u201eIhr\u201c bezieht sich auf Sie, die Person, die sich auf dieser Website anmeldet und den Bedingungen des Unternehmens zustimmt. \u201eDas Unternehmen\u201c, \u201eWir\u201c, \u201eWir\u201c, \u201eUnser\u201c und \u201eUns\u201c bezieht sich auf unser Unternehmen. \u201ePartei\u201c, \u201eParteien\u201c oder \u201euns\u201c bezieht sich sowohl auf den Kunden als auch auf uns. Alle Begriffe beziehen sich auf das Angebot, die Annahme und die Gegenleistung, die erforderlich sind, um den Prozess unserer Unterst\u00fctzung f\u00fcr den Kunden in der am besten geeigneten Art und Weise zum ausdr\u00fccklichen Zweck der Erf\u00fcllung der Bed\u00fcrfnisse des Kunden in Bezug auf die Bereitstellung der angegebenen Dienstleistungen des Unternehmens in \u00dcbereinstimmung mit und vorbehaltlich des geltenden Rechts in Slowenien durchzuf\u00fchren. Jegliche Verwendung der oben genannten Terminologie oder anderer W\u00f6rter in der Einzahl, Mehrzahl, Gro\u00dfschreibung und\/oder er\/sie oder sie, werden als austauschbar angesehen und beziehen sich daher auf dasselbe.    <\/p><p><strong>Cookies<\/strong><\/p><p>Wir verwenden Cookies. Wenn Sie auf <strong>https:\/\/sky-sprayer.com\/<\/strong> zugreifen <strong>,<\/strong> stimmen Sie der Verwendung von Cookies in \u00dcbereinstimmung mit der Datenschutzrichtlinie von EURO SKY-DALI PACKING, proizvodnja in trgovina.d.o.o. zu. <\/p><p>Die meisten interaktiven Websites verwenden Cookies, damit wir bei jedem Besuch die Daten des Benutzers abrufen k\u00f6nnen. Cookies werden von unserer Website verwendet, um die Funktionalit\u00e4t bestimmter Bereiche zu erm\u00f6glichen und den Besuch unserer Website zu erleichtern. Einige unserer Partner\/Werbepartner verwenden m\u00f6glicherweise ebenfalls Cookies.  <\/p><p><strong>Lizenz<\/strong><\/p><p>Sofern nicht anders angegeben, besitzen EURO SKY-DALI PACKING, proizvodnja in trgovina.d.o.o. und\/oder ihre Lizenzgeber die geistigen Eigentumsrechte f\u00fcr das gesamte Material auf https:\/\/sky-sprayer.com\/. Alle Rechte am geistigen Eigentum sind vorbehalten. Sie k\u00f6nnen f\u00fcr Ihren pers\u00f6nlichen Gebrauch auf https:\/\/sky-sprayer.com\/. zugreifen, wobei die in diesen Bedingungen und Konditionen festgelegten Einschr\u00e4nkungen gelten. <\/p><p><strong>Das d\u00fcrfen Sie nicht:<\/strong><\/p><p>Ver\u00f6ffentlichen Sie Material von https:\/\/sky-sprayer.com\/.<br>Verkauf, Vermietung oder Unterlizenzierung von Material von https:\/\/sky-sprayer.com\/.<br>Reproduzieren, vervielf\u00e4ltigen oder kopieren Sie Material von https:\/\/sky-sprayer.com\/.<br>Verteilen Sie Inhalte von https:\/\/sky-sprayer.com\/ weiter.<\/p><p>Dieser Vertrag beginnt mit dem Datum dieses Vertrages.<\/p><p>Teile dieser Website bieten den Nutzern die M\u00f6glichkeit, in bestimmten Bereichen der Website Meinungen und Informationen zu posten und auszutauschen. EURO SKY-DALI PACKING, proizvodnja in trgovina.d.o.o. filtert, bearbeitet, ver\u00f6ffentlicht oder \u00fcberpr\u00fcft die Kommentare nicht, bevor sie auf der Website erscheinen. Die Kommentare geben nicht die Ansichten und Meinungen von EURO SKY-DALI PACKING, proizvodnja in trgovina.d.o.o., seinen Vertretern und\/oder verbundenen Unternehmen wieder. Kommentare spiegeln die Ansichten und Meinungen der Person wider, die ihre Ansichten und Meinungen gepostet hat. EURO SKY-DALI PACKING, proizvodnja in trgovina.d.o.o. haftet nicht f\u00fcr die Kommentare oder f\u00fcr jegliche Haftung, Sch\u00e4den oder Kosten, die durch die Nutzung und\/oder Ver\u00f6ffentlichung und\/oder das Erscheinen der Kommentare auf dieser Website verursacht und\/oder erlitten werden, soweit dies nach geltendem Recht zul\u00e4ssig ist.    <\/p><p>EURO SKY-DALI PACKING, proizvodnja in trgovina.d.o.o. beh\u00e4lt sich das Recht vor, alle Kommentare zu \u00fcberwachen und alle Kommentare zu entfernen, die als unangemessen oder beleidigend angesehen werden k\u00f6nnen oder die gegen die vorliegenden Bedingungen versto\u00dfen.<\/p><p><strong>Sie garantieren und sichern zu, dass:<\/strong><\/p><p>Sie sind berechtigt, die Kommentare auf unserer Website zu ver\u00f6ffentlichen und verf\u00fcgen \u00fcber alle erforderlichen Lizenzen und Zustimmungen;<br>Die Kommentare verletzen keine Rechte an geistigem Eigentum, insbesondere keine Urheberrechte, Patente oder Marken Dritter;<br>Die Kommentare enthalten kein diffamierendes, verleumderisches, beleidigendes, unanst\u00e4ndiges oder anderweitig rechtswidriges Material, das eine Verletzung der Privatsph\u00e4re darstellt<br>Die Kommentare werden nicht verwendet, um f\u00fcr Gesch\u00e4fte oder Gewohnheiten zu werben oder kommerzielle Aktivit\u00e4ten oder rechtswidrige Aktivit\u00e4ten darzustellen.<\/p><p>Sie gew\u00e4hren EURO SKY-DALI PACKING, proizvodnja in trgovina.d.o.o. hiermit eine nicht-exklusive Lizenz zur Nutzung, Vervielf\u00e4ltigung, Bearbeitung und Autorisierung anderer zur Nutzung, Vervielf\u00e4ltigung und Bearbeitung aller Ihrer Kommentare in allen Formen, Formaten oder Medien.<\/p><p><strong>Verlinkung zu unserem Inhalt<\/strong><\/p><p>Die folgenden Organisationen d\u00fcrfen ohne vorherige schriftliche Genehmigung auf unsere Website verlinken:<\/p><p>Regierungsbeh\u00f6rden;<br>Suchmaschinen;<br>Nachrichtenorganisationen;<br>Online-Verzeichnisverteiler k\u00f6nnen auf unsere Website in der gleichen Weise verlinken, wie sie auf die Websites anderer gelisteter Unternehmen verlinken; und<br>Systemweit akkreditierte Unternehmen mit Ausnahme von gemeinn\u00fctzigen Organisationen, Wohlt\u00e4tigkeits-Einkaufszentren und Wohlt\u00e4tigkeits-Fundraising-Gruppen, die nicht auf unsere Website verlinken d\u00fcrfen.<\/p><p>Diese Organisationen d\u00fcrfen auf unsere Homepage, auf Ver\u00f6ffentlichungen oder auf andere Informationen auf der Website verlinken, solange der Link (a) nicht irref\u00fchrend ist: (a) in keiner Weise irref\u00fchrend ist; (b) nicht f\u00e4lschlicherweise eine F\u00f6rderung, Bef\u00fcrwortung oder Genehmigung der verlinkenden Partei und ihrer Produkte und\/oder Dienstleistungen impliziert; und (c) in den Kontext der Website der verlinkenden Partei passt.   <\/p><p>Wir k\u00f6nnen andere Linkanfragen von den folgenden Arten von Organisationen ber\u00fccksichtigen und genehmigen:<\/p><p>allgemein bekannte Informationsquellen f\u00fcr Verbraucher und\/oder Unternehmen;<br>comcommunity sites;<br>Verb\u00e4nde oder andere Gruppen, die Wohlt\u00e4tigkeitsorganisationen vertreten;<br>online directory distributors;<br>internet portals;<br>accounting, law and consulting firms; and<br>educational institutions and trade associations.<\/p><\/div><\/div><div class=\"vc_empty_space\"> <\/div><\/div><\/div><\/div><div class=\"wpb_column vc_column_container vc_col-sm-6 sc_layouts_column_icons_position_left\"><div class=\"vc_column-inner\"><div class=\"wpb_wrapper\"><div class=\"vc_empty_space\"> <\/div><div class=\"wpb_text_column wpb_content_element \"><div class=\"wpb_wrapper\"><p>Wir werden Linkanfragen von diesen Organisationen genehmigen, wenn wir entscheiden, dass: (a) der Link uns oder unsere akkreditierten Unternehmen nicht in ein schlechtes Licht r\u00fccken w\u00fcrde; (b) die Organisation keine negativen Eintr\u00e4ge bei uns hat; (c) der Nutzen, den wir aus der Sichtbarkeit des Hyperlinks ziehen, die Abwesenheit von EURO SKY-DALI PACKING, proizvodnja in trgovina.d.o.o. ausgleicht; und (d) der Link im Zusammenhang mit allgemeinen Informationen steht.    <\/p><p>Diese Organisationen d\u00fcrfen auf unsere Homepage verlinken, solange der Link: (a) in keiner Weise irref\u00fchrend ist; (b) nicht f\u00e4lschlicherweise eine F\u00f6rderung, Bef\u00fcrwortung oder Genehmigung der verlinkenden Partei und ihrer Produkte oder Dienstleistungen impliziert; und (c) in den Kontext der Website der verlinkenden Partei passt.   <\/p><p>Wenn Sie eine der in Absatz 2 genannten Organisationen sind und an einer Verlinkung zu unserer Website interessiert sind, m\u00fcssen Sie uns dies per E-Mail an info@dali-skygroup.com mitteilen. Bitte f\u00fcgen Sie Ihren Namen, den Namen Ihrer Organisation, Kontaktinformationen sowie die URL Ihrer Website, eine Liste aller URLs, von denen Sie auf unsere Website verlinken m\u00f6chten, und eine Liste der URLs auf unserer Website, auf die Sie verlinken m\u00f6chten, bei. Warten Sie 2-3 Wochen auf eine Antwort.  <\/p><p>Zugelassene Organisationen d\u00fcrfen Hyperlinks zu unserer Website wie folgt setzen:<\/p><p>Durch die Verwendung unseres Firmennamens; oder<br>Durch die Verwendung des Uniform Resource Locators, auf den verlinkt wird; oder<br>Durch die Verwendung einer anderen Beschreibung unserer Website, auf die verlinkt wird, die im Kontext und im Format der Inhalte auf der Website der verlinkenden Partei sinnvoll ist.<\/p><p>Die Verwendung des Logos oder anderer Grafiken von EURO SKY-DALI PACKING, proizvodnja in trgovina.d.o.o. zum Zwecke der Verlinkung ist ohne eine Markenlizenzvereinbarung nicht gestattet.<\/p><p><strong>iFrames<\/strong><\/p><p>Ohne vorherige Genehmigung und schriftliche Zustimmung d\u00fcrfen Sie keine Frames um unsere Webseiten herum erstellen, die die visuelle Darstellung oder das Aussehen unserer Website in irgendeiner Weise ver\u00e4ndern.<\/p><p><strong>Inhalt Haftung<\/strong><\/p><p>Wir sind nicht verantwortlich f\u00fcr Inhalte, die auf Ihrer Website erscheinen. Sie verpflichten sich, uns gegen alle Anspr\u00fcche zu sch\u00fctzen und zu verteidigen, die auf Ihrer Website erhoben werden. Es d\u00fcrfen keine Links auf einer Website erscheinen, die als verleumderisch, obsz\u00f6n oder kriminell ausgelegt werden k\u00f6nnen oder die Rechte Dritter verletzen oder anderweitig gegen sie versto\u00dfen oder die Verletzung oder anderweitige Verletzung von Rechten Dritter bef\u00fcrworten.  <\/p><p><strong>Vorbehalt der Rechte<\/strong><\/p><p>Wir behalten uns das Recht vor, Sie aufzufordern, alle Links oder einen bestimmten Link zu unserer Website zu entfernen. Sie verpflichten sich, alle Links zu unserer Website auf Anfrage unverz\u00fcglich zu entfernen. Wir behalten uns au\u00dferdem das Recht vor, diese Bedingungen und die Linkpolitik jederzeit zu \u00e4ndern. Indem Sie kontinuierlich einen Link zu unserer Website herstellen, erkl\u00e4ren Sie sich damit einverstanden, dass Sie an diese Link-Bedingungen gebunden sind und diese befolgen.   <\/p><p><strong>Entfernung von Links von unserer Website<\/strong><\/p><p>Wenn Sie einen Link auf unserer Website finden, der aus irgendeinem Grund anst\u00f6\u00dfig ist, k\u00f6nnen Sie uns jederzeit kontaktieren und informieren. Wir werden Anfragen zur Entfernung von Links pr\u00fcfen, sind aber nicht verpflichtet, dies zu tun oder Ihnen direkt zu antworten. <\/p><p>Wir gew\u00e4hrleisten nicht, dass die Informationen auf dieser Website korrekt sind, wir garantieren nicht f\u00fcr ihre Vollst\u00e4ndigkeit oder Richtigkeit; wir versprechen auch nicht, dass die Website verf\u00fcgbar bleibt oder dass das Material auf der Website auf dem neuesten Stand gehalten wird.<\/p><p><strong>Haftungsausschluss<\/strong><br>Soweit es das geltende Recht zul\u00e4sst, schlie\u00dfen wir alle Zusicherungen, Garantien und Bedingungen in Bezug auf unsere Website und die Nutzung dieser Website aus. Nichts in diesem Haftungsausschluss wird: <\/p><p>unsere oder Ihre Haftung f\u00fcr Tod oder K\u00f6rperverletzung einschr\u00e4nken oder ausschlie\u00dfen;<br>unsere oder Ihre Haftung f\u00fcr Betrug oder arglistige T\u00e4uschung einschr\u00e4nken oder ausschlie\u00dfen;<br>unsere oder Ihre Haftung auf eine Weise einschr\u00e4nken, die nach geltendem Recht nicht zul\u00e4ssig ist; oder<br>unsere oder Ihre Haftung ausschlie\u00dfen, die nach geltendem Recht nicht ausgeschlossen werden darf.<br>Die in diesem Abschnitt und an anderer Stelle in diesem Haftungsausschluss festgelegten Haftungsbeschr\u00e4nkungen und -verbote: (a) unterliegen dem vorstehenden Absatz; und (b) regeln alle Haftungen, die sich aus dem Haftungsausschluss ergeben, einschlie\u00dflich der Haftungen, die sich aus Vertr\u00e4gen, unerlaubten Handlungen und aus der Verletzung gesetzlicher Pflichten ergeben.<br>Solange die Website und die Informationen und Dienste auf der Website kostenlos zur Verf\u00fcgung gestellt werden, haften wir nicht f\u00fcr Verluste oder Sch\u00e4den jeglicher Art.  <\/p><p><strong>Au\u00dfergerichtliche Beilegung von Verbraucherrechtsstreitigkeiten<\/strong><\/p><p>Das Unternehmen EURO SKY-DALI PACKING, proizvodnja in trgovina.d.o.o. erkennt im Einklang mit den gesetzlichen Normen keinen Vollstrecker der au\u00dfergerichtlichen Beilegung von Verbraucherstreitigkeiten als zust\u00e4ndig f\u00fcr die Beilegung von Verbraucherstreitigkeiten an, die der Verbraucher im Einklang mit dem Gesetz \u00fcber die au\u00dfergerichtliche Beilegung von Verbraucherstreitigkeiten einleiten k\u00f6nnte. Das Unternehmen EURO SKY-DALI PACKING, proizvodnja in trgovina.d.o.o. als Anbieter von Waren und Dienstleistungen ver\u00f6ffentlicht auf seiner Website einen elektronischen Link zur Online-Streitbeilegungsplattform f\u00fcr Verbraucher (ODRP). Die Plattform steht den Verbrauchern \u00fcber den elektronischen Link http:\/\/ec.europa.eu\/odr zur Verf\u00fcgung. Die vorstehende Regelung st\u00fctzt sich auf das Gesetz \u00fcber die au\u00dfergerichtliche Beilegung von Verbraucherstreitigkeiten, die Verordnung (EU) Nr. 524\/2013 des Europ\u00e4ischen Parlaments und des Rates \u00fcber die Online-Beilegung verbraucherrechtlicher Streitigkeiten und zur \u00c4nderung der Verordnung (EG) Nr. 2016\/2004 sowie die Richtlinie  <\/p><\/div><\/div><\/div><\/div><\/div>\t\t\t\t\t\t\t\t<\/div>\n\t\t\t\t<\/div>\n\t\t\t\t\t<\/div>\n\t\t<\/div>\n\t\t\t\t\t<\/div>\n\t\t<\/section>\n\t\t\t\t<\/div>\n\t\t","protected":false},"excerpt":{"rendered":"<p>Bedingungen und Konditionen Bedingungen und Konditionen Willkommen bei https:\/\/sky-sprayer.com\/! Diese Allgemeinen Gesch\u00e4ftsbedingungen beschreiben die Regeln und Vorschriften f\u00fcr die Nutzung von EURO SKY-DALI PACKING, proizvodnja&#8230;<\/p>\n","protected":false},"author":2,"featured_media":0,"parent":0,"menu_order":0,"comment_status":"closed","ping_status":"closed","template":"","meta":{"footnotes":""},"class_list":["post-10738","page","type-page","status-publish","hentry"],"_links":{"self":[{"href":"https:\/\/sky-sprayer.com\/de\/wp-json\/wp\/v2\/pages\/10738","targetHints":{"allow":["GET"]}}],"collection":[{"href":"https:\/\/sky-sprayer.com\/de\/wp-json\/wp\/v2\/pages"}],"about":[{"href":"https:\/\/sky-sprayer.com\/de\/wp-json\/wp\/v2\/types\/page"}],"author":[{"embeddable":true,"href":"https:\/\/sky-sprayer.com\/de\/wp-json\/wp\/v2\/users\/2"}],"replies":[{"embeddable":true,"href":"https:\/\/sky-sprayer.com\/de\/wp-json\/wp\/v2\/comments?post=10738"}],"version-history":[{"count":0,"href":"https:\/\/sky-sprayer.com\/de\/wp-json\/wp\/v2\/pages\/10738\/revisions"}],"wp:attachment":[{"href":"https:\/\/sky-sprayer.com\/de\/wp-json\/wp\/v2\/media?parent=10738"}],"curies":[{"name":"wp","href":"https:\/\/api.w.org\/{rel}","templated":true}]}}