{"id":10731,"date":"2025-05-18T03:37:05","date_gmt":"2025-05-18T03:37:05","guid":{"rendered":"https:\/\/www.sky-sprayer.com\/impressum\/"},"modified":"2025-06-22T00:33:28","modified_gmt":"2025-06-22T00:33:28","slug":"impressum","status":"publish","type":"page","link":"https:\/\/sky-sprayer.com\/de\/impressum\/","title":{"rendered":"Impressum"},"content":{"rendered":"\t\t<div data-elementor-type=\"wp-page\" data-elementor-id=\"10731\" class=\"elementor elementor-10731 elementor-2444\" data-elementor-post-type=\"page\">\n\t\t\t\t\t\t<section class=\"elementor-section elementor-top-section elementor-element elementor-element-ab2849c elementor-section-stretched elementor-section-boxed elementor-section-height-default elementor-section-height-default\" data-id=\"ab2849c\" data-element_type=\"section\" data-e-type=\"section\" data-settings=\"{&quot;stretch_section&quot;:&quot;section-stretched&quot;,&quot;background_background&quot;:&quot;classic&quot;}\">\n\t\t\t\t\t\t<div class=\"elementor-container elementor-column-gap-no\">\n\t\t\t\t\t<div class=\"elementor-column elementor-col-100 elementor-top-column elementor-element elementor-element-74316a8\" data-id=\"74316a8\" data-element_type=\"column\" data-e-type=\"column\">\n\t\t\t<div class=\"elementor-widget-wrap elementor-element-populated\">\n\t\t\t\t\t\t<div class=\"elementor-element elementor-element-d745c5c elementor-widget elementor-widget-heading\" data-id=\"d745c5c\" data-element_type=\"widget\" data-e-type=\"widget\" data-widget_type=\"heading.default\">\n\t\t\t\t<div class=\"elementor-widget-container\">\n\t\t\t\t\t<h2 class=\"elementor-heading-title elementor-size-default\">Impressum<\/h2>\t\t\t\t<\/div>\n\t\t\t\t<\/div>\n\t\t\t\t\t<\/div>\n\t\t<\/div>\n\t\t\t\t\t<\/div>\n\t\t<\/section>\n\t\t\t\t<section class=\"elementor-section elementor-top-section elementor-element elementor-element-af76453 elementor-section-content-middle elementor-section-boxed elementor-section-height-default elementor-section-height-default\" data-id=\"af76453\" data-element_type=\"section\" data-e-type=\"section\">\n\t\t\t\t\t\t<div class=\"elementor-container elementor-column-gap-custom\">\n\t\t\t\t\t<div class=\"elementor-column elementor-col-100 elementor-top-column elementor-element elementor-element-9189682\" data-id=\"9189682\" data-element_type=\"column\" data-e-type=\"column\">\n\t\t\t<div class=\"elementor-widget-wrap elementor-element-populated\">\n\t\t\t\t\t\t<div class=\"elementor-element elementor-element-36e190f elementor-widget elementor-widget-heading\" data-id=\"36e190f\" data-element_type=\"widget\" data-e-type=\"widget\" data-widget_type=\"heading.default\">\n\t\t\t\t<div class=\"elementor-widget-container\">\n\t\t\t\t\t<h2 class=\"elementor-heading-title elementor-size-default\">Impressum<\/h2>\t\t\t\t<\/div>\n\t\t\t\t<\/div>\n\t\t\t\t\t<\/div>\n\t\t<\/div>\n\t\t\t\t\t<\/div>\n\t\t<\/section>\n\t\t\t\t<section class=\"elementor-section elementor-top-section elementor-element elementor-element-981e643 elementor-section-boxed elementor-section-height-default elementor-section-height-default\" data-id=\"981e643\" data-element_type=\"section\" data-e-type=\"section\">\n\t\t\t\t\t\t<div class=\"elementor-container elementor-column-gap-custom\">\n\t\t\t\t\t<div class=\"elementor-column elementor-col-100 elementor-top-column elementor-element elementor-element-aea9252\" data-id=\"aea9252\" data-element_type=\"column\" data-e-type=\"column\">\n\t\t\t<div class=\"elementor-widget-wrap elementor-element-populated\">\n\t\t\t\t\t\t<div class=\"elementor-element elementor-element-f2f444e elementor-widget elementor-widget-text-editor\" data-id=\"f2f444e\" data-element_type=\"widget\" data-e-type=\"widget\" data-widget_type=\"text-editor.default\">\n\t\t\t\t<div class=\"elementor-widget-container\">\n\t\t\t\t\t\t\t\t\t<p>Name des Unternehmens: EURO SKY-DALI PACKING, proizvodnja in trgovina.d.o.o.<br \/>Eingetragene Gesch\u00e4ftsadresse: Zagrad 84, 3000 Celje<br \/>E-Mail: info@dali-skygroup.com<br \/>Website: https:\/\/sky-sprayer.com\/<\/p><p>Website-Entwicklung<br \/>Die Website wurde von uns in Zusammenarbeit mit einem Webdienstleister entwickelt.<\/p><p>Zweck der Website<br \/>Die Informationen auf dieser Website dienen der Pr\u00e4sentation der eingetragenen Kernaktivit\u00e4ten des Unternehmens. Wir versichern, dass die Informationen auf dieser Website wahrheitsgetreu, zuverl\u00e4ssig und von hoher Qualit\u00e4t sind.<br \/>Wir sind nicht verantwortlich f\u00fcr etwaige Druckfehler und behalten uns das Recht vor, den Inhalt jederzeit ohne vorherige Ank\u00fcndigung zu \u00e4ndern, wenn er nicht mit unserer Unternehmenspolitik \u00fcbereinstimmt.<\/p><p>Nutzungsrechte<br \/>Diese Website und ihr gesamter Inhalt sind durch gewerbliche und geistige Eigentumsrechte gesch\u00fctzt. Alle Informationen, Texte, Bilder oder andere grafische Elemente auf dieser Website d\u00fcrfen nur f\u00fcr pers\u00f6nliche, nicht-kommerzielle Zwecke verwendet werden. Sie d\u00fcrfen ohne vorherige schriftliche Genehmigung des Administrators weder ganz noch teilweise f\u00fcr andere Zwecke als die Betrachtung vervielf\u00e4ltigt, ver\u00e4ndert, verteilt, lizenziert oder ver\u00f6ffentlicht werden.<\/p><p>Haftungsausschluss<br \/>Wir bem\u00fchen uns, die Richtigkeit und Aktualit\u00e4t der Informationen auf dieser Website zu gew\u00e4hrleisten. Wir \u00fcbernehmen jedoch keine Garantie f\u00fcr ihre Richtigkeit oder Vollst\u00e4ndigkeit und haften nicht f\u00fcr Probleme, die sich aus ihrer Nutzung ergeben. Alle Nutzer verwenden die ver\u00f6ffentlichten Inhalte auf eigenes Risiko.<br \/>Wir behalten uns das Recht vor, den Inhalt unserer Website jederzeit, auf beliebige Weise, aus beliebigen Gr\u00fcnden und ohne vorherige Ank\u00fcndigung zu \u00e4ndern.<\/p><p>Technologische Implementierung<br \/>Die technologische Implementierung wurde von einer Programmier- und Designagentur in Zusammenarbeit mit unserem Unternehmen durchgef\u00fchrt.<\/p>\t\t\t\t\t\t\t\t<\/div>\n\t\t\t\t<\/div>\n\t\t\t\t\t<\/div>\n\t\t<\/div>\n\t\t\t\t\t<\/div>\n\t\t<\/section>\n\t\t\t\t<\/div>\n\t\t","protected":false},"excerpt":{"rendered":"<p>Impressum Impressum Name des Unternehmens: EURO SKY-DALI PACKING, proizvodnja in trgovina.d.o.o.Eingetragene Gesch\u00e4ftsadresse: Zagrad 84, 3000 CeljeE-Mail: info@dali-skygroup.comWebsite: https:\/\/sky-sprayer.com\/ Website-EntwicklungDie Website wurde von uns in Zusammenarbeit&#8230;<\/p>\n","protected":false},"author":2,"featured_media":0,"parent":0,"menu_order":0,"comment_status":"closed","ping_status":"closed","template":"","meta":{"footnotes":""},"class_list":["post-10731","page","type-page","status-publish","hentry"],"_links":{"self":[{"href":"https:\/\/sky-sprayer.com\/de\/wp-json\/wp\/v2\/pages\/10731","targetHints":{"allow":["GET"]}}],"collection":[{"href":"https:\/\/sky-sprayer.com\/de\/wp-json\/wp\/v2\/pages"}],"about":[{"href":"https:\/\/sky-sprayer.com\/de\/wp-json\/wp\/v2\/types\/page"}],"author":[{"embeddable":true,"href":"https:\/\/sky-sprayer.com\/de\/wp-json\/wp\/v2\/users\/2"}],"replies":[{"embeddable":true,"href":"https:\/\/sky-sprayer.com\/de\/wp-json\/wp\/v2\/comments?post=10731"}],"version-history":[{"count":0,"href":"https:\/\/sky-sprayer.com\/de\/wp-json\/wp\/v2\/pages\/10731\/revisions"}],"wp:attachment":[{"href":"https:\/\/sky-sprayer.com\/de\/wp-json\/wp\/v2\/media?parent=10731"}],"curies":[{"name":"wp","href":"https:\/\/api.w.org\/{rel}","templated":true}]}}