{"id":10702,"date":"2025-05-18T03:48:33","date_gmt":"2025-05-18T03:48:33","guid":{"rendered":"https:\/\/www.sky-sprayer.com\/datenschutzbestimmungen\/"},"modified":"2025-06-06T02:27:04","modified_gmt":"2025-06-06T02:27:04","slug":"datenschutzbestimmungen","status":"publish","type":"page","link":"https:\/\/sky-sprayer.com\/de\/datenschutzbestimmungen\/","title":{"rendered":"Datenschutzbestimmungen"},"content":{"rendered":"\t\t<div data-elementor-type=\"wp-page\" data-elementor-id=\"10702\" class=\"elementor elementor-10702 elementor-2456\" data-elementor-post-type=\"page\">\n\t\t\t\t\t\t<section class=\"elementor-section elementor-top-section elementor-element elementor-element-ab2849c elementor-section-stretched elementor-section-boxed elementor-section-height-default elementor-section-height-default\" data-id=\"ab2849c\" data-element_type=\"section\" data-e-type=\"section\" data-settings=\"{&quot;stretch_section&quot;:&quot;section-stretched&quot;,&quot;background_background&quot;:&quot;classic&quot;}\">\n\t\t\t\t\t\t<div class=\"elementor-container elementor-column-gap-no\">\n\t\t\t\t\t<div class=\"elementor-column elementor-col-100 elementor-top-column elementor-element elementor-element-74316a8\" data-id=\"74316a8\" data-element_type=\"column\" data-e-type=\"column\">\n\t\t\t<div class=\"elementor-widget-wrap elementor-element-populated\">\n\t\t\t\t\t\t<div class=\"elementor-element elementor-element-d745c5c elementor-widget elementor-widget-heading\" data-id=\"d745c5c\" data-element_type=\"widget\" data-e-type=\"widget\" data-widget_type=\"heading.default\">\n\t\t\t\t<div class=\"elementor-widget-container\">\n\t\t\t\t\t<h2 class=\"elementor-heading-title elementor-size-default\">Datenschutzbestimmungen<\/h2>\t\t\t\t<\/div>\n\t\t\t\t<\/div>\n\t\t\t\t\t<\/div>\n\t\t<\/div>\n\t\t\t\t\t<\/div>\n\t\t<\/section>\n\t\t\t\t<section class=\"elementor-section elementor-top-section elementor-element elementor-element-af76453 elementor-section-content-middle elementor-section-boxed elementor-section-height-default elementor-section-height-default\" data-id=\"af76453\" data-element_type=\"section\" data-e-type=\"section\">\n\t\t\t\t\t\t<div class=\"elementor-container elementor-column-gap-custom\">\n\t\t\t\t\t<div class=\"elementor-column elementor-col-100 elementor-top-column elementor-element elementor-element-9189682\" data-id=\"9189682\" data-element_type=\"column\" data-e-type=\"column\">\n\t\t\t<div class=\"elementor-widget-wrap elementor-element-populated\">\n\t\t\t\t\t\t<div class=\"elementor-element elementor-element-36e190f elementor-widget elementor-widget-heading\" data-id=\"36e190f\" data-element_type=\"widget\" data-e-type=\"widget\" data-widget_type=\"heading.default\">\n\t\t\t\t<div class=\"elementor-widget-container\">\n\t\t\t\t\t<h2 class=\"elementor-heading-title elementor-size-default\">Datenschutzbestimmungen<\/h2>\t\t\t\t<\/div>\n\t\t\t\t<\/div>\n\t\t\t\t\t<\/div>\n\t\t<\/div>\n\t\t\t\t\t<\/div>\n\t\t<\/section>\n\t\t\t\t<section class=\"elementor-section elementor-top-section elementor-element elementor-element-981e643 elementor-section-boxed elementor-section-height-default elementor-section-height-default\" data-id=\"981e643\" data-element_type=\"section\" data-e-type=\"section\">\n\t\t\t\t\t\t<div class=\"elementor-container elementor-column-gap-custom\">\n\t\t\t\t\t<div class=\"elementor-column elementor-col-100 elementor-top-column elementor-element elementor-element-aea9252\" data-id=\"aea9252\" data-element_type=\"column\" data-e-type=\"column\">\n\t\t\t<div class=\"elementor-widget-wrap elementor-element-populated\">\n\t\t\t\t\t\t<div class=\"elementor-element elementor-element-f2f444e elementor-widget elementor-widget-text-editor\" data-id=\"f2f444e\" data-element_type=\"widget\" data-e-type=\"widget\" data-widget_type=\"text-editor.default\">\n\t\t\t\t<div class=\"elementor-widget-container\">\n\t\t\t\t\t\t\t\t\t<p>Wer wir sind<\/p><p>Unsere Website-Adresse lautet: https:\/\/sky-sprayer.com\/<\/p><p>Welche pers\u00f6nlichen Daten wir sammeln und warum wir sie sammeln<br>Kommentare<br>Wenn Besucher auf der Website Kommentare hinterlassen, sammeln wir die Daten, die im Kommentarformular angezeigt werden, sowie die IP-Adresse des Besuchers und den User-Agent-String des Browsers, um die Spam-Erkennung zu unterst\u00fctzen.<\/p><p>Eine anonymisierte Zeichenfolge, die aus Ihrer E-Mail-Adresse erstellt wird (auch Hash genannt), kann dem Gravatar-Dienst zur Verf\u00fcgung gestellt werden, um zu sehen, ob Sie ihn verwenden. Die Datenschutzbestimmungen des Gravatar-Dienstes finden Sie hier: https:\/\/sky-sprayer.com\/. Nach der Genehmigung Ihres Kommentars ist Ihr Profilbild im Zusammenhang mit Ihrem Kommentar \u00f6ffentlich sichtbar.<\/p><p>Medien<br>Wenn Sie Bilder auf die Website hochladen, sollten Sie es vermeiden, Bilder hochzuladen, die eingebettete Standortdaten (EXIF-GPS) enthalten. Besucher der Website k\u00f6nnen alle Standortdaten von Bildern auf der Website herunterladen und extrahieren.<\/p><p>Kontaktformulare<br>Cookies<br>Wenn Sie auf unserer Website einen Kommentar hinterlassen, k\u00f6nnen Sie der Speicherung Ihres Namens, Ihrer E-Mail-Adresse und Ihrer Website in Cookies zustimmen. Diese sind zu Ihrer Bequemlichkeit, damit Sie Ihre Daten nicht erneut eingeben m\u00fcssen, wenn Sie einen weiteren Kommentar hinterlassen. Diese Kekse sind ein Jahr lang haltbar.<\/p><p>Wenn Sie unsere Anmeldeseite besuchen, setzen wir ein tempor\u00e4res Cookie, um festzustellen, ob Ihr Browser Cookies zul\u00e4sst. Dieses Cookie enth\u00e4lt keine pers\u00f6nlichen Daten und wird verworfen, wenn Sie Ihren Browser schlie\u00dfen.<\/p><p>Wenn Sie sich anmelden, legen wir au\u00dferdem mehrere Cookies an, um Ihre Anmeldeinformationen und die Auswahl Ihrer Bildschirmdarstellung zu speichern. Login-Cookies sind zwei Tage lang g\u00fcltig, und Cookies f\u00fcr Bildschirmoptionen sind ein Jahr lang g\u00fcltig. Wenn Sie \u201eAngemeldet bleiben\u201c w\u00e4hlen, bleibt Ihr Login zwei Wochen lang erhalten. Wenn Sie sich von Ihrem Konto abmelden, werden die Anmelde-Cookies entfernt.<\/p><p>Wenn Sie einen Artikel bearbeiten oder ver\u00f6ffentlichen, wird ein zus\u00e4tzliches Cookie in Ihrem Browser gespeichert. Dieses Cookie enth\u00e4lt keine pers\u00f6nlichen Daten und zeigt lediglich die Post-ID des Artikels an, den Sie gerade bearbeitet haben. Er verf\u00e4llt nach 1 Tag.<\/p><p>Eingebettete Inhalte von anderen Websites<br>Artikel auf dieser Website k\u00f6nnen eingebettete Inhalte (z.B. Videos, Bilder, Artikel usw.) enthalten. Eingebettete Inhalte von anderen Websites verhalten sich genau so, als ob der Besucher die andere Website besucht h\u00e4tte.<\/p><p>Diese Websites k\u00f6nnen Daten \u00fcber Sie sammeln, Cookies verwenden, zus\u00e4tzliche Trackingfunktionen von Drittanbietern einbetten und Ihre Interaktion mit diesen eingebetteten Inhalten \u00fcberwachen, einschlie\u00dflich der Verfolgung Ihrer Interaktion mit den eingebetteten Inhalten, wenn Sie ein Konto haben und auf dieser Website angemeldet sind.<\/p><p>Analytics<br>An wen wir Ihre Daten weitergeben<br>Wenn Sie eine Passwortr\u00fccksetzung anfordern, wird Ihre IP-Adresse in der R\u00fccksetzungs-E-Mail enthalten sein.<\/p><p>Wie lange wir Ihre Daten aufbewahren<br>Wenn Sie einen Kommentar hinterlassen, werden der Kommentar und seine Metadaten auf unbestimmte Zeit gespeichert. Auf diese Weise k\u00f6nnen wir Folgekommentare automatisch erkennen und genehmigen, anstatt sie in einer Moderationswarteschlange zu halten.<\/p><p>F\u00fcr Benutzer, die sich auf unserer Website registrieren (falls vorhanden), speichern wir auch die pers\u00f6nlichen Daten, die sie in ihrem Benutzerprofil angeben. Alle Benutzer k\u00f6nnen ihre pers\u00f6nlichen Daten jederzeit einsehen, bearbeiten oder l\u00f6schen (au\u00dfer sie k\u00f6nnen ihren Benutzernamen nicht \u00e4ndern). Website-Administratoren k\u00f6nnen diese Informationen ebenfalls sehen und bearbeiten.<\/p><p>Welche Rechte Sie in Bezug auf Ihre Daten haben<br>Wenn Sie ein Konto auf dieser Website haben oder Kommentare hinterlassen haben, k\u00f6nnen Sie eine exportierte Datei der pers\u00f6nlichen Daten anfordern, die wir \u00fcber Sie gespeichert haben, einschlie\u00dflich aller Daten, die Sie uns zur Verf\u00fcgung gestellt haben. Sie k\u00f6nnen auch verlangen, dass wir alle pers\u00f6nlichen Daten, die wir \u00fcber Sie gespeichert haben, l\u00f6schen. Dies gilt nicht f\u00fcr Daten, die wir aus administrativen, rechtlichen oder Sicherheitsgr\u00fcnden aufbewahren m\u00fcssen.<\/p><p>Wohin wir Ihre Daten senden<br>Besucher-Kommentare k\u00f6nnen durch einen automatischen Spam-Erkennungsdienst \u00fcberpr\u00fcft werden.<\/p><p>15.5.2025, 1.0<\/p>\t\t\t\t\t\t\t\t<\/div>\n\t\t\t\t<\/div>\n\t\t\t\t\t<\/div>\n\t\t<\/div>\n\t\t\t\t\t<\/div>\n\t\t<\/section>\n\t\t\t\t<\/div>\n\t\t","protected":false},"excerpt":{"rendered":"<p>Datenschutzbestimmungen Datenschutzbestimmungen Wer wir sind Unsere Website-Adresse lautet: https:\/\/sky-sprayer.com\/ Welche pers\u00f6nlichen Daten wir sammeln und warum wir sie sammelnKommentareWenn Besucher auf der Website Kommentare hinterlassen,&#8230;<\/p>\n","protected":false},"author":2,"featured_media":0,"parent":0,"menu_order":0,"comment_status":"closed","ping_status":"closed","template":"","meta":{"footnotes":""},"class_list":["post-10702","page","type-page","status-publish","hentry"],"_links":{"self":[{"href":"https:\/\/sky-sprayer.com\/de\/wp-json\/wp\/v2\/pages\/10702","targetHints":{"allow":["GET"]}}],"collection":[{"href":"https:\/\/sky-sprayer.com\/de\/wp-json\/wp\/v2\/pages"}],"about":[{"href":"https:\/\/sky-sprayer.com\/de\/wp-json\/wp\/v2\/types\/page"}],"author":[{"embeddable":true,"href":"https:\/\/sky-sprayer.com\/de\/wp-json\/wp\/v2\/users\/2"}],"replies":[{"embeddable":true,"href":"https:\/\/sky-sprayer.com\/de\/wp-json\/wp\/v2\/comments?post=10702"}],"version-history":[{"count":0,"href":"https:\/\/sky-sprayer.com\/de\/wp-json\/wp\/v2\/pages\/10702\/revisions"}],"wp:attachment":[{"href":"https:\/\/sky-sprayer.com\/de\/wp-json\/wp\/v2\/media?parent=10702"}],"curies":[{"name":"wp","href":"https:\/\/api.w.org\/{rel}","templated":true}]}}